{"id":51102,"date":"2024-12-18T11:12:20","date_gmt":"2024-12-18T11:12:20","guid":{"rendered":"https:\/\/ruumistruumi.ee\/pood\/soogilaud-armando-naturaalne-tamm\/"},"modified":"2025-08-20T21:49:52","modified_gmt":"2025-08-20T21:49:52","slug":"soogilaud-armando-naturaalne-tamm","status":"publish","type":"product","link":"https:\/\/blankpage.ee\/_ruumist-ruumi\/pood\/soogilaud-armando-naturaalne-tamm\/","title":{"rendered":"S\u00f6\u00f6gilaud Armando, naturaalne tamm"},"content":{"rendered":"<h2>Puust s\u00f6\u00f6gilaud Armando: naturaalne tamme elegants<\/h2>\n<p>Tutvustame puust s\u00f6\u00f6gilauda Armando, mis on kaunilt meisterdatud ning toob teie s\u00f6\u00f6giruumi harmoonilise \u00f5hkkonna oma \u00fcmarate servade ja naturaalse tamme viimistlusega. Tal on ette n\u00e4htud v\u00f5imalus pikendusplaatide lisamiseks, muutes selle mitmek\u00fclgseks valikuks nii igap\u00e4evaseks kasutamiseks kui ka pidulikeks s\u00fcndmusteks.<\/p>\n<h4>Mugavuse ja stiili jaoks loodud<\/h4>\n<p>Valmistatud valge pigmenteeritud \u00f5litatud tammest, pakub s\u00f6\u00f6gilaud Armando mitte ainult loomulikku ja kutsuvat ilmet, vaid ka vastupidavust ja lihtsat hooldust. \u00dcmarad servad suurendavad ohutust ja mugavust, t\u00f5stes laua \u00fcldist atraktiivsust.<\/p>\n<h4>Mitmek\u00fclgne ja funktsionaalne<\/h4>\n<p>See laud mahutab mugavalt kuni 8 inimest, pakkudes lauaplaadi all 66 cm vaba k\u00f5rgust, et erinevad toolid saaksid h\u00f5lpsasti paigutuda. Laual on kerge pikendusplaatide lisamise v\u00f5imalus, mis v\u00f5imaldab seda sujuvalt laiendada, kui lisanduvad k\u00fclalised.<\/p>\n<h4>Omadused<\/h4>\n<ul>\n<li>Valmistatud kvaliteetsest valge pigmenteeritud \u00f5litatud tammest<\/li>\n<li>Siledad \u00fcmarad servad harmoonilise esteetika saavutamiseks<\/li>\n<li>Mahutab mugavalt kuni 8 inimest, laieneb pikendusplaatidega<\/li>\n<li>66 cm vaba k\u00f5rgus lauaplaadi all tagab rohkesti jalaruumi<\/li>\n<li>Lihtne integreerida pikendusplaate suurema mitmek\u00fclgsuse saavutamiseks<\/li>\n<\/ul>\n","protected":false},"excerpt":{"rendered":"<p>Puust s\u00f6\u00f6gilaud Armando: naturaalne tamme elegants Tutvustame puust s\u00f6\u00f6gilauda Armando, mis on kaunilt meisterdatud ning toob teie s\u00f6\u00f6giruumi harmoonilise \u00f5hkkonna oma \u00fcmarate servade ja naturaalse tamme viimistlusega. Tal on ette n\u00e4htud v\u00f5imalus pikendusplaatide lisamiseks, muutes selle mitmek\u00fclgseks valikuks nii igap\u00e4evaseks kasutamiseks kui ka pidulikeks s\u00fcndmusteks. Mugavuse ja stiili jaoks loodud Valmistatud valge pigmenteeritud \u00f5litatud tammest, [&hellip;]<\/p>\n","protected":false},"featured_media":51103,"comment_status":"closed","ping_status":"open","template":"","meta":[],"product_brand":[],"product_cat":[93],"product_tag":[],"class_list":{"0":"post-51102","1":"product","2":"type-product","3":"status-publish","4":"has-post-thumbnail","6":"product_cat-soogilauad","7":"product_shipping_class-furnicher","8":"pa_istekohtade-arv-kuni-6","9":"pa_kollektsioon-armando","10":"pa_laua-korgus-1190","11":"pa_laua-pikkus-1187","12":"pa_materjal-puit","13":"pa_varv-naturaalne","15":"first","16":"instock","17":"sale","18":"taxable","19":"shipping-taxable","20":"purchasable","21":"product-type-simple"},"_links":{"self":[{"href":"https:\/\/blankpage.ee\/_ruumist-ruumi\/wp-json\/wp\/v2\/product\/51102","targetHints":{"allow":["GET"]}}],"collection":[{"href":"https:\/\/blankpage.ee\/_ruumist-ruumi\/wp-json\/wp\/v2\/product"}],"about":[{"href":"https:\/\/blankpage.ee\/_ruumist-ruumi\/wp-json\/wp\/v2\/types\/product"}],"replies":[{"embeddable":true,"href":"https:\/\/blankpage.ee\/_ruumist-ruumi\/wp-json\/wp\/v2\/comments?post=51102"}],"wp:featuredmedia":[{"embeddable":true,"href":"https:\/\/blankpage.ee\/_ruumist-ruumi\/wp-json\/wp\/v2\/media\/51103"}],"wp:attachment":[{"href":"https:\/\/blankpage.ee\/_ruumist-ruumi\/wp-json\/wp\/v2\/media?parent=51102"}],"wp:term":[{"taxonomy":"product_brand","embeddable":true,"href":"https:\/\/blankpage.ee\/_ruumist-ruumi\/wp-json\/wp\/v2\/product_brand?post=51102"},{"taxonomy":"product_cat","embeddable":true,"href":"https:\/\/blankpage.ee\/_ruumist-ruumi\/wp-json\/wp\/v2\/product_cat?post=51102"},{"taxonomy":"product_tag","embeddable":true,"href":"https:\/\/blankpage.ee\/_ruumist-ruumi\/wp-json\/wp\/v2\/product_tag?post=51102"}],"curies":[{"name":"wp","href":"https:\/\/api.w.org\/{rel}","templated":true}]}}