{"id":51109,"date":"2024-12-18T11:12:20","date_gmt":"2024-12-18T11:12:20","guid":{"rendered":"https:\/\/ruumistruumi.ee\/pood\/ummargune-soogilaud-avena-must-puit\/"},"modified":"2025-08-20T21:49:54","modified_gmt":"2025-08-20T21:49:54","slug":"ummargune-soogilaud-avena-must-puit","status":"publish","type":"product","link":"https:\/\/blankpage.ee\/_ruumist-ruumi\/pood\/ummargune-soogilaud-avena-must-puit\/","title":{"rendered":"\u00dcmmargune s\u00f6\u00f6gilaud Avena, must puit"},"content":{"rendered":"<h2>\u00dcmmargune s\u00f6\u00f6gilaud Avena, must puit, soonikuga jalg ja messingist aktsendid \u2013 Modernne elegantsus Japandi inspiratsiooniga<\/h2>\n<p>\u00dcmmargune s\u00f6\u00f6gilaud Avena toob iga s\u00f6\u00f6giruumi rafineeritud stiili oma Japandi-stiilis \u00fcmmarguse disaini ja rikkaliku musta puidu viimistlusega. Soonikuga jala detail ja messingist alus t\u00f5stavad laua elegantsi, luues keskse elemendi, mis mahutab mugavalt kuni 6 inimest, sobides ideaalselt pere\u00f5htus\u00f6\u00f6kideks ja koosviibimisteks.<\/p>\n<h4>Eritunnusega Japandi stiil messingist aktsentidega<\/h4>\n<p>See laud on loodud v\u00e4ljendama Japandi esteetikat, \u00fchendades sujuva \u00fcmmarguse lauaplaadi skulpturaalse soonikuga jala ja messingist aktsendiga alusega. Selle harmooniline tekstuuride ja materjalide segu t\u00e4iustab nii kaasaegset kui ka klassikalist interj\u00f6\u00f6ri, lisades teie s\u00f6\u00f6giruumi kunstilisuse ja ajatu elegantsuse tunde.<\/p>\n<h4>Valmistatud vastupidavuse ja ainulaadsuse jaoks<\/h4>\n<p>Avena laud on valmistatud kvaliteetsest ja \u00f6koloogilisest mangopuidust, olles loodud vastupidavust silmas pidades. Iga laud on hoolikalt k\u00e4sitsi viimistletud, et esile tuua puidu loomulikud variatsioonid, tagades unikaalse v\u00e4limuse ja tunde. See tugev konstruktsioon teeb sellest suurep\u00e4rase valiku nii igap\u00e4evaseks s\u00f6\u00f6miseks kui ka erilisteks s\u00fcndmusteks.<\/p>\n<h4>Omadused<\/h4>\n<ul>\n<li>Kaasaegne \u00fcmmargune laud Japandi disainist inspireerituna<\/li>\n<li>Soonikuga jalg messingist aktsentidega lisab elegantsi<\/li>\n<li>K\u00e4sitsi viimistletud kvaliteetses mustas mangopuidus<\/li>\n<li>Mahutab mugavalt kuni 6 inimest<\/li>\n<li>Ideaalne stiili, vastupidavuse ja funktsionaalsuse kombinatsioon<\/li>\n<\/ul>\n","protected":false},"excerpt":{"rendered":"<p>\u00dcmmargune s\u00f6\u00f6gilaud Avena, must puit, soonikuga jalg ja messingist aktsendid \u2013 Modernne elegantsus Japandi inspiratsiooniga \u00dcmmargune s\u00f6\u00f6gilaud Avena toob iga s\u00f6\u00f6giruumi rafineeritud stiili oma Japandi-stiilis \u00fcmmarguse disaini ja rikkaliku musta puidu viimistlusega. Soonikuga jala detail ja messingist alus t\u00f5stavad laua elegantsi, luues keskse elemendi, mis mahutab mugavalt kuni 6 inimest, sobides ideaalselt pere\u00f5htus\u00f6\u00f6kideks ja koosviibimisteks. [&hellip;]<\/p>\n","protected":false},"featured_media":51110,"comment_status":"closed","ping_status":"open","template":"","meta":[],"product_brand":[],"product_cat":[93],"product_tag":[],"class_list":{"0":"post-51109","1":"product","2":"type-product","3":"status-publish","4":"has-post-thumbnail","6":"product_cat-soogilauad","7":"product_shipping_class-furnicher","8":"pa_istekohtade-arv-kuni-6","9":"pa_kollektsioon-avena","10":"pa_laua-korgus-1188","11":"pa_laua-pikkus-1191","12":"pa_materjal-puit","13":"pa_varv-must","15":"first","16":"outofstock","17":"sale","18":"taxable","19":"shipping-taxable","20":"purchasable","21":"product-type-simple"},"_links":{"self":[{"href":"https:\/\/blankpage.ee\/_ruumist-ruumi\/wp-json\/wp\/v2\/product\/51109","targetHints":{"allow":["GET"]}}],"collection":[{"href":"https:\/\/blankpage.ee\/_ruumist-ruumi\/wp-json\/wp\/v2\/product"}],"about":[{"href":"https:\/\/blankpage.ee\/_ruumist-ruumi\/wp-json\/wp\/v2\/types\/product"}],"replies":[{"embeddable":true,"href":"https:\/\/blankpage.ee\/_ruumist-ruumi\/wp-json\/wp\/v2\/comments?post=51109"}],"wp:featuredmedia":[{"embeddable":true,"href":"https:\/\/blankpage.ee\/_ruumist-ruumi\/wp-json\/wp\/v2\/media\/51110"}],"wp:attachment":[{"href":"https:\/\/blankpage.ee\/_ruumist-ruumi\/wp-json\/wp\/v2\/media?parent=51109"}],"wp:term":[{"taxonomy":"product_brand","embeddable":true,"href":"https:\/\/blankpage.ee\/_ruumist-ruumi\/wp-json\/wp\/v2\/product_brand?post=51109"},{"taxonomy":"product_cat","embeddable":true,"href":"https:\/\/blankpage.ee\/_ruumist-ruumi\/wp-json\/wp\/v2\/product_cat?post=51109"},{"taxonomy":"product_tag","embeddable":true,"href":"https:\/\/blankpage.ee\/_ruumist-ruumi\/wp-json\/wp\/v2\/product_tag?post=51109"}],"curies":[{"name":"wp","href":"https:\/\/api.w.org\/{rel}","templated":true}]}}