{"id":51117,"date":"2024-12-18T11:12:20","date_gmt":"2024-12-18T11:12:20","guid":{"rendered":"https:\/\/ruumistruumi.ee\/pood\/ummargune-soogilaud-avena-pruun-puit\/"},"modified":"2025-08-20T21:49:55","modified_gmt":"2025-08-20T21:49:55","slug":"ummargune-soogilaud-avena-pruun-puit","status":"publish","type":"product","link":"https:\/\/blankpage.ee\/_ruumist-ruumi\/pood\/ummargune-soogilaud-avena-pruun-puit\/","title":{"rendered":"\u00dcmmargune s\u00f6\u00f6gilaud Avena, pruun puit"},"content":{"rendered":"<h2>\u00dcmmargune s\u00f6\u00f6gilaud Avena, pruun puit, triipjalaga ja messingist aktsentidega \u2013 Moodne elegantsus jaapani-skandinaavia inspiratsiooniga<\/h2>\n<p>\u00dcmmargune s\u00f6\u00f6gilaud Avena toob igasse s\u00f6\u00f6gituppa rafineeritud stiili oma jaapani-skandinaavia inspiratsiooniga \u00fcmara disaini ja rikkaliku pruuni puidu viimistlusega. Triibuline jala detail ja messingist alus suurendavad laua elegantsust, luues keskse eseme, mis mahutab mugavalt kuni 6 inimest, ideaalne pere\u00f5htus\u00f6\u00f6kideks ja koosviibimisteks.<\/p>\n<h4>Eristuv jaapani-skandinaavia stiil messingist aktsentidega<\/h4>\n<p>Disainitud kehastama jaapani-skandinaavia esteetikat, \u00fchendab see laud sujuvat \u00fcmmargust lauaplaati skulpturaalse triibulise jalaga ja messingist aktsentidega alusega. Selle tekstuuride ja materjalide harmooniline segu t\u00e4iendab nii kaasaegseid kui ka klassikalisi interj\u00f6\u00f6re, lisades teie s\u00f6\u00f6giruumile kunstilisust ja ajatule elegantsile.<\/p>\n<h4>Loodud vastupidavuse ja ainulaadsuse jaoks<\/h4>\n<p>Valmistatud kvaliteetsest ja keskkonnas\u00f5bralikust mangopuidust, on Avena laud ehitatud kestvust silmas pidades. Iga laud on hoolikalt k\u00e4sitsi viimistletud, et esile tuua puidu loomulikud variatsioonid, tagades ainulaadse v\u00e4limuse ja tunnetuse. See tugev konstruktsioon teeb sellest ideaalne valiku igap\u00e4evasteks s\u00f6\u00f6gikordadeks ning erilisteks s\u00fcndmusteks.<\/p>\n<h4>Omadused<\/h4>\n<ul>\n<li>Moodne \u00fcmmargune laud, inspireeritud jaapani-skandinaavia disainist<\/li>\n<li>Triipjalaga ja messingist aktsentidega lisab elegantsust<\/li>\n<li>K\u00e4sitsi viimistletud kvaliteetses pruunis mangopuidus<\/li>\n<li>Mahutab mugavalt kuni 6 inimest<\/li>\n<li>Ideaalne stiili, vastupidavuse ja funktsionaalsuse segu<\/li>\n<\/ul>\n","protected":false},"excerpt":{"rendered":"<p>\u00dcmmargune s\u00f6\u00f6gilaud Avena, pruun puit, triipjalaga ja messingist aktsentidega \u2013 Moodne elegantsus jaapani-skandinaavia inspiratsiooniga \u00dcmmargune s\u00f6\u00f6gilaud Avena toob igasse s\u00f6\u00f6gituppa rafineeritud stiili oma jaapani-skandinaavia inspiratsiooniga \u00fcmara disaini ja rikkaliku pruuni puidu viimistlusega. Triibuline jala detail ja messingist alus suurendavad laua elegantsust, luues keskse eseme, mis mahutab mugavalt kuni 6 inimest, ideaalne pere\u00f5htus\u00f6\u00f6kideks ja koosviibimisteks. Eristuv [&hellip;]<\/p>\n","protected":false},"featured_media":51118,"comment_status":"closed","ping_status":"open","template":"","meta":[],"product_brand":[],"product_cat":[93],"product_tag":[],"class_list":{"0":"post-51117","1":"product","2":"type-product","3":"status-publish","4":"has-post-thumbnail","6":"product_cat-soogilauad","7":"product_shipping_class-furnicher","8":"pa_istekohtade-arv-kuni-6","9":"pa_kollektsioon-avena","10":"pa_laua-korgus-1188","11":"pa_laua-pikkus-1191","12":"pa_materjal-puit","13":"pa_varv-must","15":"first","16":"outofstock","17":"sale","18":"taxable","19":"shipping-taxable","20":"purchasable","21":"product-type-simple"},"_links":{"self":[{"href":"https:\/\/blankpage.ee\/_ruumist-ruumi\/wp-json\/wp\/v2\/product\/51117","targetHints":{"allow":["GET"]}}],"collection":[{"href":"https:\/\/blankpage.ee\/_ruumist-ruumi\/wp-json\/wp\/v2\/product"}],"about":[{"href":"https:\/\/blankpage.ee\/_ruumist-ruumi\/wp-json\/wp\/v2\/types\/product"}],"replies":[{"embeddable":true,"href":"https:\/\/blankpage.ee\/_ruumist-ruumi\/wp-json\/wp\/v2\/comments?post=51117"}],"wp:featuredmedia":[{"embeddable":true,"href":"https:\/\/blankpage.ee\/_ruumist-ruumi\/wp-json\/wp\/v2\/media\/51118"}],"wp:attachment":[{"href":"https:\/\/blankpage.ee\/_ruumist-ruumi\/wp-json\/wp\/v2\/media?parent=51117"}],"wp:term":[{"taxonomy":"product_brand","embeddable":true,"href":"https:\/\/blankpage.ee\/_ruumist-ruumi\/wp-json\/wp\/v2\/product_brand?post=51117"},{"taxonomy":"product_cat","embeddable":true,"href":"https:\/\/blankpage.ee\/_ruumist-ruumi\/wp-json\/wp\/v2\/product_cat?post=51117"},{"taxonomy":"product_tag","embeddable":true,"href":"https:\/\/blankpage.ee\/_ruumist-ruumi\/wp-json\/wp\/v2\/product_tag?post=51117"}],"curies":[{"name":"wp","href":"https:\/\/api.w.org\/{rel}","templated":true}]}}