{"id":51123,"date":"2024-12-18T11:12:20","date_gmt":"2024-12-18T11:12:20","guid":{"rendered":"https:\/\/ruumistruumi.ee\/pood\/soogilaud-avery-must-mdf-ja-must-metallist-jalg\/"},"modified":"2025-08-20T21:49:57","modified_gmt":"2025-08-20T21:49:57","slug":"soogilaud-avery-must-mdf-ja-must-metallist-jalg","status":"publish","type":"product","link":"https:\/\/blankpage.ee\/_ruumist-ruumi\/pood\/soogilaud-avery-must-mdf-ja-must-metallist-jalg\/","title":{"rendered":"S\u00f6\u00f6gilaud Avery, must MDF ja must metallist jalg"},"content":{"rendered":"<h2>S\u00f6\u00f6gilaud Avery: Pikad \u00d5htus\u00f6\u00f6gid, L\u00f5putud Jutud<\/h2>\n<p>S\u00f6\u00f6gilaud Avery, mis sobib pikaks \u00f5htus\u00f6\u00f6giks ja l\u00f5putuks vestluseks.<\/p>\n<h4>Elegantne Must Marmorkate<\/h4>\n<p>See trendikas laud musta marmorkattega lisab teie s\u00f6\u00f6gituppa elegantsi. Selle stiilne ja kaasaegne v\u00e4limus muudab selle ideaaliks keskpunktiks igas moodsas kodus.<\/p>\n<h4>Industriaalsed U-kujulised Metallist Jalad<\/h4>\n<p>Laual on U-kujulised metallist jalad, mis loovad industriaalset efekti, \u00fchendades stiili ja stabiilsuse. Pulberv\u00e4rvitud viimistlus tagab vastupidavuse ja \u0161iki v\u00e4limuse.<\/p>\n<h4>Omadused<\/h4>\n<ul>\n<li>Kaasaegne musta marmori v\u00e4limus<\/li>\n<li>Vajab minimaalset hooldust ja on lihtne puhastada<\/li>\n<li>U-kujulised metallist jalad pulberv\u00e4rvitud viimistlusega<\/li>\n<li>Kaasaegne s\u00f6\u00f6gilaud igasse koju<\/li>\n<li>Mahutab mugavalt kuni 6 inimest<\/li>\n<\/ul>\n","protected":false},"excerpt":{"rendered":"<p>S\u00f6\u00f6gilaud Avery: Pikad \u00d5htus\u00f6\u00f6gid, L\u00f5putud Jutud S\u00f6\u00f6gilaud Avery, mis sobib pikaks \u00f5htus\u00f6\u00f6giks ja l\u00f5putuks vestluseks. Elegantne Must Marmorkate See trendikas laud musta marmorkattega lisab teie s\u00f6\u00f6gituppa elegantsi. Selle stiilne ja kaasaegne v\u00e4limus muudab selle ideaaliks keskpunktiks igas moodsas kodus. Industriaalsed U-kujulised Metallist Jalad Laual on U-kujulised metallist jalad, mis loovad industriaalset efekti, \u00fchendades stiili ja [&hellip;]<\/p>\n","protected":false},"featured_media":51124,"comment_status":"closed","ping_status":"open","template":"","meta":[],"product_brand":[],"product_cat":[93],"product_tag":[],"class_list":{"0":"post-51123","1":"product","2":"type-product","3":"status-publish","4":"has-post-thumbnail","6":"product_cat-soogilauad","7":"product_shipping_class-furnicher","8":"pa_istekohtade-arv-kuni-6","9":"pa_kollektsioon-avery","10":"pa_laua-korgus-1193","11":"pa_laua-pikkus-1192","12":"pa_materjal-puit","13":"pa_varv-must","15":"first","16":"outofstock","17":"sale","18":"taxable","19":"shipping-taxable","20":"purchasable","21":"product-type-simple"},"_links":{"self":[{"href":"https:\/\/blankpage.ee\/_ruumist-ruumi\/wp-json\/wp\/v2\/product\/51123","targetHints":{"allow":["GET"]}}],"collection":[{"href":"https:\/\/blankpage.ee\/_ruumist-ruumi\/wp-json\/wp\/v2\/product"}],"about":[{"href":"https:\/\/blankpage.ee\/_ruumist-ruumi\/wp-json\/wp\/v2\/types\/product"}],"replies":[{"embeddable":true,"href":"https:\/\/blankpage.ee\/_ruumist-ruumi\/wp-json\/wp\/v2\/comments?post=51123"}],"wp:featuredmedia":[{"embeddable":true,"href":"https:\/\/blankpage.ee\/_ruumist-ruumi\/wp-json\/wp\/v2\/media\/51124"}],"wp:attachment":[{"href":"https:\/\/blankpage.ee\/_ruumist-ruumi\/wp-json\/wp\/v2\/media?parent=51123"}],"wp:term":[{"taxonomy":"product_brand","embeddable":true,"href":"https:\/\/blankpage.ee\/_ruumist-ruumi\/wp-json\/wp\/v2\/product_brand?post=51123"},{"taxonomy":"product_cat","embeddable":true,"href":"https:\/\/blankpage.ee\/_ruumist-ruumi\/wp-json\/wp\/v2\/product_cat?post=51123"},{"taxonomy":"product_tag","embeddable":true,"href":"https:\/\/blankpage.ee\/_ruumist-ruumi\/wp-json\/wp\/v2\/product_tag?post=51123"}],"curies":[{"name":"wp","href":"https:\/\/api.w.org\/{rel}","templated":true}]}}