{"id":51127,"date":"2024-12-18T11:12:20","date_gmt":"2024-12-18T11:12:20","guid":{"rendered":"https:\/\/ruumistruumi.ee\/pood\/ummargune-soogilaud-avery-must-marmor-ja-must-alus\/"},"modified":"2025-08-20T21:49:59","modified_gmt":"2025-08-20T21:49:59","slug":"ummargune-soogilaud-avery-must-marmor-ja-must-alus","status":"publish","type":"product","link":"https:\/\/blankpage.ee\/_ruumist-ruumi\/pood\/ummargune-soogilaud-avery-must-marmor-ja-must-alus\/","title":{"rendered":"\u00dcmmargune s\u00f6\u00f6gilaud Avery, must marmor ja must alus"},"content":{"rendered":"<h2>Kaasaegne s\u00f6\u00f6gilaud Avery<\/h2>\n<p>See kaasaegne s\u00f6\u00f6gilaud Avery musta MDF-plaadiga lisab teie s\u00f6\u00f6gialale isikup\u00e4ra. See v\u00f5tab k\u00f6\u00f6gialas enda alla t\u00e4pselt sobivas suuruses ruumi.<\/p>\n<h4>Stiilne ja vastupidav disain<\/h4>\n<p>See s\u00f6\u00f6gilaud on valmistatud metallist ja melamiinist, olles nii esteetiliselt nauditav kui ka tugev. Materjalide valik tagab v\u00e4hese hoolduse, kuna seda on lihtne puhastada.<\/p>\n<h4>Ideaalne kompaktsetesse ruumidesse<\/h4>\n<p>\u00dcmmargune lauaplaat pakub k\u00fclluslikult ruumi, samal ajal kui sellel on mugav istuda kuni 4 inimest, muutes selle ideaalseks v\u00e4iksematesse s\u00f6\u00f6gi- v\u00f5i k\u00f6\u00f6gialadesse.<\/p>\n<h4>Omadused<\/h4>\n<ul>\n<li>Kaasaegne s\u00f6\u00f6gilaud<\/li>\n<li>V\u00e4ikese hooldusvajadusega ja lihtne puhastada<\/li>\n<li>\u00dcmmargune lauaplaat pakub k\u00fclluslikult ruumi<\/li>\n<li>Mugav koht kuni 4 inimesele<\/li>\n<\/ul>\n","protected":false},"excerpt":{"rendered":"<p>Kaasaegne s\u00f6\u00f6gilaud Avery See kaasaegne s\u00f6\u00f6gilaud Avery musta MDF-plaadiga lisab teie s\u00f6\u00f6gialale isikup\u00e4ra. See v\u00f5tab k\u00f6\u00f6gialas enda alla t\u00e4pselt sobivas suuruses ruumi. Stiilne ja vastupidav disain See s\u00f6\u00f6gilaud on valmistatud metallist ja melamiinist, olles nii esteetiliselt nauditav kui ka tugev. Materjalide valik tagab v\u00e4hese hoolduse, kuna seda on lihtne puhastada. Ideaalne kompaktsetesse ruumidesse \u00dcmmargune lauaplaat [&hellip;]<\/p>\n","protected":false},"featured_media":51128,"comment_status":"closed","ping_status":"open","template":"","meta":[],"product_brand":[],"product_cat":[93],"product_tag":[],"class_list":{"0":"post-51127","1":"product","2":"type-product","3":"status-publish","4":"has-post-thumbnail","6":"product_cat-soogilauad","7":"product_shipping_class-furnicher","8":"pa_istekohtade-arv-kuni-4","9":"pa_kollektsioon-avery","10":"pa_laua-korgus-1190","11":"pa_laua-pikkus-1189","12":"pa_materjal-marmor","13":"pa_varv-must","15":"first","16":"outofstock","17":"sale","18":"taxable","19":"shipping-taxable","20":"purchasable","21":"product-type-simple"},"_links":{"self":[{"href":"https:\/\/blankpage.ee\/_ruumist-ruumi\/wp-json\/wp\/v2\/product\/51127","targetHints":{"allow":["GET"]}}],"collection":[{"href":"https:\/\/blankpage.ee\/_ruumist-ruumi\/wp-json\/wp\/v2\/product"}],"about":[{"href":"https:\/\/blankpage.ee\/_ruumist-ruumi\/wp-json\/wp\/v2\/types\/product"}],"replies":[{"embeddable":true,"href":"https:\/\/blankpage.ee\/_ruumist-ruumi\/wp-json\/wp\/v2\/comments?post=51127"}],"wp:featuredmedia":[{"embeddable":true,"href":"https:\/\/blankpage.ee\/_ruumist-ruumi\/wp-json\/wp\/v2\/media\/51128"}],"wp:attachment":[{"href":"https:\/\/blankpage.ee\/_ruumist-ruumi\/wp-json\/wp\/v2\/media?parent=51127"}],"wp:term":[{"taxonomy":"product_brand","embeddable":true,"href":"https:\/\/blankpage.ee\/_ruumist-ruumi\/wp-json\/wp\/v2\/product_brand?post=51127"},{"taxonomy":"product_cat","embeddable":true,"href":"https:\/\/blankpage.ee\/_ruumist-ruumi\/wp-json\/wp\/v2\/product_cat?post=51127"},{"taxonomy":"product_tag","embeddable":true,"href":"https:\/\/blankpage.ee\/_ruumist-ruumi\/wp-json\/wp\/v2\/product_tag?post=51127"}],"curies":[{"name":"wp","href":"https:\/\/api.w.org\/{rel}","templated":true}]}}