{"id":51131,"date":"2024-12-18T11:12:20","date_gmt":"2024-12-18T11:12:20","guid":{"rendered":"https:\/\/ruumistruumi.ee\/pood\/ummargune-soogilaud-avery-pruun-marmor-must-metallist-alus\/"},"modified":"2025-08-20T21:50:00","modified_gmt":"2025-08-20T21:50:00","slug":"ummargune-soogilaud-avery-pruun-marmor-must-metallist-alus","status":"publish","type":"product","link":"https:\/\/blankpage.ee\/_ruumist-ruumi\/pood\/ummargune-soogilaud-avery-pruun-marmor-must-metallist-alus\/","title":{"rendered":"\u00dcmmargune s\u00f6\u00f6gilaud Avery, pruun marmor &#038; must metallist alus"},"content":{"rendered":"<h2>Kaasaegne s\u00f6\u00f6gilaud Avery marmorimustriga<\/h2>\n<p>See kaasaegne Avery s\u00f6\u00f6gilaud marmorimustriga lisab teie s\u00f6\u00f6giruumile isikup\u00e4ra. See v\u00f5tab k\u00f6\u00f6gialas enda alla just \u00f5ige hulga ruumi.<\/p>\n<h4>Elegantne ja vastupidav disain<\/h4>\n<p>See s\u00f6\u00f6gilaud on valmistatud metallist ja melamiinist, olles nii esteetiliselt meeldiv kui ka vastupidav. Materjalide valik tagab v\u00e4hem hooldust, kuna seda on lihtne puhastada.<\/p>\n<h4>Mitmek\u00fclgne ja praktiline<\/h4>\n<p>\u00dcmara kujuga lauaplaat pakub avarat ruumi ja mahutab mugavalt kuni 4 inimest. Selle disain teeb sellest suurep\u00e4rase valiku nii tavap\u00e4rasteks peres\u00f6\u00f6gikordadeks kui ka stiilseteks \u00f5htus\u00f6\u00f6kideks.<\/p>\n<h4>Omadused<\/h4>\n<ul>\n<li>Kaasaegne s\u00f6\u00f6gilaud<\/li>\n<li>Vajab minimaalset hooldust ja on lihtne puhastada<\/li>\n<li>\u00dcmar lauaplaat pakub avarat ruumi<\/li>\n<li>Mahutab mugavalt kuni 4 inimest<\/li>\n<\/ul>\n","protected":false},"excerpt":{"rendered":"<p>Kaasaegne s\u00f6\u00f6gilaud Avery marmorimustriga See kaasaegne Avery s\u00f6\u00f6gilaud marmorimustriga lisab teie s\u00f6\u00f6giruumile isikup\u00e4ra. See v\u00f5tab k\u00f6\u00f6gialas enda alla just \u00f5ige hulga ruumi. Elegantne ja vastupidav disain See s\u00f6\u00f6gilaud on valmistatud metallist ja melamiinist, olles nii esteetiliselt meeldiv kui ka vastupidav. Materjalide valik tagab v\u00e4hem hooldust, kuna seda on lihtne puhastada. Mitmek\u00fclgne ja praktiline \u00dcmara kujuga [&hellip;]<\/p>\n","protected":false},"featured_media":51132,"comment_status":"closed","ping_status":"open","template":"","meta":[],"product_brand":[],"product_cat":[93],"product_tag":[],"class_list":{"0":"post-51131","1":"product","2":"type-product","3":"status-publish","4":"has-post-thumbnail","6":"product_cat-soogilauad","7":"product_shipping_class-furnicher","8":"pa_istekohtade-arv-kuni-4","9":"pa_kollektsioon-avery","10":"pa_laua-korgus-1190","11":"pa_laua-pikkus-1189","12":"pa_materjal-marmor","13":"pa_varv-pruun","15":"first","16":"outofstock","17":"sale","18":"taxable","19":"shipping-taxable","20":"purchasable","21":"product-type-simple"},"_links":{"self":[{"href":"https:\/\/blankpage.ee\/_ruumist-ruumi\/wp-json\/wp\/v2\/product\/51131","targetHints":{"allow":["GET"]}}],"collection":[{"href":"https:\/\/blankpage.ee\/_ruumist-ruumi\/wp-json\/wp\/v2\/product"}],"about":[{"href":"https:\/\/blankpage.ee\/_ruumist-ruumi\/wp-json\/wp\/v2\/types\/product"}],"replies":[{"embeddable":true,"href":"https:\/\/blankpage.ee\/_ruumist-ruumi\/wp-json\/wp\/v2\/comments?post=51131"}],"wp:featuredmedia":[{"embeddable":true,"href":"https:\/\/blankpage.ee\/_ruumist-ruumi\/wp-json\/wp\/v2\/media\/51132"}],"wp:attachment":[{"href":"https:\/\/blankpage.ee\/_ruumist-ruumi\/wp-json\/wp\/v2\/media?parent=51131"}],"wp:term":[{"taxonomy":"product_brand","embeddable":true,"href":"https:\/\/blankpage.ee\/_ruumist-ruumi\/wp-json\/wp\/v2\/product_brand?post=51131"},{"taxonomy":"product_cat","embeddable":true,"href":"https:\/\/blankpage.ee\/_ruumist-ruumi\/wp-json\/wp\/v2\/product_cat?post=51131"},{"taxonomy":"product_tag","embeddable":true,"href":"https:\/\/blankpage.ee\/_ruumist-ruumi\/wp-json\/wp\/v2\/product_tag?post=51131"}],"curies":[{"name":"wp","href":"https:\/\/api.w.org\/{rel}","templated":true}]}}