{"id":51137,"date":"2024-12-18T11:12:20","date_gmt":"2024-12-18T11:12:20","guid":{"rendered":"https:\/\/ruumistruumi.ee\/pood\/pikendatav-soogilaud-bastina-tammepuit\/"},"modified":"2025-08-20T21:50:02","modified_gmt":"2025-08-20T21:50:02","slug":"pikendatav-soogilaud-bastina-tammepuit","status":"publish","type":"product","link":"https:\/\/blankpage.ee\/_ruumist-ruumi\/pood\/pikendatav-soogilaud-bastina-tammepuit\/","title":{"rendered":"Pikendatav s\u00f6\u00f6gilaud Bastina, tammepuit"},"content":{"rendered":"<h2>Pikendatav s\u00f6\u00f6gilaud Bastina, tammepuit<\/h2>\n<p>Avastage pikendatav s\u00f6\u00f6gilaud Bastina, mis \u00fchendab elegantsi ja funktsionaalsust, olles valmistatud lakkitud tammepuidust spoonist. See kaunilt disainitud laud pakub paindlikku s\u00f6\u00f6gilahendust, mahutades mugavalt kaheksa inimest ning v\u00f5imaldades lisatahvlitega veelgi enam ruumi. Loomulik viimistlus ja vastupidav disain teevad sellest t\u00e4iusliku valiku nii pere\u00f5htus\u00f6\u00f6kideks kui ka suuremateks koosviibimisteks.<\/p>\n<h4>Avardav ja mitmek\u00fclgne<\/h4>\n<p>Bastina s\u00f6\u00f6gilaua ristk\u00fclikukujuline plaat pakub piisavalt ruumi, olgu selleks siis einestamine, k\u00e4sit\u00f6\u00f6 v\u00f5i t\u00f6\u00f6 tegemine, muutes selle mitmek\u00fclgseks esemeks igas kodus. Selle pikendatav omadus v\u00f5imaldab h\u00f5lpsalt kohaneda teie muutuvate vajadustega, mahutades rohkem k\u00fclalisi alati, kui see on vajalik. See paindlikkus on ideaalne \u00f5htus\u00f6\u00f6gipidude v\u00f5i eriliste pere\u00fcrituste korraldamiseks.<\/p>\n<h4>Loomulik elegants<\/h4>\n<p>Lakkitud tammepuidust spooniga viimistletud laud ei n\u00e4e v\u00e4lja mitte ainult suurep\u00e4rane, vaid tundub ka loomulikult soe ja kutsuv. Lakk suurendab laua vastupidavust, kaitstes seda kulumise eest ja s\u00e4ilitades selle elegantse v\u00e4limuse. FSC\u2122-sertifikaadiga toode tagab, et puidu hankimine selle tootmiseks toimub vastutustundlikult majandatud metsadest, kajastades p\u00fchendumust keskkonnahoidlikkusele.<\/p>\n<h4>Omadused<\/h4>\n<ul>\n<li>Mahutab elegantselt kuni kaheksa inimest, v\u00f5imalusega laiendada rohkemate k\u00fclaliste jaoks<\/li>\n<li>Valmistatud kvaliteetsest lakkitud tammepuidust spoonist, tagades vastupidavuse ja loomuliku esteetika<\/li>\n<li>FSC\u2122-sertifikaadiga, toetades s\u00e4\u00e4stlikku metsamajandust<\/li>\n<li>Sobib ideaalselt nii igap\u00e4evaseks kasutamiseks kui ka erilisteks s\u00fcndmusteks<\/li>\n<li>Pind laieneb lisatahvlitega samast seeriast, suurendades selle funktsionaalsust<\/li>\n<\/ul>\n","protected":false},"excerpt":{"rendered":"<p>Pikendatav s\u00f6\u00f6gilaud Bastina, tammepuit Avastage pikendatav s\u00f6\u00f6gilaud Bastina, mis \u00fchendab elegantsi ja funktsionaalsust, olles valmistatud lakkitud tammepuidust spoonist. See kaunilt disainitud laud pakub paindlikku s\u00f6\u00f6gilahendust, mahutades mugavalt kaheksa inimest ning v\u00f5imaldades lisatahvlitega veelgi enam ruumi. Loomulik viimistlus ja vastupidav disain teevad sellest t\u00e4iusliku valiku nii pere\u00f5htus\u00f6\u00f6kideks kui ka suuremateks koosviibimisteks. Avardav ja mitmek\u00fclgne Bastina s\u00f6\u00f6gilaua [&hellip;]<\/p>\n","protected":false},"featured_media":51138,"comment_status":"closed","ping_status":"open","template":"","meta":[],"product_brand":[],"product_cat":[93],"product_tag":[],"class_list":{"0":"post-51137","1":"product","2":"type-product","3":"status-publish","4":"has-post-thumbnail","6":"product_cat-soogilauad","7":"product_shipping_class-furnicher","8":"pa_istekohtade-arv-kuni-8","9":"pa_kollektsioon-bastina","10":"pa_laua-korgus-1190","11":"pa_laua-pikkus-1187","12":"pa_materjal-puit","13":"pa_varv-naturaalne","15":"first","16":"outofstock","17":"sale","18":"taxable","19":"shipping-taxable","20":"purchasable","21":"product-type-simple"},"_links":{"self":[{"href":"https:\/\/blankpage.ee\/_ruumist-ruumi\/wp-json\/wp\/v2\/product\/51137","targetHints":{"allow":["GET"]}}],"collection":[{"href":"https:\/\/blankpage.ee\/_ruumist-ruumi\/wp-json\/wp\/v2\/product"}],"about":[{"href":"https:\/\/blankpage.ee\/_ruumist-ruumi\/wp-json\/wp\/v2\/types\/product"}],"replies":[{"embeddable":true,"href":"https:\/\/blankpage.ee\/_ruumist-ruumi\/wp-json\/wp\/v2\/comments?post=51137"}],"wp:featuredmedia":[{"embeddable":true,"href":"https:\/\/blankpage.ee\/_ruumist-ruumi\/wp-json\/wp\/v2\/media\/51138"}],"wp:attachment":[{"href":"https:\/\/blankpage.ee\/_ruumist-ruumi\/wp-json\/wp\/v2\/media?parent=51137"}],"wp:term":[{"taxonomy":"product_brand","embeddable":true,"href":"https:\/\/blankpage.ee\/_ruumist-ruumi\/wp-json\/wp\/v2\/product_brand?post=51137"},{"taxonomy":"product_cat","embeddable":true,"href":"https:\/\/blankpage.ee\/_ruumist-ruumi\/wp-json\/wp\/v2\/product_cat?post=51137"},{"taxonomy":"product_tag","embeddable":true,"href":"https:\/\/blankpage.ee\/_ruumist-ruumi\/wp-json\/wp\/v2\/product_tag?post=51137"}],"curies":[{"name":"wp","href":"https:\/\/api.w.org\/{rel}","templated":true}]}}