{"id":51147,"date":"2024-12-18T11:12:57","date_gmt":"2024-12-18T11:12:57","guid":{"rendered":"https:\/\/ruumistruumi.ee\/pood\/pikendatav-soogilaud-berlin-naturaalne-tamm\/"},"modified":"2025-08-20T21:49:25","modified_gmt":"2025-08-20T21:49:25","slug":"pikendatav-soogilaud-berlin-naturaalne-tamm","status":"publish","type":"product","link":"https:\/\/blankpage.ee\/_ruumist-ruumi\/pood\/pikendatav-soogilaud-berlin-naturaalne-tamm\/","title":{"rendered":"Pikendatav s\u00f6\u00f6gilaud Berlin, naturaalne tamm"},"content":{"rendered":"<h2>Pikendatav s\u00f6\u00f6gilaud Berlin<\/h2>\n<p>Naturaalset tammest ja kaut\u0161ukipuust valmistatud pikendatav s\u00f6\u00f6gilaud Berlin toob teie s\u00f6\u00f6gituppa atmosf\u00e4\u00e4ri ja elegantsi.<\/p>\n<h4>Ajatu v\u00f5lu pikendataval s\u00f6\u00f6gilaual<\/h4>\n<p>See laud on vastupidav ja tugev, garanteerides, et see s\u00e4ilitab nii stiili kui struktuuri pikaks ajaks. Naturaalne tammeplaat, mis on tuntud oma tugevuse ja kauni puidumustri poolest, sobib ideaalselt vastupidava kaut\u0161ukipuu alusega, luues harmoonilise esteetika ja funktsionaalsuse koosluse. Skandinaavia disaini olemust j\u00e4rgides on s\u00f6\u00f6gilaud saleda ja \u00fcmara kujuga, mis lisab intiimse ja hubase \u00f5hkkonna igale koosviibimisele. Selle nutikas pikendamisfunktsioon on disaini ime, mis sujuvalt muutub igap\u00e4evasest kasutusest hubaseks paigutuseks kuni kuue inimese mahutamiseni, olles ideaalne nii v\u00e4ikesteks peres\u00f6\u00f6kideks kui ka suuremateks seltskonna\u00fcritusteks. Sellesse pikendatavasse lauda investeerides valite mitte ainult m\u00f6\u00f6blieseme, vaid ka p\u00fcsiva keskpunkti, mis toob iga s\u00f6\u00f6maaega atmosf\u00e4\u00e4ri ja elegantsi.<\/p>\n<h4>Praktiline ja stiilne einestamine<\/h4>\n<p>Uuesti avastatud kalasabamustriga v\u00f5ib see s\u00f6\u00f6gilaud tuua teie s\u00f6\u00f6giruumi uue elu. \u00dcmar kuju laiendab kujundust optiliselt. Kui sellest ei piisa, v\u00f5ite alati kasutada kahte kaasasolevat pikendusplaati. Aga kuidas on lood mustade puidust jalgadega? Need t\u00e4iendavad t\u00e4nap\u00e4evast P\u00f5hjamaade esteetikat. See \u00fcmmargune s\u00f6\u00f6gilaud loob kindlasti sooja atmosf\u00e4\u00e4ri teie s\u00f6\u00f6gitoas. Mida te veel ootate?<\/p>\n<h4>Omadused<\/h4>\n<ul>\n<li>Modernne P\u00f5hjamaade disain koos rafineeritud kalasabaga<\/li>\n<li>2 pikendusplaati on kaasas<\/li>\n<li>Mustaks lakitud ristk\u00fclikukujulised jalad<\/li>\n<li>Valmistatud tammest ja tammespoonist<\/li>\n<li>Mugavalt mahutab kuni 6 inimest<\/li>\n<\/ul>\n","protected":false},"excerpt":{"rendered":"<p>Pikendatav s\u00f6\u00f6gilaud Berlin Naturaalset tammest ja kaut\u0161ukipuust valmistatud pikendatav s\u00f6\u00f6gilaud Berlin toob teie s\u00f6\u00f6gituppa atmosf\u00e4\u00e4ri ja elegantsi. Ajatu v\u00f5lu pikendataval s\u00f6\u00f6gilaual See laud on vastupidav ja tugev, garanteerides, et see s\u00e4ilitab nii stiili kui struktuuri pikaks ajaks. Naturaalne tammeplaat, mis on tuntud oma tugevuse ja kauni puidumustri poolest, sobib ideaalselt vastupidava kaut\u0161ukipuu alusega, luues harmoonilise [&hellip;]<\/p>\n","protected":false},"featured_media":51148,"comment_status":"closed","ping_status":"open","template":"","meta":[],"product_brand":[],"product_cat":[93],"product_tag":[],"class_list":{"0":"post-51147","1":"product","2":"type-product","3":"status-publish","4":"has-post-thumbnail","6":"product_cat-soogilauad","7":"product_shipping_class-furnicher","8":"pa_istekohtade-arv-kuni-6","9":"pa_kollektsioon-berlin","10":"pa_laua-korgus-74-5","11":"pa_laua-pikkus-1195","12":"pa_materjal-puit","13":"pa_varv-naturaalne","15":"first","16":"outofstock","17":"sale","18":"taxable","19":"shipping-taxable","20":"purchasable","21":"product-type-simple"},"_links":{"self":[{"href":"https:\/\/blankpage.ee\/_ruumist-ruumi\/wp-json\/wp\/v2\/product\/51147","targetHints":{"allow":["GET"]}}],"collection":[{"href":"https:\/\/blankpage.ee\/_ruumist-ruumi\/wp-json\/wp\/v2\/product"}],"about":[{"href":"https:\/\/blankpage.ee\/_ruumist-ruumi\/wp-json\/wp\/v2\/types\/product"}],"replies":[{"embeddable":true,"href":"https:\/\/blankpage.ee\/_ruumist-ruumi\/wp-json\/wp\/v2\/comments?post=51147"}],"wp:featuredmedia":[{"embeddable":true,"href":"https:\/\/blankpage.ee\/_ruumist-ruumi\/wp-json\/wp\/v2\/media\/51148"}],"wp:attachment":[{"href":"https:\/\/blankpage.ee\/_ruumist-ruumi\/wp-json\/wp\/v2\/media?parent=51147"}],"wp:term":[{"taxonomy":"product_brand","embeddable":true,"href":"https:\/\/blankpage.ee\/_ruumist-ruumi\/wp-json\/wp\/v2\/product_brand?post=51147"},{"taxonomy":"product_cat","embeddable":true,"href":"https:\/\/blankpage.ee\/_ruumist-ruumi\/wp-json\/wp\/v2\/product_cat?post=51147"},{"taxonomy":"product_tag","embeddable":true,"href":"https:\/\/blankpage.ee\/_ruumist-ruumi\/wp-json\/wp\/v2\/product_tag?post=51147"}],"curies":[{"name":"wp","href":"https:\/\/api.w.org\/{rel}","templated":true}]}}