{"id":51151,"date":"2024-12-18T11:12:57","date_gmt":"2024-12-18T11:12:57","guid":{"rendered":"https:\/\/ruumistruumi.ee\/pood\/soogilaud-boston-pahkli-puit\/"},"modified":"2025-08-20T21:49:26","modified_gmt":"2025-08-20T21:49:26","slug":"soogilaud-boston-pahkli-puit","status":"publish","type":"product","link":"https:\/\/blankpage.ee\/_ruumist-ruumi\/pood\/soogilaud-boston-pahkli-puit\/","title":{"rendered":"S\u00f6\u00f6gilaud Boston, p\u00e4hkli puit"},"content":{"rendered":"<h2>Boston S\u00f6\u00f6gilaud, p\u00e4hklipuu<\/h2>\n<p>Tutvuge p\u00e4hklipuust Boston s\u00f6\u00f6gilauaga, mis kiirgab stiili.<\/p>\n<h4>Parandage oma S\u00f6\u00f6gikogemust<\/h4>\n<p>See s\u00f6\u00f6gilaud on elegantsi ja funktsionaalsuse ideaalne kooslus, viies teie s\u00f6\u00f6gikorrad uuele tasemele. T\u00e4helepanuga detailidele loodud muljetavaldav laud \u00fchendab kaasaegse disaini ja p\u00e4hklipuu ilu. See kaasaegne ja minimalistlik laud sobib suurep\u00e4raselt atmosf\u00e4\u00e4ririkastesse s\u00f6\u00f6gitubadesse v\u00f5i v\u00e4ikese pindalaga korteritesse. Lisaks soodustab ovaalne disain suhtlust ja sooja \u00f5hkkonda s\u00f6\u00f6gikordade ajal ning sobitub h\u00f5lpsalt igasse interj\u00f6\u00f6ristiili, muutes selle mitmek\u00fclgseks lisandiks teie koju.<\/p>\n<h4>Sukeldu Minimalistlikku Ilusse<\/h4>\n<p>P\u00e4hklipuu viimistlus annab Boston s\u00f6\u00f6gilauale sooja ja kutsuva ilme, tuues stiili puudutuse teie s\u00f6\u00f6giruumi. Sile pind ja \u00fcmar alus tagavad stabiilsuse ja stiili, olles samas h\u00f5lpsasti hooldatavad. Pealegi loovad naturaalsed sooned ja tekstuur teie s\u00f6\u00f6gitoas p\u00f5neva efekti. Laud mahutab mugavalt kuni 6 inimest, v\u00f5imaldades aastaid nautida s\u00f6\u00f6gikordi ja koosviibimisi.<\/p>\n<h4>Omadused<\/h4>\n<ul>\n<li>Elegantne p\u00e4hklipuu viimistlus<\/li>\n<li>Kaasaegne ja minimalistlik disain<\/li>\n<li>Ovaalne disain mitmek\u00fclgseks integreerimiseks<\/li>\n<li>Sobib kuni 6 inimesele<\/li>\n<li>Stabiilne \u00fcmar alus lisab tugevust<\/li>\n<li>H\u00f5lbus hooldus<\/li>\n<li>Ideaalne atmosf\u00e4\u00e4ririkastele s\u00f6\u00f6gitubadele ja v\u00e4ikestele ruumidele<\/li>\n<\/ul>\n","protected":false},"excerpt":{"rendered":"<p>Boston S\u00f6\u00f6gilaud, p\u00e4hklipuu Tutvuge p\u00e4hklipuust Boston s\u00f6\u00f6gilauaga, mis kiirgab stiili. Parandage oma S\u00f6\u00f6gikogemust See s\u00f6\u00f6gilaud on elegantsi ja funktsionaalsuse ideaalne kooslus, viies teie s\u00f6\u00f6gikorrad uuele tasemele. T\u00e4helepanuga detailidele loodud muljetavaldav laud \u00fchendab kaasaegse disaini ja p\u00e4hklipuu ilu. See kaasaegne ja minimalistlik laud sobib suurep\u00e4raselt atmosf\u00e4\u00e4ririkastesse s\u00f6\u00f6gitubadesse v\u00f5i v\u00e4ikese pindalaga korteritesse. Lisaks soodustab ovaalne disain suhtlust [&hellip;]<\/p>\n","protected":false},"featured_media":51152,"comment_status":"closed","ping_status":"closed","template":"","meta":[],"product_brand":[],"product_cat":[93],"product_tag":[],"class_list":{"0":"post-51151","1":"product","2":"type-product","3":"status-publish","4":"has-post-thumbnail","6":"product_cat-soogilauad","7":"product_shipping_class-furnicher","8":"pa_istekohtade-arv-kuni-6","9":"pa_kollektsioon-boston","10":"pa_laua-korgus-1190","11":"pa_laua-pikkus-1192","12":"pa_materjal-puit","13":"pa_varv-pruun","15":"first","16":"instock","17":"sale","18":"taxable","19":"shipping-taxable","20":"purchasable","21":"product-type-simple"},"_links":{"self":[{"href":"https:\/\/blankpage.ee\/_ruumist-ruumi\/wp-json\/wp\/v2\/product\/51151","targetHints":{"allow":["GET"]}}],"collection":[{"href":"https:\/\/blankpage.ee\/_ruumist-ruumi\/wp-json\/wp\/v2\/product"}],"about":[{"href":"https:\/\/blankpage.ee\/_ruumist-ruumi\/wp-json\/wp\/v2\/types\/product"}],"replies":[{"embeddable":true,"href":"https:\/\/blankpage.ee\/_ruumist-ruumi\/wp-json\/wp\/v2\/comments?post=51151"}],"wp:featuredmedia":[{"embeddable":true,"href":"https:\/\/blankpage.ee\/_ruumist-ruumi\/wp-json\/wp\/v2\/media\/51152"}],"wp:attachment":[{"href":"https:\/\/blankpage.ee\/_ruumist-ruumi\/wp-json\/wp\/v2\/media?parent=51151"}],"wp:term":[{"taxonomy":"product_brand","embeddable":true,"href":"https:\/\/blankpage.ee\/_ruumist-ruumi\/wp-json\/wp\/v2\/product_brand?post=51151"},{"taxonomy":"product_cat","embeddable":true,"href":"https:\/\/blankpage.ee\/_ruumist-ruumi\/wp-json\/wp\/v2\/product_cat?post=51151"},{"taxonomy":"product_tag","embeddable":true,"href":"https:\/\/blankpage.ee\/_ruumist-ruumi\/wp-json\/wp\/v2\/product_tag?post=51151"}],"curies":[{"name":"wp","href":"https:\/\/api.w.org\/{rel}","templated":true}]}}