{"id":51154,"date":"2024-12-18T11:12:57","date_gmt":"2024-12-18T11:12:57","guid":{"rendered":"https:\/\/ruumistruumi.ee\/pood\/soogilaud-boston-ovaalne-naturaalne-puit\/"},"modified":"2025-08-20T21:49:27","modified_gmt":"2025-08-20T21:49:27","slug":"soogilaud-boston-ovaalne-naturaalne-puit","status":"publish","type":"product","link":"https:\/\/blankpage.ee\/_ruumist-ruumi\/pood\/soogilaud-boston-ovaalne-naturaalne-puit\/","title":{"rendered":"S\u00f6\u00f6gilaud Boston, ovaalne, naturaalne puit"},"content":{"rendered":"<h2>S\u00f6\u00f6gilaud Boston: Elegantsus naturaalses puidus<\/h2>\n<p>Tutvuge s\u00f6\u00f6gilauaga Boston, mille naturaalne puit kiirgab stiili.<\/p>\n<h4>T\u00e4iustage oma s\u00f6\u00f6gielamust<\/h4>\n<p>See s\u00f6\u00f6gilaud on elegantsi ja funktsionaalsuse t\u00e4iuslik kombinatsioon, mis t\u00f5stab teie s\u00f6\u00f6gielamuse uutesse k\u00f5rgustesse. T\u00e4iusliku t\u00e4psuse ja detailideni viimistletud see kaunis puidust laud \u00fchendab endas stiilse disaini ja naturaalse puidu ilu. See modernne ja minimalistlik s\u00f6\u00f6gilaud sobib ideaalselt hubastesse s\u00f6\u00f6gitubadesse v\u00f5i korteritesse, kus ruumi on v\u00e4he. Lisaks loob selle ovaalne disain \u00f5htus\u00f6\u00f6gil vestlusliku ja sooja atmosf\u00e4\u00e4ri, integreerudes sujuvalt igasse interj\u00f6\u00f6ristiili, muutes selle mitmek\u00fclgseks t\u00e4ienduseks teie kodus.<\/p>\n<h4>Sukelduge minimalistlikku ilu<\/h4>\n<p>Naturaalse puidu viimistlus annab Boston s\u00f6\u00f6gilauale sooja ja kutsuva ilme, tuues teie s\u00f6\u00f6gialale h\u00f5ngu looduse ilust. Sile pind ja \u00fcmar alus tagavad vastupidavuse ja stiilsuse, olles samas lihtne hooldada. Lisaks loovad looduslikud puidus\u00fc\u00fc ja tekstuur teie s\u00f6\u00f6gitoas k\u00f6itva v\u00e4limuse. Laud mahutab mugavalt kuni 6 inimest. Selle s\u00f6\u00f6gilaua juures naudite kindlasti toidukordi ja koosviibimisi aastateks.<\/p>\n<h4>Omadused<\/h4>\n<ul>\n<li>Elegantne naturaalne puidust viimistlus<\/li>\n<li>Modernne ja minimalistlik disain<\/li>\n<li>Ovaalne kuju mitmek\u00fclgseks integreerimiseks<\/li>\n<li>Mugavalt mahutab kuni 6 inimest<\/li>\n<li>Stabiilsust tagav \u00fcmar alus<\/li>\n<li>Lihtne hooldada<\/li>\n<li>T\u00e4iuslik hubaste s\u00f6\u00f6gitubade ja korterite jaoks<\/li>\n<\/ul>\n","protected":false},"excerpt":{"rendered":"<p>S\u00f6\u00f6gilaud Boston: Elegantsus naturaalses puidus Tutvuge s\u00f6\u00f6gilauaga Boston, mille naturaalne puit kiirgab stiili. T\u00e4iustage oma s\u00f6\u00f6gielamust See s\u00f6\u00f6gilaud on elegantsi ja funktsionaalsuse t\u00e4iuslik kombinatsioon, mis t\u00f5stab teie s\u00f6\u00f6gielamuse uutesse k\u00f5rgustesse. T\u00e4iusliku t\u00e4psuse ja detailideni viimistletud see kaunis puidust laud \u00fchendab endas stiilse disaini ja naturaalse puidu ilu. See modernne ja minimalistlik s\u00f6\u00f6gilaud sobib ideaalselt hubastesse [&hellip;]<\/p>\n","protected":false},"featured_media":51155,"comment_status":"closed","ping_status":"open","template":"","meta":[],"product_brand":[],"product_cat":[93],"product_tag":[],"class_list":{"0":"post-51154","1":"product","2":"type-product","3":"status-publish","4":"has-post-thumbnail","6":"product_cat-soogilauad","7":"product_shipping_class-furnicher","8":"pa_istekohtade-arv-kuni-6","9":"pa_kollektsioon-boston","10":"pa_laua-korgus-1190","11":"pa_laua-pikkus-1192","12":"pa_materjal-puit","13":"pa_varv-naturaalne","15":"first","16":"instock","17":"sale","18":"taxable","19":"shipping-taxable","20":"purchasable","21":"product-type-simple"},"_links":{"self":[{"href":"https:\/\/blankpage.ee\/_ruumist-ruumi\/wp-json\/wp\/v2\/product\/51154","targetHints":{"allow":["GET"]}}],"collection":[{"href":"https:\/\/blankpage.ee\/_ruumist-ruumi\/wp-json\/wp\/v2\/product"}],"about":[{"href":"https:\/\/blankpage.ee\/_ruumist-ruumi\/wp-json\/wp\/v2\/types\/product"}],"replies":[{"embeddable":true,"href":"https:\/\/blankpage.ee\/_ruumist-ruumi\/wp-json\/wp\/v2\/comments?post=51154"}],"wp:featuredmedia":[{"embeddable":true,"href":"https:\/\/blankpage.ee\/_ruumist-ruumi\/wp-json\/wp\/v2\/media\/51155"}],"wp:attachment":[{"href":"https:\/\/blankpage.ee\/_ruumist-ruumi\/wp-json\/wp\/v2\/media?parent=51154"}],"wp:term":[{"taxonomy":"product_brand","embeddable":true,"href":"https:\/\/blankpage.ee\/_ruumist-ruumi\/wp-json\/wp\/v2\/product_brand?post=51154"},{"taxonomy":"product_cat","embeddable":true,"href":"https:\/\/blankpage.ee\/_ruumist-ruumi\/wp-json\/wp\/v2\/product_cat?post=51154"},{"taxonomy":"product_tag","embeddable":true,"href":"https:\/\/blankpage.ee\/_ruumist-ruumi\/wp-json\/wp\/v2\/product_tag?post=51154"}],"curies":[{"name":"wp","href":"https:\/\/api.w.org\/{rel}","templated":true}]}}