{"id":51157,"date":"2024-12-18T11:12:57","date_gmt":"2024-12-18T11:12:57","guid":{"rendered":"https:\/\/ruumistruumi.ee\/pood\/soogilaud-boston-round-naturaalne-puit\/"},"modified":"2025-08-20T21:49:40","modified_gmt":"2025-08-20T21:49:40","slug":"soogilaud-boston-round-naturaalne-puit","status":"publish","type":"product","link":"https:\/\/blankpage.ee\/_ruumist-ruumi\/pood\/soogilaud-boston-round-naturaalne-puit\/","title":{"rendered":"S\u00f6\u00f6gilaud Boston Round, naturaalne puit"},"content":{"rendered":"<h2>Tutvuge stiilse Boston \u00fcmmarguse s\u00f6\u00f6gilauaga, valmistatud naturaalsest puidust<\/h2>\n<p>See s\u00f6\u00f6gilaud on elegantsuse ja funktsionaalsuse ideaalne sulam, mis t\u00f5stab teie s\u00f6\u00f6gikorrad uuele tasemele. T\u00e4psete detailide j\u00e4lgimisega loodud muljetavaldav puidust laud \u00fchendab endas modernse disaini ja naturaalse puidu v\u00f5lu. See kaasaegne ja minimalistlik laud sobib suurep\u00e4raselt hubastesse s\u00f6\u00f6gitubadesse v\u00f5i korteritesse piiratud ruumiga. Lisaks sellele, et soodustab suhtluslikku ja sooja \u00f5hkkonda s\u00f6\u00f6gikordade ajal, sobitub ovaalne kujundus h\u00f5lpsasti igasse sisustusstiili, muutes selle kodus mitmek\u00fclgseks t\u00e4ienduseks.<\/p>\n<h4>Sukeldumine minimalistlikku ilu<\/h4>\n<p>Puiduviimistlus annab Boston s\u00f6\u00f6gilauale sooja ja kutsuva ilme, tuues teie s\u00f6\u00f6gituppa loodusl\u00e4hedust. Sile pind ja \u00fcmmargune alus tagavad vastupidavuse ja stiili, olles samas kergesti hooldatavad. Lisaks loovad naturaalsed puus\u00fc\u00fc ja tekstuur kauni ilme teie s\u00f6\u00f6gitoas. Laud mahutab mugavalt kuni 6 inimest. Selle s\u00f6\u00f6gilaua \u00fcmber naudite kindlasti aastaid toidukordi ja koosviibimisi.<\/p>\n<h4>Omadused<\/h4>\n<ul>\n<li>\u00dcmmargune kuju naturaalsest puidust<\/li>\n<li>Modernne ja minimalistlik disain<\/li>\n<li>Ovaalne kuju mitmek\u00fclgseks integreerimiseks<\/li>\n<li>Sobib kuni 6 inimesele<\/li>\n<li>Tugev \u00fcmmargune alus lisastabiilsuseks<\/li>\n<li>Kergesti hooldatav<\/li>\n<li>Ideaalne hubastesse s\u00f6\u00f6gitubadesse ja v\u00e4ikestesse korteritesse<\/li>\n<\/ul>\n","protected":false},"excerpt":{"rendered":"<p>Tutvuge stiilse Boston \u00fcmmarguse s\u00f6\u00f6gilauaga, valmistatud naturaalsest puidust See s\u00f6\u00f6gilaud on elegantsuse ja funktsionaalsuse ideaalne sulam, mis t\u00f5stab teie s\u00f6\u00f6gikorrad uuele tasemele. T\u00e4psete detailide j\u00e4lgimisega loodud muljetavaldav puidust laud \u00fchendab endas modernse disaini ja naturaalse puidu v\u00f5lu. See kaasaegne ja minimalistlik laud sobib suurep\u00e4raselt hubastesse s\u00f6\u00f6gitubadesse v\u00f5i korteritesse piiratud ruumiga. Lisaks sellele, et soodustab suhtluslikku [&hellip;]<\/p>\n","protected":false},"featured_media":51158,"comment_status":"closed","ping_status":"open","template":"","meta":[],"product_brand":[],"product_cat":[93],"product_tag":[],"class_list":{"0":"post-51157","1":"product","2":"type-product","3":"status-publish","4":"has-post-thumbnail","6":"product_cat-soogilauad","7":"product_shipping_class-furnicher","8":"pa_istekohtade-arv-kuni-4","9":"pa_kollektsioon-boston","10":"pa_laua-korgus-1190","11":"pa_laua-pikkus-1195","12":"pa_materjal-puit","13":"pa_varv-naturaalne","15":"first","16":"instock","17":"sale","18":"taxable","19":"shipping-taxable","20":"purchasable","21":"product-type-simple"},"_links":{"self":[{"href":"https:\/\/blankpage.ee\/_ruumist-ruumi\/wp-json\/wp\/v2\/product\/51157","targetHints":{"allow":["GET"]}}],"collection":[{"href":"https:\/\/blankpage.ee\/_ruumist-ruumi\/wp-json\/wp\/v2\/product"}],"about":[{"href":"https:\/\/blankpage.ee\/_ruumist-ruumi\/wp-json\/wp\/v2\/types\/product"}],"replies":[{"embeddable":true,"href":"https:\/\/blankpage.ee\/_ruumist-ruumi\/wp-json\/wp\/v2\/comments?post=51157"}],"wp:featuredmedia":[{"embeddable":true,"href":"https:\/\/blankpage.ee\/_ruumist-ruumi\/wp-json\/wp\/v2\/media\/51158"}],"wp:attachment":[{"href":"https:\/\/blankpage.ee\/_ruumist-ruumi\/wp-json\/wp\/v2\/media?parent=51157"}],"wp:term":[{"taxonomy":"product_brand","embeddable":true,"href":"https:\/\/blankpage.ee\/_ruumist-ruumi\/wp-json\/wp\/v2\/product_brand?post=51157"},{"taxonomy":"product_cat","embeddable":true,"href":"https:\/\/blankpage.ee\/_ruumist-ruumi\/wp-json\/wp\/v2\/product_cat?post=51157"},{"taxonomy":"product_tag","embeddable":true,"href":"https:\/\/blankpage.ee\/_ruumist-ruumi\/wp-json\/wp\/v2\/product_tag?post=51157"}],"curies":[{"name":"wp","href":"https:\/\/api.w.org\/{rel}","templated":true}]}}