{"id":51159,"date":"2024-12-18T11:12:57","date_gmt":"2024-12-18T11:12:57","guid":{"rendered":"https:\/\/ruumistruumi.ee\/pood\/soogilaud-boston-round-pahklipuu\/"},"modified":"2025-08-20T21:49:41","modified_gmt":"2025-08-20T21:49:41","slug":"soogilaud-boston-round-pahklipuu","status":"publish","type":"product","link":"https:\/\/blankpage.ee\/_ruumist-ruumi\/pood\/soogilaud-boston-round-pahklipuu\/","title":{"rendered":"S\u00f6\u00f6gilaud Boston Round, p\u00e4hklipuu"},"content":{"rendered":"<h2>Tutvustame stiilset Boston \u00fcmmargust s\u00f6\u00f6gilauda p\u00e4hklipuust<\/h2>\n<p>See s\u00f6\u00f6gilaud on elegantsi ja funktsionaalsuse t\u00e4iuslik segu, mis t\u00f5stab teie s\u00f6\u00f6gikogemuse uuele tasemele. T\u00e4psuse ja detailidele t\u00e4helepanu p\u00f6\u00f6ramisega valmistatud, see muljetavaldav p\u00e4hkliv\u00e4rvi laud \u00fchendab endas sujuva disaini ja p\u00e4hklipuu ilu. See moodne ja minimalistlik s\u00f6\u00f6gilaud sobib suurep\u00e4raselt hubastesse s\u00f6\u00f6giala- v\u00f5i korteriruumidesse, kus ruum on piiratud. Lisaks loob selle ovaalne disain \u00f5dusa ja sooja \u00f5hkkonna ning sulandub sujuvalt igasse interj\u00f6\u00f6ri stiili, lisades kodule mitmek\u00fclgsust.<\/p>\n<h4>Parandage oma s\u00f6\u00f6gikogemust<\/h4>\n<p>P\u00e4hklipuu viimistlus annab Boston s\u00f6\u00f6gilauale sooja ja kutsuva ilme, tuues teie s\u00f6\u00f6gialale stiili. Sile pind ja \u00fcmmargune alus tagavad vastupidavuse ja stiilsuse ning on h\u00f5lpsasti hooldatavad. Lisaks loovad selle looduslik tekstuur ja puidumuster teie s\u00f6\u00f6gitoas k\u00f6itva ilme. Laud mahutab mugavalt kuni 6 inimest, tagades, et saate aastateks nautida s\u00f6\u00f6maaegu ja koosviibimisi.<\/p>\n<h4>Omadused<\/h4>\n<ul>\n<li>Kaunis p\u00e4hklipuu viimistlus<\/li>\n<li>Moodne ja minimalistlik disain<\/li>\n<li>Ideaalne hubastesse s\u00f6\u00f6giala- ja korteriruumidesse<\/li>\n<li>Ovaalne disain, mis sulandub sujuvalt igasse interj\u00f6\u00f6ri stiili<\/li>\n<li>Mahutab mugavalt kuni 6 inimest<\/li>\n<li>Sile pind ja \u00fcmmargune alus vastupidavuse ja stiili jaoks<\/li>\n<li>Lihtne hooldada<\/li>\n<\/ul>\n","protected":false},"excerpt":{"rendered":"<p>Tutvustame stiilset Boston \u00fcmmargust s\u00f6\u00f6gilauda p\u00e4hklipuust See s\u00f6\u00f6gilaud on elegantsi ja funktsionaalsuse t\u00e4iuslik segu, mis t\u00f5stab teie s\u00f6\u00f6gikogemuse uuele tasemele. T\u00e4psuse ja detailidele t\u00e4helepanu p\u00f6\u00f6ramisega valmistatud, see muljetavaldav p\u00e4hkliv\u00e4rvi laud \u00fchendab endas sujuva disaini ja p\u00e4hklipuu ilu. See moodne ja minimalistlik s\u00f6\u00f6gilaud sobib suurep\u00e4raselt hubastesse s\u00f6\u00f6giala- v\u00f5i korteriruumidesse, kus ruum on piiratud. Lisaks loob selle [&hellip;]<\/p>\n","protected":false},"featured_media":51160,"comment_status":"closed","ping_status":"open","template":"","meta":[],"product_brand":[],"product_cat":[93],"product_tag":[],"class_list":{"0":"post-51159","1":"product","2":"type-product","3":"status-publish","4":"has-post-thumbnail","6":"product_cat-soogilauad","7":"product_shipping_class-furnicher","8":"pa_istekohtade-arv-kuni-4","9":"pa_kollektsioon-boston","10":"pa_laua-korgus-1190","11":"pa_laua-pikkus-1195","12":"pa_materjal-puit","13":"pa_varv-naturaalne","15":"first","16":"instock","17":"sale","18":"taxable","19":"shipping-taxable","20":"purchasable","21":"product-type-simple"},"_links":{"self":[{"href":"https:\/\/blankpage.ee\/_ruumist-ruumi\/wp-json\/wp\/v2\/product\/51159","targetHints":{"allow":["GET"]}}],"collection":[{"href":"https:\/\/blankpage.ee\/_ruumist-ruumi\/wp-json\/wp\/v2\/product"}],"about":[{"href":"https:\/\/blankpage.ee\/_ruumist-ruumi\/wp-json\/wp\/v2\/types\/product"}],"replies":[{"embeddable":true,"href":"https:\/\/blankpage.ee\/_ruumist-ruumi\/wp-json\/wp\/v2\/comments?post=51159"}],"wp:featuredmedia":[{"embeddable":true,"href":"https:\/\/blankpage.ee\/_ruumist-ruumi\/wp-json\/wp\/v2\/media\/51160"}],"wp:attachment":[{"href":"https:\/\/blankpage.ee\/_ruumist-ruumi\/wp-json\/wp\/v2\/media?parent=51159"}],"wp:term":[{"taxonomy":"product_brand","embeddable":true,"href":"https:\/\/blankpage.ee\/_ruumist-ruumi\/wp-json\/wp\/v2\/product_brand?post=51159"},{"taxonomy":"product_cat","embeddable":true,"href":"https:\/\/blankpage.ee\/_ruumist-ruumi\/wp-json\/wp\/v2\/product_cat?post=51159"},{"taxonomy":"product_tag","embeddable":true,"href":"https:\/\/blankpage.ee\/_ruumist-ruumi\/wp-json\/wp\/v2\/product_tag?post=51159"}],"curies":[{"name":"wp","href":"https:\/\/api.w.org\/{rel}","templated":true}]}}