{"id":51168,"date":"2024-12-18T11:12:57","date_gmt":"2024-12-18T11:12:57","guid":{"rendered":"https:\/\/ruumistruumi.ee\/pood\/soogilaud-brooke-klaas-ja-mustad-jalad\/"},"modified":"2025-08-20T21:49:44","modified_gmt":"2025-08-20T21:49:44","slug":"soogilaud-brooke-klaas-ja-mustad-jalad","status":"publish","type":"product","link":"https:\/\/blankpage.ee\/_ruumist-ruumi\/pood\/soogilaud-brooke-klaas-ja-mustad-jalad\/","title":{"rendered":"S\u00f6\u00f6gilaud Brooke, klaas ja mustad jalad"},"content":{"rendered":"<h2>Klaasist s\u00f6\u00f6gilaud Brooke<\/h2>\n<p>Klaasist s\u00f6\u00f6gilaud Brooke toob teie s\u00f6\u00f6gituppa kaasaegse ja julge ilme.<\/p>\n<p>Klaasist lauaplaat ja must metallist alus sobivad suurep\u00e4raselt kokku, luues toore ja moodsa meeleolu. S\u00f6\u00f6gilaud on lihtne hooldada ja sobib h\u00e4sti minimalistlikku eluruumi.<\/p>\n<h4>Stiilne, kaasaegne disain<\/h4>\n<p>Klaasist s\u00f6\u00f6gilaud Brooke on elegantne ja kaasaegne disainielement, mis sobib t\u00e4iuslikult modernsetesse kodudesse. L\u00e4bipaistev karastatud klaasplaadi ja tugeva musta pulberv\u00e4rvitud metallist aluse kombinatsioon loob silmapaistva visuaalse kontrasti, mis t\u00e4iustab iga s\u00f6\u00f6ginurka.<\/p>\n<h4>Funktsionaalne ja mitmek\u00fclgne<\/h4>\n<p>M\u00f5\u00f5tmetega 180 cm laiuses, 90 cm s\u00fcgavuses ja 75 cm k\u00f5rguses mahutab see s\u00f6\u00f6gilaud mugavalt kuni 6 inimest. See sobib suurep\u00e4raselt peres\u00f6\u00f6giaegadeks, k\u00fclaliste v\u00f5\u00f5rustamiseks v\u00f5i kodus t\u00f6\u00f6tamiseks. Laua minimalistlik esteetika tagab, et see t\u00e4iendab erinevaid sisustusstiile alates industriaalist kuni skandinaaviani.<\/p>\n<h4>Omadused<\/h4>\n<ul>\n<li>Karastatud klaasist laud<\/li>\n<li>Pulberv\u00e4rvitud metallist alus<\/li>\n<li>Ideaalne materjalide kombinatsioon toore ja kaasaegse ilme saavutamiseks<\/li>\n<li>Mahutab mugavalt kuni 6 inimest<\/li>\n<\/ul>\n","protected":false},"excerpt":{"rendered":"<p>Klaasist s\u00f6\u00f6gilaud Brooke Klaasist s\u00f6\u00f6gilaud Brooke toob teie s\u00f6\u00f6gituppa kaasaegse ja julge ilme. Klaasist lauaplaat ja must metallist alus sobivad suurep\u00e4raselt kokku, luues toore ja moodsa meeleolu. S\u00f6\u00f6gilaud on lihtne hooldada ja sobib h\u00e4sti minimalistlikku eluruumi. Stiilne, kaasaegne disain Klaasist s\u00f6\u00f6gilaud Brooke on elegantne ja kaasaegne disainielement, mis sobib t\u00e4iuslikult modernsetesse kodudesse. L\u00e4bipaistev karastatud klaasplaadi [&hellip;]<\/p>\n","protected":false},"featured_media":51169,"comment_status":"closed","ping_status":"open","template":"","meta":[],"product_brand":[],"product_cat":[93],"product_tag":[],"class_list":{"0":"post-51168","1":"product","2":"type-product","3":"status-publish","4":"has-post-thumbnail","6":"product_cat-soogilauad","7":"product_shipping_class-furnicher","8":"pa_istekohtade-arv-kuni-6","9":"pa_kollektsioon-brooke","10":"pa_laua-korgus-1190","11":"pa_laua-pikkus-1192","12":"pa_materjal-klaas","13":"pa_varv-must","15":"first","16":"instock","17":"sale","18":"taxable","19":"shipping-taxable","20":"purchasable","21":"product-type-simple"},"_links":{"self":[{"href":"https:\/\/blankpage.ee\/_ruumist-ruumi\/wp-json\/wp\/v2\/product\/51168","targetHints":{"allow":["GET"]}}],"collection":[{"href":"https:\/\/blankpage.ee\/_ruumist-ruumi\/wp-json\/wp\/v2\/product"}],"about":[{"href":"https:\/\/blankpage.ee\/_ruumist-ruumi\/wp-json\/wp\/v2\/types\/product"}],"replies":[{"embeddable":true,"href":"https:\/\/blankpage.ee\/_ruumist-ruumi\/wp-json\/wp\/v2\/comments?post=51168"}],"wp:featuredmedia":[{"embeddable":true,"href":"https:\/\/blankpage.ee\/_ruumist-ruumi\/wp-json\/wp\/v2\/media\/51169"}],"wp:attachment":[{"href":"https:\/\/blankpage.ee\/_ruumist-ruumi\/wp-json\/wp\/v2\/media?parent=51168"}],"wp:term":[{"taxonomy":"product_brand","embeddable":true,"href":"https:\/\/blankpage.ee\/_ruumist-ruumi\/wp-json\/wp\/v2\/product_brand?post=51168"},{"taxonomy":"product_cat","embeddable":true,"href":"https:\/\/blankpage.ee\/_ruumist-ruumi\/wp-json\/wp\/v2\/product_cat?post=51168"},{"taxonomy":"product_tag","embeddable":true,"href":"https:\/\/blankpage.ee\/_ruumist-ruumi\/wp-json\/wp\/v2\/product_tag?post=51168"}],"curies":[{"name":"wp","href":"https:\/\/api.w.org\/{rel}","templated":true}]}}