{"id":51176,"date":"2024-12-18T11:12:57","date_gmt":"2024-12-18T11:12:57","guid":{"rendered":"https:\/\/ruumistruumi.ee\/pood\/pikendatav-soogilaud-copenhagen-naturaalne-tamm\/"},"modified":"2025-08-20T21:49:47","modified_gmt":"2025-08-20T21:49:47","slug":"pikendatav-soogilaud-copenhagen-naturaalne-tamm","status":"publish","type":"product","link":"https:\/\/blankpage.ee\/_ruumist-ruumi\/pood\/pikendatav-soogilaud-copenhagen-naturaalne-tamm\/","title":{"rendered":"Pikendatav s\u00f6\u00f6gilaud Copenhagen, naturaalne tamm"},"content":{"rendered":"<h2>Pikendatav s\u00f6\u00f6gilaud Copenhagen, naturaalne tamm<\/h2>\n<p>Pikendatav s\u00f6\u00f6gilaud Copenhagen naturaalsest tammest kehastab rafineeritust ja loob t\u00e4iusliku atmosf\u00e4\u00e4ri sinu s\u00f6\u00f6gituppa.<\/p>\n<h4>Skandinaavia disain naturaalsetes toonides<\/h4>\n<p>Valmistatud kvaliteetsest naturaalsest tammest, see laud paljastab unikaalsed, rikkalikud puidus\u00fc\u00fc mustrid, pakkudes funktsionaalset kunstiteost sinu s\u00f6\u00f6giruumis. Minimalistlik disain, mis on iseloomulik skandinaavialikule stiilile, sobib suurep\u00e4raselt nii t\u00e4nap\u00e4evastesse kui ka loodusest inspireeritud interj\u00f6\u00f6ridesse. Laiendatult mahutab kuni 10 inimest.<\/p>\n<h4>Praktiline ja j\u00e4tkusuutlik s\u00f6\u00f6gikoht<\/h4>\n<p>Valides selle pikendatava laua, ei tee sa lihtsalt disainivalikut \u2014 see on p\u00fchendumus j\u00e4tkusuutlikkusele. Laud on ehitatud keskkonnas\u00f5bralike meetodite ja materjalidega, mis sobivad ideaalselt neile, kes eelistavad vastutustundlikku tarbimist stiilis j\u00e4releandmisi tegemata. Tammepuit pakub sooja v\u00e4limust, kuid tugevat konstruktsiooni ja vajab minimaalset hooldust. Lisaks oma esteetilisele v\u00f5lule pakub see laua kohandatavust ja avarust. Kasutajas\u00f5bralik pikendusmehhanism v\u00f5imaldab sul h\u00f5lpsalt lauda pikendada v\u00f5i lehti laua sisse hoiustada.<\/p>\n<h4>Omadused<\/h4>\n<ul>\n<li>Kvaliteetne naturaalne tammekonstruktsioon unikaalsete puidus\u00fc\u00fc mustritega<\/li>\n<li>Minimalistlik skandinaavialik disain modernsetele ja loodusest inspireeritud interj\u00f6\u00f6ridele<\/li>\n<li>Laiendatult mahutab kuni 10 inimest<\/li>\n<li>Keskkonnas\u00f5bralikud meetodid ja materjalid j\u00e4tkusuutlikuks elamiseks<\/li>\n<li>Soe, kuid tugev konstruktsioon madala hooldusvajadusega<\/li>\n<li>Kasutajas\u00f5bralik pikendusmehhanism koos praktilise lehtede hoiustamisega<\/li>\n<\/ul>\n","protected":false},"excerpt":{"rendered":"<p>Pikendatav s\u00f6\u00f6gilaud Copenhagen, naturaalne tamm Pikendatav s\u00f6\u00f6gilaud Copenhagen naturaalsest tammest kehastab rafineeritust ja loob t\u00e4iusliku atmosf\u00e4\u00e4ri sinu s\u00f6\u00f6gituppa. Skandinaavia disain naturaalsetes toonides Valmistatud kvaliteetsest naturaalsest tammest, see laud paljastab unikaalsed, rikkalikud puidus\u00fc\u00fc mustrid, pakkudes funktsionaalset kunstiteost sinu s\u00f6\u00f6giruumis. Minimalistlik disain, mis on iseloomulik skandinaavialikule stiilile, sobib suurep\u00e4raselt nii t\u00e4nap\u00e4evastesse kui ka loodusest inspireeritud interj\u00f6\u00f6ridesse. Laiendatult [&hellip;]<\/p>\n","protected":false},"featured_media":51177,"comment_status":"closed","ping_status":"open","template":"","meta":[],"product_brand":[],"product_cat":[93],"product_tag":[],"class_list":{"0":"post-51176","1":"product","2":"type-product","3":"status-publish","4":"has-post-thumbnail","6":"product_cat-soogilauad","7":"product_shipping_class-furnicher","8":"pa_istekohtade-arv-kuni-10","9":"pa_kollektsioon-copenhagen","10":"pa_laua-korgus-1193","11":"pa_laua-pikkus-1187","12":"pa_materjal-puit","13":"pa_varv-naturaalne","15":"first","16":"instock","17":"sale","18":"taxable","19":"shipping-taxable","20":"purchasable","21":"product-type-simple"},"_links":{"self":[{"href":"https:\/\/blankpage.ee\/_ruumist-ruumi\/wp-json\/wp\/v2\/product\/51176","targetHints":{"allow":["GET"]}}],"collection":[{"href":"https:\/\/blankpage.ee\/_ruumist-ruumi\/wp-json\/wp\/v2\/product"}],"about":[{"href":"https:\/\/blankpage.ee\/_ruumist-ruumi\/wp-json\/wp\/v2\/types\/product"}],"replies":[{"embeddable":true,"href":"https:\/\/blankpage.ee\/_ruumist-ruumi\/wp-json\/wp\/v2\/comments?post=51176"}],"wp:featuredmedia":[{"embeddable":true,"href":"https:\/\/blankpage.ee\/_ruumist-ruumi\/wp-json\/wp\/v2\/media\/51177"}],"wp:attachment":[{"href":"https:\/\/blankpage.ee\/_ruumist-ruumi\/wp-json\/wp\/v2\/media?parent=51176"}],"wp:term":[{"taxonomy":"product_brand","embeddable":true,"href":"https:\/\/blankpage.ee\/_ruumist-ruumi\/wp-json\/wp\/v2\/product_brand?post=51176"},{"taxonomy":"product_cat","embeddable":true,"href":"https:\/\/blankpage.ee\/_ruumist-ruumi\/wp-json\/wp\/v2\/product_cat?post=51176"},{"taxonomy":"product_tag","embeddable":true,"href":"https:\/\/blankpage.ee\/_ruumist-ruumi\/wp-json\/wp\/v2\/product_tag?post=51176"}],"curies":[{"name":"wp","href":"https:\/\/api.w.org\/{rel}","templated":true}]}}