{"id":51180,"date":"2024-12-18T11:13:21","date_gmt":"2024-12-18T11:13:21","guid":{"rendered":"https:\/\/ruumistruumi.ee\/pood\/pikendatav-ummargune-soogilaud-copenhagen-naturaalne-tamm\/"},"modified":"2025-08-20T21:49:09","modified_gmt":"2025-08-20T21:49:09","slug":"pikendatav-ummargune-soogilaud-copenhagen-naturaalne-tamm","status":"publish","type":"product","link":"https:\/\/blankpage.ee\/_ruumist-ruumi\/pood\/pikendatav-ummargune-soogilaud-copenhagen-naturaalne-tamm\/","title":{"rendered":"Pikendatav \u00fcmmargune s\u00f6\u00f6gilaud Copenhagen, naturaalne tamm"},"content":{"rendered":"<h2>\u00dcmmargune pikendatav s\u00f6\u00f6gilaud Copenhagen<\/h2>\n<p>Lisage oma s\u00f6\u00f6gituppa modernne, kuid praktiline element Copenhageni \u00fcmmarguse pikendatava s\u00f6\u00f6gilauaga, mis on valmistatud naturaalsest tammest.<\/p>\n<h4>Modernne s\u00f6\u00f6gituba naturaalse tamme v\u00e4limusega<\/h4>\n<p>Kvaliteetsest naturaalsest tammest valmistatud laud kiirgab elegantset ja peent esteetikat, millel on rikkalik puidumuster, mis on igal detailil ainulaadne, tuues teie s\u00f6\u00f6gialasse kunstilise v\u00e4ljenduse. Kaasaegne disain ja \u00fcmmargune kuju v\u00f5imaldavad laua harmoonilist sobitumist erinevat t\u00fc\u00fcpi interj\u00f6\u00f6ridega, alates modernsetest kuni klassikalisteni. Kasutajas\u00f5bralik pikendusmehhanism v\u00f5imaldab h\u00f5lpsasti lauda pikendada v\u00f5i hoiustada lisaplaate selle sisse.<\/p>\n<h4>Pikendatav s\u00f6\u00f6gilaud praktiliseks s\u00f6\u00f6gikogemuseks<\/h4>\n<p>Selle pikendatava laua valimine on stiilse ja vastutustundliku elamise avaldus. See on valmistatud keskkonnas\u00f5bralike materjalide ja meetoditega, mis teeb sellest suurep\u00e4rase valiku neile, kes hindavad j\u00e4tkusuutlikkust, loobumata stiilist v\u00f5i kvaliteedist. Pikendamise v\u00f5imalusega mahutab laud mugavalt kuni 6 inimest, luues igaks s\u00fcndmuseks mitmek\u00fclgse ja \u00fclevate s\u00f6\u00f6gikogemuse.<\/p>\n<h4>Omadused<\/h4>\n<ul>\n<li>Valmistatud kvaliteetsest naturaalsest tammest<\/li>\n<li>Ainulaadne puidumuster kunstiliseks v\u00e4ljenduseks<\/li>\n<li>Kaasaegne disain sobib erinevatesse interj\u00f6\u00f6ridesse<\/li>\n<li>Kasutajas\u00f5bralik pikendusmehhanism<\/li>\n<li>Mahutab kuni 6 inimest mugavalt<\/li>\n<li>Keskkonnas\u00f5bralikud materjalid ja meetodid<\/li>\n<\/ul>\n","protected":false},"excerpt":{"rendered":"<p>\u00dcmmargune pikendatav s\u00f6\u00f6gilaud Copenhagen Lisage oma s\u00f6\u00f6gituppa modernne, kuid praktiline element Copenhageni \u00fcmmarguse pikendatava s\u00f6\u00f6gilauaga, mis on valmistatud naturaalsest tammest. Modernne s\u00f6\u00f6gituba naturaalse tamme v\u00e4limusega Kvaliteetsest naturaalsest tammest valmistatud laud kiirgab elegantset ja peent esteetikat, millel on rikkalik puidumuster, mis on igal detailil ainulaadne, tuues teie s\u00f6\u00f6gialasse kunstilise v\u00e4ljenduse. Kaasaegne disain ja \u00fcmmargune kuju v\u00f5imaldavad [&hellip;]<\/p>\n","protected":false},"featured_media":51181,"comment_status":"closed","ping_status":"open","template":"","meta":[],"product_brand":[],"product_cat":[93],"product_tag":[],"class_list":{"0":"post-51180","1":"product","2":"type-product","3":"status-publish","4":"has-post-thumbnail","6":"product_cat-soogilauad","7":"product_shipping_class-furnicher","8":"pa_istekohtade-arv-kuni-8","9":"pa_kollektsioon-copenhagen","10":"pa_laua-korgus-1190","11":"pa_laua-pikkus-1195","12":"pa_materjal-puit","13":"pa_varv-naturaalne","15":"first","16":"instock","17":"sale","18":"taxable","19":"shipping-taxable","20":"purchasable","21":"product-type-simple"},"_links":{"self":[{"href":"https:\/\/blankpage.ee\/_ruumist-ruumi\/wp-json\/wp\/v2\/product\/51180","targetHints":{"allow":["GET"]}}],"collection":[{"href":"https:\/\/blankpage.ee\/_ruumist-ruumi\/wp-json\/wp\/v2\/product"}],"about":[{"href":"https:\/\/blankpage.ee\/_ruumist-ruumi\/wp-json\/wp\/v2\/types\/product"}],"replies":[{"embeddable":true,"href":"https:\/\/blankpage.ee\/_ruumist-ruumi\/wp-json\/wp\/v2\/comments?post=51180"}],"wp:featuredmedia":[{"embeddable":true,"href":"https:\/\/blankpage.ee\/_ruumist-ruumi\/wp-json\/wp\/v2\/media\/51181"}],"wp:attachment":[{"href":"https:\/\/blankpage.ee\/_ruumist-ruumi\/wp-json\/wp\/v2\/media?parent=51180"}],"wp:term":[{"taxonomy":"product_brand","embeddable":true,"href":"https:\/\/blankpage.ee\/_ruumist-ruumi\/wp-json\/wp\/v2\/product_brand?post=51180"},{"taxonomy":"product_cat","embeddable":true,"href":"https:\/\/blankpage.ee\/_ruumist-ruumi\/wp-json\/wp\/v2\/product_cat?post=51180"},{"taxonomy":"product_tag","embeddable":true,"href":"https:\/\/blankpage.ee\/_ruumist-ruumi\/wp-json\/wp\/v2\/product_tag?post=51180"}],"curies":[{"name":"wp","href":"https:\/\/api.w.org\/{rel}","templated":true}]}}