{"id":51184,"date":"2024-12-18T11:13:21","date_gmt":"2024-12-18T11:13:21","guid":{"rendered":"https:\/\/ruumistruumi.ee\/pood\/pikendatav-soogilaud-devi-must-puit\/"},"modified":"2025-08-20T21:49:11","modified_gmt":"2025-08-20T21:49:11","slug":"pikendatav-soogilaud-devi-must-puit","status":"publish","type":"product","link":"https:\/\/blankpage.ee\/_ruumist-ruumi\/pood\/pikendatav-soogilaud-devi-must-puit\/","title":{"rendered":"Pikendatav s\u00f6\u00f6gilaud Devi, must puit"},"content":{"rendered":"<h2>Pikendatav s\u00f6\u00f6gilaud Devi: stiilne mitmek\u00fclgsus mustas<\/h2>\n<p>Tutvuge pikendatava s\u00f6\u00f6gilauaga Devi, mis \u00fchendab endas funktsionaalsuse ja modernse stiili. Musta lakitud tammespoonist laua pind ja samas stiilis alus muudavad selle laua kohandatavaks teie ruumi ja istumisvajaduste j\u00e4rgi, kasutades nutikat liblikpikenduse s\u00fcsteemi.<\/p>\n<h4>Lihtne pikendamiss\u00fcsteem ja hoiustamine<\/h4>\n<p>S\u00f6\u00f6gilaud Devi on varustatud liblikpikenduse mehhanismiga, mis v\u00f5imaldab selles mugavalt istuda kuni kuuel inimesel. Pikenduse lehe all laua all integreeritud hoiustamine tagab, et see on alati h\u00f5lpsasti k\u00e4ttesaadav ja vajadusel korralikult hoiustatud.<\/p>\n<h4>Stiilne disain ja vastupidav konstruktsioon<\/h4>\n<p>Kogu laud on viimistletud silmatorkava musta lakiga, pakkudes elegantset v\u00e4limust, mis t\u00e4iustab igasugust s\u00f6\u00f6gitoa sisekujundust. Tugev puidust alus tagab vastupidavuse ja stabiilsuse, olles teie kodu keskpunktiks aastateks.<\/p>\n<h4>Omadused<\/h4>\n<ul>\n<li>Kaasaegne \u00fcmmargune s\u00f6\u00f6gilaud liblikpikendusega<\/li>\n<li>Must lakitud tammespoonist laua pind ja puidust alus moodustavad \u00fchtse ilme<\/li>\n<li>Praktiline pikenduse lehtede hoiustamine laua all<\/li>\n<li>Mugav neljale inimesele, pikendatult kuni kuue inimese jaoks suuremateks koosviibimisteks<\/li>\n<\/ul>\n","protected":false},"excerpt":{"rendered":"<p>Pikendatav s\u00f6\u00f6gilaud Devi: stiilne mitmek\u00fclgsus mustas Tutvuge pikendatava s\u00f6\u00f6gilauaga Devi, mis \u00fchendab endas funktsionaalsuse ja modernse stiili. Musta lakitud tammespoonist laua pind ja samas stiilis alus muudavad selle laua kohandatavaks teie ruumi ja istumisvajaduste j\u00e4rgi, kasutades nutikat liblikpikenduse s\u00fcsteemi. Lihtne pikendamiss\u00fcsteem ja hoiustamine S\u00f6\u00f6gilaud Devi on varustatud liblikpikenduse mehhanismiga, mis v\u00f5imaldab selles mugavalt istuda kuni [&hellip;]<\/p>\n","protected":false},"featured_media":51185,"comment_status":"closed","ping_status":"open","template":"","meta":[],"product_brand":[],"product_cat":[93],"product_tag":[],"class_list":{"0":"post-51184","1":"product","2":"type-product","3":"status-publish","4":"has-post-thumbnail","6":"product_cat-soogilauad","7":"product_shipping_class-furnicher","8":"pa_istekohtade-arv-kuni-6","9":"pa_kollektsioon-devi","10":"pa_laua-korgus-1190","11":"pa_laua-pikkus-o115-154","12":"pa_laua-sugavus-1201","13":"pa_materjal-puit","14":"pa_varv-must","16":"first","17":"outofstock","18":"sale","19":"taxable","20":"shipping-taxable","21":"purchasable","22":"product-type-simple"},"_links":{"self":[{"href":"https:\/\/blankpage.ee\/_ruumist-ruumi\/wp-json\/wp\/v2\/product\/51184","targetHints":{"allow":["GET"]}}],"collection":[{"href":"https:\/\/blankpage.ee\/_ruumist-ruumi\/wp-json\/wp\/v2\/product"}],"about":[{"href":"https:\/\/blankpage.ee\/_ruumist-ruumi\/wp-json\/wp\/v2\/types\/product"}],"replies":[{"embeddable":true,"href":"https:\/\/blankpage.ee\/_ruumist-ruumi\/wp-json\/wp\/v2\/comments?post=51184"}],"wp:featuredmedia":[{"embeddable":true,"href":"https:\/\/blankpage.ee\/_ruumist-ruumi\/wp-json\/wp\/v2\/media\/51185"}],"wp:attachment":[{"href":"https:\/\/blankpage.ee\/_ruumist-ruumi\/wp-json\/wp\/v2\/media?parent=51184"}],"wp:term":[{"taxonomy":"product_brand","embeddable":true,"href":"https:\/\/blankpage.ee\/_ruumist-ruumi\/wp-json\/wp\/v2\/product_brand?post=51184"},{"taxonomy":"product_cat","embeddable":true,"href":"https:\/\/blankpage.ee\/_ruumist-ruumi\/wp-json\/wp\/v2\/product_cat?post=51184"},{"taxonomy":"product_tag","embeddable":true,"href":"https:\/\/blankpage.ee\/_ruumist-ruumi\/wp-json\/wp\/v2\/product_tag?post=51184"}],"curies":[{"name":"wp","href":"https:\/\/api.w.org\/{rel}","templated":true}]}}