{"id":51202,"date":"2024-12-18T11:13:21","date_gmt":"2024-12-18T11:13:21","guid":{"rendered":"https:\/\/ruumistruumi.ee\/pood\/pikendatav-soogilaud-devi-naturaalne-puit\/"},"modified":"2025-08-20T21:49:13","modified_gmt":"2025-08-20T21:49:13","slug":"pikendatav-soogilaud-devi-naturaalne-puit","status":"publish","type":"product","link":"https:\/\/blankpage.ee\/_ruumist-ruumi\/pood\/pikendatav-soogilaud-devi-naturaalne-puit\/","title":{"rendered":"Pikendatav s\u00f6\u00f6gilaud Devi, naturaalne puit"},"content":{"rendered":"<h2>Pikendatav s\u00f6\u00f6gilaud Devi: soojus ja paindlikkus<\/h2>\n<p>Kogege Devi pikendatava s\u00f6\u00f6gilaua v\u00f5lu ja paindlikkust, mille lauaplaat on valmistatud naturaalse lakitud tammespooniga. See moodne s\u00f6\u00f6gilahendus sisaldab liblikpikenduse s\u00fcsteemi, mis v\u00f5imaldab teil laua suurust oma vajaduste j\u00e4rgi kohandada, sulandades sujuvalt vormi ja funktsiooni.<\/p>\n<h4>Praktiline disain ja loomulik v\u00f5lu<\/h4>\n<p>Devi s\u00f6\u00f6gilaud pakub looduslikku soojust oma lakitud tammespoonist lauaplaadiga, muutes selle iga s\u00f6\u00f6giala kutsuvaks keskpunktiks. Laua taga mahub mugavalt istuma neli inimest ning seda saab pikendada viiele, mis on ideaalne koosviibimisteks ja t\u00e4iendavate k\u00fclaliste jaoks. Lauaplaadi alla peidetud pikendusplaadi mugavus tagab, et laua suuruse kohandamine on vaevatu.<\/p>\n<h4>Vastupidav ja stiilne<\/h4>\n<p>See laud ei ole mitte ainult funktsionaalne, vaid ka kaunilt kujundatud. Lakitud viimistlus mitte ainult ei r\u00f5huta puidu loomulikku ilu, vaid pakub ka vastupidavat pinda, mis peab vastu igap\u00e4evasele kasutusele. Pikendusplaadi hoiustamise integreerimine lisab laua praktilisust, kahjustamata selle elegantset disaini.<\/p>\n<h4>Omadused<\/h4>\n<ul>\n<li>Kaasaegne \u00fcmarlauaga s\u00f6\u00f6gilaud liblikpikenduse funktsiooniga<\/li>\n<li>Lakitud tammespoonist lauaplaat lisab soojust ja elegantsi<\/li>\n<li>Pikendusplaadi hoiustamine laua all lihtsaks juurdep\u00e4\u00e4suks<\/li>\n<li>Mugavalt mahutab 4-5 inimest, mis sobib v\u00e4ikestele ja keskmise suurusega koosviibimistele<\/li>\n<\/ul>\n","protected":false},"excerpt":{"rendered":"<p>Pikendatav s\u00f6\u00f6gilaud Devi: soojus ja paindlikkus Kogege Devi pikendatava s\u00f6\u00f6gilaua v\u00f5lu ja paindlikkust, mille lauaplaat on valmistatud naturaalse lakitud tammespooniga. See moodne s\u00f6\u00f6gilahendus sisaldab liblikpikenduse s\u00fcsteemi, mis v\u00f5imaldab teil laua suurust oma vajaduste j\u00e4rgi kohandada, sulandades sujuvalt vormi ja funktsiooni. Praktiline disain ja loomulik v\u00f5lu Devi s\u00f6\u00f6gilaud pakub looduslikku soojust oma lakitud tammespoonist lauaplaadiga, muutes [&hellip;]<\/p>\n","protected":false},"featured_media":51203,"comment_status":"closed","ping_status":"open","template":"","meta":[],"product_brand":[],"product_cat":[93],"product_tag":[],"class_list":{"0":"post-51202","1":"product","2":"type-product","3":"status-publish","4":"has-post-thumbnail","6":"product_cat-soogilauad","7":"product_shipping_class-furnicher","8":"pa_istekohtade-arv-kuni-6","9":"pa_kollektsioon-devi","10":"pa_laua-korgus-1190","11":"pa_laua-pikkus-o115-154","12":"pa_materjal-puit","13":"pa_varv-naturaalne","15":"first","16":"outofstock","17":"sale","18":"taxable","19":"shipping-taxable","20":"purchasable","21":"product-type-simple"},"_links":{"self":[{"href":"https:\/\/blankpage.ee\/_ruumist-ruumi\/wp-json\/wp\/v2\/product\/51202","targetHints":{"allow":["GET"]}}],"collection":[{"href":"https:\/\/blankpage.ee\/_ruumist-ruumi\/wp-json\/wp\/v2\/product"}],"about":[{"href":"https:\/\/blankpage.ee\/_ruumist-ruumi\/wp-json\/wp\/v2\/types\/product"}],"replies":[{"embeddable":true,"href":"https:\/\/blankpage.ee\/_ruumist-ruumi\/wp-json\/wp\/v2\/comments?post=51202"}],"wp:featuredmedia":[{"embeddable":true,"href":"https:\/\/blankpage.ee\/_ruumist-ruumi\/wp-json\/wp\/v2\/media\/51203"}],"wp:attachment":[{"href":"https:\/\/blankpage.ee\/_ruumist-ruumi\/wp-json\/wp\/v2\/media?parent=51202"}],"wp:term":[{"taxonomy":"product_brand","embeddable":true,"href":"https:\/\/blankpage.ee\/_ruumist-ruumi\/wp-json\/wp\/v2\/product_brand?post=51202"},{"taxonomy":"product_cat","embeddable":true,"href":"https:\/\/blankpage.ee\/_ruumist-ruumi\/wp-json\/wp\/v2\/product_cat?post=51202"},{"taxonomy":"product_tag","embeddable":true,"href":"https:\/\/blankpage.ee\/_ruumist-ruumi\/wp-json\/wp\/v2\/product_tag?post=51202"}],"curies":[{"name":"wp","href":"https:\/\/api.w.org\/{rel}","templated":true}]}}