{"id":51210,"date":"2024-12-18T11:13:21","date_gmt":"2024-12-18T11:13:21","guid":{"rendered":"https:\/\/ruumistruumi.ee\/pood\/pikendatav-soogilaud-devi-naturaalne-puit-2\/"},"modified":"2025-08-20T21:49:15","modified_gmt":"2025-08-20T21:49:15","slug":"pikendatav-soogilaud-devi-naturaalne-puit-2","status":"publish","type":"product","link":"https:\/\/blankpage.ee\/_ruumist-ruumi\/pood\/pikendatav-soogilaud-devi-naturaalne-puit-2\/","title":{"rendered":"Pikendatav s\u00f6\u00f6gilaud Devi, naturaalne puit"},"content":{"rendered":"<h2>Devi ristk\u00fclikukujuline s\u00f6\u00f6gilaud: loomulik elegants ja mitmek\u00fclgsus<\/h2>\n<p>Tutvustage oma kodus Devi ristk\u00fclikukujulise s\u00f6\u00f6gilaua ajatut v\u00f5lu. Soojustatud naturaalset viimistlust omav lakitud tammespoon \u00fchendab endas puidu ilu ja kaasaegse liblikakujulise pikenduss\u00fcsteemi, mis on loodud kohandumaks teie muutuvate s\u00f6\u00f6givajadustega.<\/p>\n<h4>Soojus ja funktsionaalsus \u00fchendatud<\/h4>\n<p>Devi s\u00f6\u00f6gilaua lauaplaat on valmistatud kaunilt lakitud tammespoonist, pakkudes nii vastupidavust kui ka kutsuvat esteetikat. See laud mahutab mugavalt kuus inimest, kuid v\u00f5ib t\u00e4nu allapoole lauaplaati integreeritud pikenduslehvikule kergesti laieneda. See omadus teeb selle ideaalseks k\u00fclaliste ja peres\u00fcndmuste v\u00f5\u00f5rustamiseks, ohverdamata ruumi.<\/p>\n<h4>Vastupidav disain ja mugav hoiustamine<\/h4>\n<p>See s\u00f6\u00f6gilaud mitte ainult ei n\u00e4e suurep\u00e4rane v\u00e4lja, vaid on ka loodud kestma. Lakkviimistlus t\u00f5stab esile tammespooni loomuliku ilu ja kaitseb pinda igap\u00e4evaste kulumisj\u00e4lgede eest. Pikenduslehviku mugav hoiustamine tagab laua elegantse ja korrastatud v\u00e4limuse, kui seda ei ole t\u00e4ielikult laiendatud.<\/p>\n<h4>Omadused<\/h4>\n<ul>\n<li>Kaasaegne ristk\u00fclikukujuline disain liblikakujulise pikenduss\u00fcsteemiga<\/li>\n<li>Natuuraalne lakitud tammespooniga pind sooja, kutsuva ilme saavutamiseks<\/li>\n<li>Pikenduslehviku hoiuruum laua all<\/li>\n<li>Mahutab mugavalt 6 inimest, laieneb kergesti t\u00e4iendavate k\u00fclaliste jaoks<\/li>\n<\/ul>\n","protected":false},"excerpt":{"rendered":"<p>Devi ristk\u00fclikukujuline s\u00f6\u00f6gilaud: loomulik elegants ja mitmek\u00fclgsus Tutvustage oma kodus Devi ristk\u00fclikukujulise s\u00f6\u00f6gilaua ajatut v\u00f5lu. Soojustatud naturaalset viimistlust omav lakitud tammespoon \u00fchendab endas puidu ilu ja kaasaegse liblikakujulise pikenduss\u00fcsteemi, mis on loodud kohandumaks teie muutuvate s\u00f6\u00f6givajadustega. Soojus ja funktsionaalsus \u00fchendatud Devi s\u00f6\u00f6gilaua lauaplaat on valmistatud kaunilt lakitud tammespoonist, pakkudes nii vastupidavust kui ka kutsuvat esteetikat. [&hellip;]<\/p>\n","protected":false},"featured_media":51211,"comment_status":"closed","ping_status":"open","template":"","meta":[],"product_brand":[],"product_cat":[93],"product_tag":[],"class_list":{"0":"post-51210","1":"product","2":"type-product","3":"status-publish","4":"has-post-thumbnail","6":"product_cat-soogilauad","7":"product_shipping_class-furnicher","8":"pa_istekohtade-arv-kuni-6","9":"pa_kollektsioon-devi","10":"pa_laua-korgus-1190","11":"pa_laua-pikkus-1192","12":"pa_materjal-puit","13":"pa_varv-naturaalne","15":"first","16":"outofstock","17":"sale","18":"taxable","19":"shipping-taxable","20":"purchasable","21":"product-type-simple"},"_links":{"self":[{"href":"https:\/\/blankpage.ee\/_ruumist-ruumi\/wp-json\/wp\/v2\/product\/51210","targetHints":{"allow":["GET"]}}],"collection":[{"href":"https:\/\/blankpage.ee\/_ruumist-ruumi\/wp-json\/wp\/v2\/product"}],"about":[{"href":"https:\/\/blankpage.ee\/_ruumist-ruumi\/wp-json\/wp\/v2\/types\/product"}],"replies":[{"embeddable":true,"href":"https:\/\/blankpage.ee\/_ruumist-ruumi\/wp-json\/wp\/v2\/comments?post=51210"}],"wp:featuredmedia":[{"embeddable":true,"href":"https:\/\/blankpage.ee\/_ruumist-ruumi\/wp-json\/wp\/v2\/media\/51211"}],"wp:attachment":[{"href":"https:\/\/blankpage.ee\/_ruumist-ruumi\/wp-json\/wp\/v2\/media?parent=51210"}],"wp:term":[{"taxonomy":"product_brand","embeddable":true,"href":"https:\/\/blankpage.ee\/_ruumist-ruumi\/wp-json\/wp\/v2\/product_brand?post=51210"},{"taxonomy":"product_cat","embeddable":true,"href":"https:\/\/blankpage.ee\/_ruumist-ruumi\/wp-json\/wp\/v2\/product_cat?post=51210"},{"taxonomy":"product_tag","embeddable":true,"href":"https:\/\/blankpage.ee\/_ruumist-ruumi\/wp-json\/wp\/v2\/product_tag?post=51210"}],"curies":[{"name":"wp","href":"https:\/\/api.w.org\/{rel}","templated":true}]}}