{"id":51214,"date":"2024-12-18T11:13:21","date_gmt":"2024-12-18T11:13:21","guid":{"rendered":"https:\/\/ruumistruumi.ee\/pood\/pikendatav-soogilaud-devi-pahklipuu-pealmine-osa\/"},"modified":"2025-08-20T21:49:16","modified_gmt":"2025-08-20T21:49:16","slug":"pikendatav-soogilaud-devi-pahklipuu-pealmine-osa","status":"publish","type":"product","link":"https:\/\/blankpage.ee\/_ruumist-ruumi\/pood\/pikendatav-soogilaud-devi-pahklipuu-pealmine-osa\/","title":{"rendered":"Pikendatav s\u00f6\u00f6gilaud Devi, p\u00e4hklipuu pealmine osa"},"content":{"rendered":"<h2>Pikendatav s\u00f6\u00f6gilaud Devi, p\u00e4hkel<\/h2>\n<p>Pikendatav s\u00f6\u00f6gilaud Devi p\u00e4hklipuidust lauaplaadi ja kummipuust jalgadega avaldab teie k\u00fclalistele muljet.<\/p>\n<h4>Funktsionaalne laud teie ruumi jaoks<\/h4>\n<p>Tutvuge s\u00f6\u00f6gilauaga, mis on nii atraktiivne kui ka mahutab kogu pere. Selle s\u00f6\u00f6gilaua ristk\u00fclikukujuline vorm, \u00fcmardatud nurgad ja tume puiduv\u00e4limus lisavad igale s\u00f6\u00f6gikorrale elevust. T\u00e4nu liblikpikale pikendusele saab laua pinda h\u00f5lpsasti suurendada. See on lihtne protsess, mis ei n\u00f5ua palju aega ega vaeva. Laua sisene hoiuruum v\u00f5imaldab pikenduslehti mugavalt hoiustada, s\u00e4ilitades stiili ja lisades funktsionaalsust.<\/p>\n<h4>Kvaliteetne p\u00e4hklist lauaplaat<\/h4>\n<p>Tipptasemel p\u00e4hklipuidust lauaplaadiga valmistatud laud teeb muljetavaldava visuaalse efekti ning tagab kauakestva vastupidavuse. P\u00e4hkli rikkalik tekstuur ja toon toovad igasse s\u00f6\u00f6giruumi elegantsi. Allpool asuv tugev kummipuidust konstruktsioon tagab p\u00fcsiva stabiilsuse ja tugevuse, tehes sellest aastaid kestva investeeringu. Minimalistlikust ja funktsionaalsest Skandinaavia stiilist inspireeritud disain koos puhaste joonte ja voolujoonelise vormiga. See pikendatav laud kohandub h\u00f5lpsasti teie meelelahutusvajadustega, laienedes sujuvalt, et mahutada lisak\u00fclalisi, ja naastes elegantselt oma kompaktsesse vormi. Devi on rohkem kui s\u00f6\u00f6gilaud; see on ajatu stiili ja p\u00fcsiva kvaliteedi s\u00fcmbol.<\/p>\n<h4>Omadused<\/h4>\n<ul>\n<li>Modernne s\u00f6\u00f6gilaud liblikpikendusega<\/li>\n<li>Lauapinda saab pikendada 39 cm v\u00f5rra<\/li>\n<li>P\u00e4hklipuidust v\u00e4limus<\/li>\n<li>Valmistatud vastupidavatest materjalidest<\/li>\n<li>Mahutab mugavalt kuni 8 inimest<\/li>\n<\/ul>\n","protected":false},"excerpt":{"rendered":"<p>Pikendatav s\u00f6\u00f6gilaud Devi, p\u00e4hkel Pikendatav s\u00f6\u00f6gilaud Devi p\u00e4hklipuidust lauaplaadi ja kummipuust jalgadega avaldab teie k\u00fclalistele muljet. Funktsionaalne laud teie ruumi jaoks Tutvuge s\u00f6\u00f6gilauaga, mis on nii atraktiivne kui ka mahutab kogu pere. Selle s\u00f6\u00f6gilaua ristk\u00fclikukujuline vorm, \u00fcmardatud nurgad ja tume puiduv\u00e4limus lisavad igale s\u00f6\u00f6gikorrale elevust. T\u00e4nu liblikpikale pikendusele saab laua pinda h\u00f5lpsasti suurendada. See on [&hellip;]<\/p>\n","protected":false},"featured_media":51215,"comment_status":"closed","ping_status":"open","template":"","meta":[],"product_brand":[],"product_cat":[93],"product_tag":[],"class_list":{"0":"post-51214","1":"product","2":"type-product","3":"status-publish","4":"has-post-thumbnail","6":"product_cat-soogilauad","7":"product_shipping_class-furnicher","8":"pa_istekohtade-arv-kuni-6","9":"pa_kollektsioon-devi","10":"pa_laua-korgus-1190","11":"pa_laua-pikkus-1192","12":"pa_materjal-puit","13":"pa_varv-naturaalne","15":"first","16":"outofstock","17":"sale","18":"taxable","19":"shipping-taxable","20":"purchasable","21":"product-type-simple"},"_links":{"self":[{"href":"https:\/\/blankpage.ee\/_ruumist-ruumi\/wp-json\/wp\/v2\/product\/51214","targetHints":{"allow":["GET"]}}],"collection":[{"href":"https:\/\/blankpage.ee\/_ruumist-ruumi\/wp-json\/wp\/v2\/product"}],"about":[{"href":"https:\/\/blankpage.ee\/_ruumist-ruumi\/wp-json\/wp\/v2\/types\/product"}],"replies":[{"embeddable":true,"href":"https:\/\/blankpage.ee\/_ruumist-ruumi\/wp-json\/wp\/v2\/comments?post=51214"}],"wp:featuredmedia":[{"embeddable":true,"href":"https:\/\/blankpage.ee\/_ruumist-ruumi\/wp-json\/wp\/v2\/media\/51215"}],"wp:attachment":[{"href":"https:\/\/blankpage.ee\/_ruumist-ruumi\/wp-json\/wp\/v2\/media?parent=51214"}],"wp:term":[{"taxonomy":"product_brand","embeddable":true,"href":"https:\/\/blankpage.ee\/_ruumist-ruumi\/wp-json\/wp\/v2\/product_brand?post=51214"},{"taxonomy":"product_cat","embeddable":true,"href":"https:\/\/blankpage.ee\/_ruumist-ruumi\/wp-json\/wp\/v2\/product_cat?post=51214"},{"taxonomy":"product_tag","embeddable":true,"href":"https:\/\/blankpage.ee\/_ruumist-ruumi\/wp-json\/wp\/v2\/product_tag?post=51214"}],"curies":[{"name":"wp","href":"https:\/\/api.w.org\/{rel}","templated":true}]}}