{"id":51217,"date":"2024-12-18T11:13:21","date_gmt":"2024-12-18T11:13:21","guid":{"rendered":"https:\/\/ruumistruumi.ee\/pood\/aialaud-dida-hall\/"},"modified":"2025-08-20T21:49:17","modified_gmt":"2025-08-20T21:49:17","slug":"aialaud-dida-hall","status":"publish","type":"product","link":"https:\/\/blankpage.ee\/_ruumist-ruumi\/pood\/aialaud-dida-hall\/","title":{"rendered":"Aialaud Dida, hall, 210 x 100 cm"},"content":{"rendered":"<h2>Aialaud Dida: V\u00e4listingimustes einestamise elegants<\/h2>\n<p>Tutvustage Dida aialauda oma v\u00e4liruumis, mis on stiili ja praktilisuse t\u00e4iuslik segu, et rikastada teie v\u00e4listingimustes einestamise kogemust. Selle elegantne ja moodne disain, millel on hall pealispind ja must metallist alus, mahutab mugavalt kuus inimest ning sobib suurep\u00e4raselt erinevateks seltskondlikeks kogunemisteks taeva all.<\/p>\n<h4>Einestage kaasaegses stiilis<\/h4>\n<p>Tooge oma v\u00e4listingimustes s\u00f6\u00f6gikordadesse elegantsi Dida aialauaga. See laud ei tundu mitte ainult muljetavaldav oma elegantse ja moodsa esteetikaga, vaid pakub ka praktilisust kuni kuuele s\u00f6\u00f6jale. Olgu tegemist juhusliku pere grillipeo v\u00f5i elegantse suvise \u00f5htus\u00f6\u00f6giga, Dida aialaud pakub rohkelt ruumi k\u00fclaliste kogunemiseks ja nautimiseks.<\/p>\n<h4>Stiilne vastupidavus iga terrassi jaoks<\/h4>\n<p>Dida aialaud on loodud elementide talumiseks, tagades pikaealisuse ja s\u00e4ilitades oma esteetilise v\u00f5lu l\u00e4bi aastaaegade. Selle tugevad materjalid on kulumiskindlad, muutes selle vastupidavaks lisandiks igas v\u00e4liskeskkonnas. Moodne disain t\u00e4iendab iga terrassi v\u00f5i tagaaia sisustust, muutes teie v\u00e4listingimustes ruumi rafineeritud einestamisalaks.<\/p>\n<h4>Omadused<\/h4>\n<ul>\n<li>Elegantne ja moodne disain<\/li>\n<li>Mugav istekoht kuuele inimesele<\/li>\n<li>Ilmastikukindlad materjalid<\/li>\n<li>Lihtne paigaldada<\/li>\n<li>Tugev must metallist alus<\/li>\n<\/ul>\n","protected":false},"excerpt":{"rendered":"<p>Aialaud Dida: V\u00e4listingimustes einestamise elegants Tutvustage Dida aialauda oma v\u00e4liruumis, mis on stiili ja praktilisuse t\u00e4iuslik segu, et rikastada teie v\u00e4listingimustes einestamise kogemust. Selle elegantne ja moodne disain, millel on hall pealispind ja must metallist alus, mahutab mugavalt kuus inimest ning sobib suurep\u00e4raselt erinevateks seltskondlikeks kogunemisteks taeva all. Einestage kaasaegses stiilis Tooge oma v\u00e4listingimustes s\u00f6\u00f6gikordadesse [&hellip;]<\/p>\n","protected":false},"featured_media":51218,"comment_status":"closed","ping_status":"closed","template":"","meta":[],"product_brand":[],"product_cat":[1782],"product_tag":[],"class_list":{"0":"post-51217","1":"product","2":"type-product","3":"status-publish","4":"has-post-thumbnail","6":"product_cat-aialauad-ja-soogilauad-terrassile","7":"product_shipping_class-furnicher","8":"pa_istekohtade-arv-kuni-6","9":"pa_kollektsioon-dida","10":"pa_laua-korgus-1190","11":"pa_laua-pikkus-1187","12":"pa_materjal-plastik","13":"pa_varv-tumehall","15":"first","16":"instock","17":"sale","18":"taxable","19":"shipping-taxable","20":"purchasable","21":"product-type-simple"},"_links":{"self":[{"href":"https:\/\/blankpage.ee\/_ruumist-ruumi\/wp-json\/wp\/v2\/product\/51217","targetHints":{"allow":["GET"]}}],"collection":[{"href":"https:\/\/blankpage.ee\/_ruumist-ruumi\/wp-json\/wp\/v2\/product"}],"about":[{"href":"https:\/\/blankpage.ee\/_ruumist-ruumi\/wp-json\/wp\/v2\/types\/product"}],"replies":[{"embeddable":true,"href":"https:\/\/blankpage.ee\/_ruumist-ruumi\/wp-json\/wp\/v2\/comments?post=51217"}],"wp:featuredmedia":[{"embeddable":true,"href":"https:\/\/blankpage.ee\/_ruumist-ruumi\/wp-json\/wp\/v2\/media\/51218"}],"wp:attachment":[{"href":"https:\/\/blankpage.ee\/_ruumist-ruumi\/wp-json\/wp\/v2\/media?parent=51217"}],"wp:term":[{"taxonomy":"product_brand","embeddable":true,"href":"https:\/\/blankpage.ee\/_ruumist-ruumi\/wp-json\/wp\/v2\/product_brand?post=51217"},{"taxonomy":"product_cat","embeddable":true,"href":"https:\/\/blankpage.ee\/_ruumist-ruumi\/wp-json\/wp\/v2\/product_cat?post=51217"},{"taxonomy":"product_tag","embeddable":true,"href":"https:\/\/blankpage.ee\/_ruumist-ruumi\/wp-json\/wp\/v2\/product_tag?post=51217"}],"curies":[{"name":"wp","href":"https:\/\/api.w.org\/{rel}","templated":true}]}}