{"id":51232,"date":"2024-12-18T11:13:52","date_gmt":"2024-12-18T11:13:52","guid":{"rendered":"https:\/\/ruumistruumi.ee\/pood\/soogilaud-duke-must-puit-ja-kasepohi\/"},"modified":"2025-08-20T21:48:55","modified_gmt":"2025-08-20T21:48:55","slug":"soogilaud-duke-must-puit-ja-kasepohi","status":"publish","type":"product","link":"https:\/\/blankpage.ee\/_ruumist-ruumi\/pood\/soogilaud-duke-must-puit-ja-kasepohi\/","title":{"rendered":"S\u00f6\u00f6gilaud Duke, must puit ja kasep\u00f5hi"},"content":{"rendered":"<h2>S\u00f6\u00f6gilaud Duke: Musta puidu elegants<\/h2>\n<p>Musta puidu s\u00f6\u00f6gilaud Duke on siin, et v\u00f5tta \u00fcle teie s\u00f6\u00f6gituba. S\u00f6\u00f6gilaud Duke annab igale s\u00f6\u00f6giruumile keskpaiga modernse tunnetuse. Lauaplaadi hoolikalt valitud materjal on lihtne puhastada ja hooldada.<\/p>\n<h4>Ideaalne kaasaegsetesse s\u00f6\u00f6giruumidesse<\/h4>\n<p>S\u00f6\u00f6gilaud Duke on ideaalne t\u00e4iendus igasse kaasaegsesse s\u00f6\u00f6gituppa. Selle stiilse musta puidu ja avatud raami postamendi alusega loob see tasakaalustatud ja stiilse esteetika. Nurgelised jalad lisavad elegantsi, tehes sellest teie kodus silmapaistva elemendi.<\/p>\n<h4>Must puit keskaja h\u00f5nguga<\/h4>\n<p>Must puiduviimistlus lisab teie s\u00f6\u00f6gialale elegantsi. Selle keskaja modernne disain sulandub sujuvalt mitmesuguste sisekujundusstiilidega, pakkudes mitmek\u00fclgsust ja ajatut v\u00f5lu. Laua materjal tagab vastupidavuse ja lihtsa hooldamise.<\/p>\n<h4>Omadused<\/h4>\n<ul>\n<li>Keskaja modernne v\u00f5lu<\/li>\n<li>Avatud raami postamendi alus esitleb nurgelisi jalgu tasakaalustatud esteetika jaoks<\/li>\n<li>Tasapinnaliselt pakitud lihtsa transpordi jaoks<\/li>\n<li>Mugavalt mahutab kuni 4 inimest<\/li>\n<\/ul>\n","protected":false},"excerpt":{"rendered":"<p>S\u00f6\u00f6gilaud Duke: Musta puidu elegants Musta puidu s\u00f6\u00f6gilaud Duke on siin, et v\u00f5tta \u00fcle teie s\u00f6\u00f6gituba. S\u00f6\u00f6gilaud Duke annab igale s\u00f6\u00f6giruumile keskpaiga modernse tunnetuse. Lauaplaadi hoolikalt valitud materjal on lihtne puhastada ja hooldada. Ideaalne kaasaegsetesse s\u00f6\u00f6giruumidesse S\u00f6\u00f6gilaud Duke on ideaalne t\u00e4iendus igasse kaasaegsesse s\u00f6\u00f6gituppa. Selle stiilse musta puidu ja avatud raami postamendi alusega loob see [&hellip;]<\/p>\n","protected":false},"featured_media":51233,"comment_status":"closed","ping_status":"open","template":"","meta":[],"product_brand":[],"product_cat":[93],"product_tag":[],"class_list":{"0":"post-51232","1":"product","2":"type-product","3":"status-publish","4":"has-post-thumbnail","6":"product_cat-soogilauad","7":"product_shipping_class-furnicher","8":"pa_istekohtade-arv-kuni-4","9":"pa_kollektsioon-duke","10":"pa_laua-korgus-1190","11":"pa_laua-pikkus-1202","12":"pa_materjal-puit","13":"pa_varv-must","15":"first","16":"outofstock","17":"sale","18":"taxable","19":"shipping-taxable","20":"purchasable","21":"product-type-simple"},"_links":{"self":[{"href":"https:\/\/blankpage.ee\/_ruumist-ruumi\/wp-json\/wp\/v2\/product\/51232","targetHints":{"allow":["GET"]}}],"collection":[{"href":"https:\/\/blankpage.ee\/_ruumist-ruumi\/wp-json\/wp\/v2\/product"}],"about":[{"href":"https:\/\/blankpage.ee\/_ruumist-ruumi\/wp-json\/wp\/v2\/types\/product"}],"replies":[{"embeddable":true,"href":"https:\/\/blankpage.ee\/_ruumist-ruumi\/wp-json\/wp\/v2\/comments?post=51232"}],"wp:featuredmedia":[{"embeddable":true,"href":"https:\/\/blankpage.ee\/_ruumist-ruumi\/wp-json\/wp\/v2\/media\/51233"}],"wp:attachment":[{"href":"https:\/\/blankpage.ee\/_ruumist-ruumi\/wp-json\/wp\/v2\/media?parent=51232"}],"wp:term":[{"taxonomy":"product_brand","embeddable":true,"href":"https:\/\/blankpage.ee\/_ruumist-ruumi\/wp-json\/wp\/v2\/product_brand?post=51232"},{"taxonomy":"product_cat","embeddable":true,"href":"https:\/\/blankpage.ee\/_ruumist-ruumi\/wp-json\/wp\/v2\/product_cat?post=51232"},{"taxonomy":"product_tag","embeddable":true,"href":"https:\/\/blankpage.ee\/_ruumist-ruumi\/wp-json\/wp\/v2\/product_tag?post=51232"}],"curies":[{"name":"wp","href":"https:\/\/api.w.org\/{rel}","templated":true}]}}