{"id":5124,"date":"2024-11-01T09:45:00","date_gmt":"2024-11-01T09:45:00","guid":{"rendered":"https:\/\/ruumistruumi.ee\/pood\/tumepruun-soogilaud-ashton-astd05-akatsiapuust\/"},"modified":"2025-04-10T11:56:59","modified_gmt":"2025-04-10T11:56:59","slug":"tumepruun-soogilaud-ashton-astd05-akatsiapuust","status":"publish","type":"product","link":"https:\/\/blankpage.ee\/_ruumist-ruumi\/pood\/tumepruun-soogilaud-ashton-astd05-akatsiapuust\/","title":{"rendered":"Tumepruun s\u00f6\u00f6gilaud Ashton ASTD05, akaatsiapuidust"},"content":{"rendered":"<p>Ashton ASTD05 s\u00f6\u00f6gilaud s\u00f6\u00f6gituppa. See stiilne ja massiivne laud on valmistatud t\u00e4ispuidust akaatsiapuust, mille harjatud viimistlus lisab sellele retro, vintage ja boho stiili h\u00f5ngu. Tumepruun toon r\u00f5hutab puidu kaunist struktuuri, pakkudes silmapaistvat visuaalset efekti. Laua tugevad puidust jalad tagavad stabiilsuse ja vastupidavuse, muutes selle ideaalseks valikuks nii igap\u00e4evasteks s\u00f6\u00f6gikordadeks kui ka pidulikemateks s\u00fcndmusteks.<\/p>\n<p>Omadused:<br \/>\n<strong>Materjal:<\/strong> T\u00e4ispuidust akaatsiapuit.<br \/>\n<strong>V\u00e4rv:<\/strong> Tumepruun.<br \/>\n<strong>M\u00f5\u00f5tmed:<\/strong> Laius 160 cm, s\u00fcgavus 90 cm, k\u00f5rgus 76 cm.<br \/>\n<strong>T\u00e4iendavad detailid:<\/strong> T\u00e4ispuidust lauaplaat, millel on selgelt eristuv struktuur.<br \/>\n<strong>Kokkupanek:<\/strong> Osaliselt kokkupandud, ei vaja paigaldust. S\u00e4\u00e4stab aega ja vaeva.<\/p>\n<p>&nbsp;<\/p>\n","protected":false},"excerpt":{"rendered":"<p>Ashton ASTD05 s\u00f6\u00f6gilaud s\u00f6\u00f6gituppa. See stiilne ja massiivne laud on valmistatud t\u00e4ispuidust akaatsiapuust, mille harjatud viimistlus lisab sellele retro, vintage ja boho stiili h\u00f5ngu. Tumepruun toon r\u00f5hutab puidu kaunist struktuuri, pakkudes silmapaistvat visuaalset efekti. Laua tugevad puidust jalad tagavad stabiilsuse ja vastupidavuse, muutes selle ideaalseks valikuks nii igap\u00e4evasteks s\u00f6\u00f6gikordadeks kui ka pidulikemateks s\u00fcndmusteks. Omadused: Materjal: [&hellip;]<\/p>\n","protected":false},"featured_media":5125,"comment_status":"open","ping_status":"closed","template":"","meta":[],"product_brand":[],"product_cat":[93],"product_tag":[],"class_list":{"0":"post-5124","1":"product","2":"type-product","3":"status-publish","4":"has-post-thumbnail","6":"product_cat-soogilauad","7":"product_shipping_class-livin-hill","8":"pa_kollektsioon-ashton","9":"pa_materjal-akaatsiapuit","10":"pa_varv-tumepruun","12":"first","13":"outofstock","14":"sale","15":"taxable","16":"shipping-taxable","17":"purchasable","18":"product-type-simple"},"_links":{"self":[{"href":"https:\/\/blankpage.ee\/_ruumist-ruumi\/wp-json\/wp\/v2\/product\/5124","targetHints":{"allow":["GET"]}}],"collection":[{"href":"https:\/\/blankpage.ee\/_ruumist-ruumi\/wp-json\/wp\/v2\/product"}],"about":[{"href":"https:\/\/blankpage.ee\/_ruumist-ruumi\/wp-json\/wp\/v2\/types\/product"}],"replies":[{"embeddable":true,"href":"https:\/\/blankpage.ee\/_ruumist-ruumi\/wp-json\/wp\/v2\/comments?post=5124"}],"wp:featuredmedia":[{"embeddable":true,"href":"https:\/\/blankpage.ee\/_ruumist-ruumi\/wp-json\/wp\/v2\/media\/5125"}],"wp:attachment":[{"href":"https:\/\/blankpage.ee\/_ruumist-ruumi\/wp-json\/wp\/v2\/media?parent=5124"}],"wp:term":[{"taxonomy":"product_brand","embeddable":true,"href":"https:\/\/blankpage.ee\/_ruumist-ruumi\/wp-json\/wp\/v2\/product_brand?post=5124"},{"taxonomy":"product_cat","embeddable":true,"href":"https:\/\/blankpage.ee\/_ruumist-ruumi\/wp-json\/wp\/v2\/product_cat?post=5124"},{"taxonomy":"product_tag","embeddable":true,"href":"https:\/\/blankpage.ee\/_ruumist-ruumi\/wp-json\/wp\/v2\/product_tag?post=5124"}],"curies":[{"name":"wp","href":"https:\/\/api.w.org\/{rel}","templated":true}]}}