{"id":51240,"date":"2024-12-18T11:13:52","date_gmt":"2024-12-18T11:13:52","guid":{"rendered":"https:\/\/ruumistruumi.ee\/pood\/ummargune-soogilaud-efrain-beez-marmor\/"},"modified":"2025-08-20T21:48:58","modified_gmt":"2025-08-20T21:48:58","slug":"ummargune-soogilaud-efrain-beez-marmor","status":"publish","type":"product","link":"https:\/\/blankpage.ee\/_ruumist-ruumi\/pood\/ummargune-soogilaud-efrain-beez-marmor\/","title":{"rendered":"\u00dcmmargune s\u00f6\u00f6gilaud Efrain, bee\u017e marmor"},"content":{"rendered":"<h2>\u00dcmmargune s\u00f6\u00f6gilaud Efrain: bee\u017e marmorist meistriteos<\/h2>\n<p>\u00dcmmargune s\u00f6\u00f6gilaud Efrain on keeruka disaini ja kaasaegse meisterlikkuse kehastus. Meie sisekujundaja Lasse Cha Pederseni loodud laud \u00fchendab puhtad jooned ja geomeetrilised vormid, et luua igas s\u00f6\u00f6gitoas pilkup\u00fc\u00fcdev keskpunkt. Selle \u00fcmmargune bee\u017e marmorist plaat ja ainulaadne kuusnurkne tugisammas suurendavad mitte ainult ruumi esteetikat, vaid pakuvad ka kindla ja stabiilse aluse toidukogemustele.<\/p>\n<h4>Geomeetriline elegants disainis<\/h4>\n<p>Selle s\u00f6\u00f6gilaua \u00fcmmargust pealmist osa t\u00e4iendab suurep\u00e4raselt kuusnurkne tugisammas, pakkudes visuaalselt huvitavat ja struktuurset terviklikkust. Laua geomeetriline v\u00e4ljendus lisab s\u00f6\u00f6gitoale draamat ja keerukust, muutes selle ideaalseks keskpunktiks k\u00fclaliste vastuv\u00f5tmisel v\u00f5i igap\u00e4evastel s\u00f6\u00f6giaegadel nautimiseks.<\/p>\n<h4>Peen bee\u017e marmorist konstruktsioon<\/h4>\n<p>Lakkitud travertiinist, mineraalveeallikate settinud lubjakivist valmistatud laud sisaldab loomulikult varieeruvaid bee\u017ei marmori pindu. Iga t\u00fckk toob esile ainulaadseid mustreid ja v\u00e4rve, tagades, et \u00fckski laud pole t\u00e4pselt samasugune. Seda looduse ilu r\u00f5hutab veelgi laua viimistlus, mis kaitseb ja t\u00e4iustab kivi algset elegantsi.<\/p>\n<h4>Omadused<\/h4>\n<ul>\n<li>Sile \u00fcmmargune lauaplaat vastupidava kuusnurktugisambaga<\/li>\n<li>Valmistatud kvaliteetsest lakkitud travertiinist<\/li>\n<li>Ainulaadsed v\u00e4rvivariatsioonid ja struktuursed detailid igal laual<\/li>\n<li>Mugavalt mahutab kuni 5 inimest, sobib nii v\u00e4ikestesse kui ka suurtesse ruumidesse<\/li>\n<li>Eksklusiivselt Lasse Cha Pederseni poolt Actonale disainitud, eksklusiivsust kaitsev<\/li>\n<li>Valmistatud uhkusega Euroopas, tagades \u00fclihea meisterlikkuse ja kvaliteedi<\/li>\n<\/ul>\n","protected":false},"excerpt":{"rendered":"<p>\u00dcmmargune s\u00f6\u00f6gilaud Efrain: bee\u017e marmorist meistriteos \u00dcmmargune s\u00f6\u00f6gilaud Efrain on keeruka disaini ja kaasaegse meisterlikkuse kehastus. Meie sisekujundaja Lasse Cha Pederseni loodud laud \u00fchendab puhtad jooned ja geomeetrilised vormid, et luua igas s\u00f6\u00f6gitoas pilkup\u00fc\u00fcdev keskpunkt. Selle \u00fcmmargune bee\u017e marmorist plaat ja ainulaadne kuusnurkne tugisammas suurendavad mitte ainult ruumi esteetikat, vaid pakuvad ka kindla ja stabiilse [&hellip;]<\/p>\n","protected":false},"featured_media":51241,"comment_status":"closed","ping_status":"open","template":"","meta":[],"product_brand":[],"product_cat":[93],"product_tag":[],"class_list":{"0":"post-51240","1":"product","2":"type-product","3":"status-publish","4":"has-post-thumbnail","6":"product_cat-soogilauad","7":"product_shipping_class-furnicher","8":"pa_istekohtade-arv-kuni-6","9":"pa_kollektsioon-efrain","10":"pa_laua-korgus-1190","11":"pa_laua-pikkus-1203","12":"pa_materjal-marmor","13":"pa_varv-beez","15":"first","16":"instock","17":"sale","18":"taxable","19":"shipping-taxable","20":"purchasable","21":"product-type-simple"},"_links":{"self":[{"href":"https:\/\/blankpage.ee\/_ruumist-ruumi\/wp-json\/wp\/v2\/product\/51240","targetHints":{"allow":["GET"]}}],"collection":[{"href":"https:\/\/blankpage.ee\/_ruumist-ruumi\/wp-json\/wp\/v2\/product"}],"about":[{"href":"https:\/\/blankpage.ee\/_ruumist-ruumi\/wp-json\/wp\/v2\/types\/product"}],"replies":[{"embeddable":true,"href":"https:\/\/blankpage.ee\/_ruumist-ruumi\/wp-json\/wp\/v2\/comments?post=51240"}],"wp:featuredmedia":[{"embeddable":true,"href":"https:\/\/blankpage.ee\/_ruumist-ruumi\/wp-json\/wp\/v2\/media\/51241"}],"wp:attachment":[{"href":"https:\/\/blankpage.ee\/_ruumist-ruumi\/wp-json\/wp\/v2\/media?parent=51240"}],"wp:term":[{"taxonomy":"product_brand","embeddable":true,"href":"https:\/\/blankpage.ee\/_ruumist-ruumi\/wp-json\/wp\/v2\/product_brand?post=51240"},{"taxonomy":"product_cat","embeddable":true,"href":"https:\/\/blankpage.ee\/_ruumist-ruumi\/wp-json\/wp\/v2\/product_cat?post=51240"},{"taxonomy":"product_tag","embeddable":true,"href":"https:\/\/blankpage.ee\/_ruumist-ruumi\/wp-json\/wp\/v2\/product_tag?post=51240"}],"curies":[{"name":"wp","href":"https:\/\/api.w.org\/{rel}","templated":true}]}}