{"id":51244,"date":"2024-12-18T11:13:52","date_gmt":"2024-12-18T11:13:52","guid":{"rendered":"https:\/\/ruumistruumi.ee\/pood\/ummargune-soogilaud-eline-naturaalne-tamm-o120-cm\/"},"modified":"2025-08-20T21:48:59","modified_gmt":"2025-08-20T21:48:59","slug":"ummargune-soogilaud-eline-naturaalne-tamm-o120-cm","status":"publish","type":"product","link":"https:\/\/blankpage.ee\/_ruumist-ruumi\/pood\/ummargune-soogilaud-eline-naturaalne-tamm-o120-cm\/","title":{"rendered":"\u00dcmmargune s\u00f6\u00f6gilaud Eline, naturaalne tamm &#8211; \u00d8120 cm"},"content":{"rendered":"<h2>\u00dcmar s\u00f6\u00f6gilaud Eline naturaalne tamme viimistlus, 4 istekohta, lameda jalgadega<\/h2>\n<p>\u00dcmar s\u00f6\u00f6gilaud Eline, mis on loodud naturaalse tamme viimistlusega, lisab igasse s\u00f6\u00f6giruumi sooja ja elegantset aktsenti. Selle \u00fcmar lauaplaat tagab kutsuva ning \u00fchtekuuluvama atmosf\u00e4\u00e4ri, mis sobib ideaalselt peres\u00f6\u00f6gikordadeks ja vabas vormis kokkusaamisteks.<\/p>\n<h4>\u00dcmara kujuga lamelljalad kaasaegse ilme jaoks<\/h4>\n<p>Unikaalsete \u00fcmarate lamelljalgadega, \u00fchendab see s\u00f6\u00f6gilaud kaasaegse disaini ja tugeva konstruktsiooni. Skulpturaalne jalgade detail lisab visuaalset huvi, luues stiilse keskpunkti, s\u00e4ilitades samas stabiilsuse igap\u00e4evaseks kasutuseks.<\/p>\n<h4>Skandinaavia disain praktiliste omadustega<\/h4>\n<p>Peegeldades Skandinaavia disainiprintsiipe, \u00fchendab s\u00f6\u00f6gilaud Eline naturaalsed materjalid minimalistliku esteetikaga. Kergesti hooldatav pind lihtsustab puhastamist, tagades, et see j\u00e4\u00e4b praktiliseks ja funktsionaalseks h\u00f5ivatud leibkondades.<\/p>\n<h4>Omadused<\/h4>\n<ul>\n<li>\u00dcmar s\u00f6\u00f6gilaud Eline, 4 istekohta, naturaalne tamme viimistlus<\/li>\n<li>\u00dcmar lauaplaat kutsuva ja \u00fchtse s\u00f6\u00f6gikogemuse jaoks<\/li>\n<li>\u00dcmara kujuga lamelljalad erilise ja kaasaegse v\u00e4limuse saavutamiseks<\/li>\n<li>Skandinaaviap\u00e4rane stiil ajatu elegantsi jaoks<\/li>\n<li>Kergesti hooldatav pind mugavuse ja praktilisuse tagamiseks<\/li>\n<\/ul>\n","protected":false},"excerpt":{"rendered":"<p>\u00dcmar s\u00f6\u00f6gilaud Eline naturaalne tamme viimistlus, 4 istekohta, lameda jalgadega \u00dcmar s\u00f6\u00f6gilaud Eline, mis on loodud naturaalse tamme viimistlusega, lisab igasse s\u00f6\u00f6giruumi sooja ja elegantset aktsenti. Selle \u00fcmar lauaplaat tagab kutsuva ning \u00fchtekuuluvama atmosf\u00e4\u00e4ri, mis sobib ideaalselt peres\u00f6\u00f6gikordadeks ja vabas vormis kokkusaamisteks. \u00dcmara kujuga lamelljalad kaasaegse ilme jaoks Unikaalsete \u00fcmarate lamelljalgadega, \u00fchendab see s\u00f6\u00f6gilaud kaasaegse [&hellip;]<\/p>\n","protected":false},"featured_media":51245,"comment_status":"closed","ping_status":"open","template":"","meta":[],"product_brand":[],"product_cat":[93],"product_tag":[],"class_list":{"0":"post-51244","1":"product","2":"type-product","3":"status-publish","4":"has-post-thumbnail","6":"product_cat-soogilauad","7":"product_shipping_class-furnicher","8":"pa_istekohtade-arv-kuni-4","9":"pa_kollektsioon-eline","10":"pa_laua-korgus-1190","11":"pa_laua-pikkus-1195","12":"pa_materjal-puit","13":"pa_varv-naturaalne","15":"first","16":"instock","17":"sale","18":"taxable","19":"shipping-taxable","20":"purchasable","21":"product-type-simple"},"_links":{"self":[{"href":"https:\/\/blankpage.ee\/_ruumist-ruumi\/wp-json\/wp\/v2\/product\/51244","targetHints":{"allow":["GET"]}}],"collection":[{"href":"https:\/\/blankpage.ee\/_ruumist-ruumi\/wp-json\/wp\/v2\/product"}],"about":[{"href":"https:\/\/blankpage.ee\/_ruumist-ruumi\/wp-json\/wp\/v2\/types\/product"}],"replies":[{"embeddable":true,"href":"https:\/\/blankpage.ee\/_ruumist-ruumi\/wp-json\/wp\/v2\/comments?post=51244"}],"wp:featuredmedia":[{"embeddable":true,"href":"https:\/\/blankpage.ee\/_ruumist-ruumi\/wp-json\/wp\/v2\/media\/51245"}],"wp:attachment":[{"href":"https:\/\/blankpage.ee\/_ruumist-ruumi\/wp-json\/wp\/v2\/media?parent=51244"}],"wp:term":[{"taxonomy":"product_brand","embeddable":true,"href":"https:\/\/blankpage.ee\/_ruumist-ruumi\/wp-json\/wp\/v2\/product_brand?post=51244"},{"taxonomy":"product_cat","embeddable":true,"href":"https:\/\/blankpage.ee\/_ruumist-ruumi\/wp-json\/wp\/v2\/product_cat?post=51244"},{"taxonomy":"product_tag","embeddable":true,"href":"https:\/\/blankpage.ee\/_ruumist-ruumi\/wp-json\/wp\/v2\/product_tag?post=51244"}],"curies":[{"name":"wp","href":"https:\/\/api.w.org\/{rel}","templated":true}]}}