{"id":51256,"date":"2024-12-18T11:13:52","date_gmt":"2024-12-18T11:13:52","guid":{"rendered":"https:\/\/ruumistruumi.ee\/pood\/soogilaud-eliza-must-puit-metallist-alus-o80-cm\/"},"modified":"2025-08-20T21:49:04","modified_gmt":"2025-08-20T21:49:04","slug":"soogilaud-eliza-must-puit-metallist-alus-o80-cm","status":"publish","type":"product","link":"https:\/\/blankpage.ee\/_ruumist-ruumi\/pood\/soogilaud-eliza-must-puit-metallist-alus-o80-cm\/","title":{"rendered":"S\u00f6\u00f6gilaud Eliza, must puit &#038; metallist alus (\u00d880 cm)"},"content":{"rendered":"<h2>S\u00f6\u00f6gilaud Eliza, must (\u00d880 cm)<\/h2>\n<p>S\u00f6\u00f6gilaud Eliza, must (\u00d880 cm), on funktsionaalne ja stiilne m\u00f6\u00f6bliese. See kohvikulaud paistab silma oma kaasaegse ja elegantse v\u00e4ljan\u00e4gemise poolest. \u00dcmmarguse laua suurus sobib ideaalselt k\u00f6\u00f6ki kasutamiseks.<\/p>\n<h4>Stiilne ja Praktiline Disain<\/h4>\n<p>S\u00f6\u00f6gilaud Eliza uhkeldab modernse ja minimalistliku disainiga, mis t\u00e4iustab iga k\u00f6\u00f6ki v\u00f5i s\u00f6\u00f6gituba. Selle \u00fcmmargune kuju ja elegantne must viimistlus annavad sellele sofistikeeritud ilme, sobides ideaalselt kaasaegsetesse interj\u00f6\u00f6ridesse.<\/p>\n<h4>Vastupidav ja Lihtne Hooldada<\/h4>\n<p>Valmistatud k\u00f5rgekvaliteedilisest puidust ja toetatud vastupidava metallist trompetjalaga, tagab see laud vastupidavuse ja stabiilsuse. Must pulberv\u00e4rvitud viimistlus lisab elegantsi ja muudab selle lihtsasti puhastatavaks, s\u00e4ilitades selle laitmatu v\u00e4ljan\u00e4gemise vaevata.<\/p>\n<h4>Omadused<\/h4>\n<ul>\n<li>Modernne, minimalistlik disain<\/li>\n<li>Vastupidavad materjalid<\/li>\n<li>Stabiilne trompetjala alus<\/li>\n<li>Lihtne puhastada<\/li>\n<\/ul>\n","protected":false},"excerpt":{"rendered":"<p>S\u00f6\u00f6gilaud Eliza, must (\u00d880 cm) S\u00f6\u00f6gilaud Eliza, must (\u00d880 cm), on funktsionaalne ja stiilne m\u00f6\u00f6bliese. See kohvikulaud paistab silma oma kaasaegse ja elegantse v\u00e4ljan\u00e4gemise poolest. \u00dcmmarguse laua suurus sobib ideaalselt k\u00f6\u00f6ki kasutamiseks. Stiilne ja Praktiline Disain S\u00f6\u00f6gilaud Eliza uhkeldab modernse ja minimalistliku disainiga, mis t\u00e4iustab iga k\u00f6\u00f6ki v\u00f5i s\u00f6\u00f6gituba. Selle \u00fcmmargune kuju ja elegantne must [&hellip;]<\/p>\n","protected":false},"featured_media":51257,"comment_status":"closed","ping_status":"open","template":"","meta":[],"product_brand":[],"product_cat":[93],"product_tag":[],"class_list":{"0":"post-51256","1":"product","2":"type-product","3":"status-publish","4":"has-post-thumbnail","6":"product_cat-soogilauad","7":"product_shipping_class-furnicher","8":"pa_istekohtade-arv-kuni-4","9":"pa_kollektsioon-eliza","10":"pa_laua-korgus-1190","11":"pa_laua-pikkus-1197","12":"pa_materjal-puit","13":"pa_varv-must","15":"first","16":"outofstock","17":"sale","18":"taxable","19":"shipping-taxable","20":"purchasable","21":"product-type-simple"},"_links":{"self":[{"href":"https:\/\/blankpage.ee\/_ruumist-ruumi\/wp-json\/wp\/v2\/product\/51256","targetHints":{"allow":["GET"]}}],"collection":[{"href":"https:\/\/blankpage.ee\/_ruumist-ruumi\/wp-json\/wp\/v2\/product"}],"about":[{"href":"https:\/\/blankpage.ee\/_ruumist-ruumi\/wp-json\/wp\/v2\/types\/product"}],"replies":[{"embeddable":true,"href":"https:\/\/blankpage.ee\/_ruumist-ruumi\/wp-json\/wp\/v2\/comments?post=51256"}],"wp:featuredmedia":[{"embeddable":true,"href":"https:\/\/blankpage.ee\/_ruumist-ruumi\/wp-json\/wp\/v2\/media\/51257"}],"wp:attachment":[{"href":"https:\/\/blankpage.ee\/_ruumist-ruumi\/wp-json\/wp\/v2\/media?parent=51256"}],"wp:term":[{"taxonomy":"product_brand","embeddable":true,"href":"https:\/\/blankpage.ee\/_ruumist-ruumi\/wp-json\/wp\/v2\/product_brand?post=51256"},{"taxonomy":"product_cat","embeddable":true,"href":"https:\/\/blankpage.ee\/_ruumist-ruumi\/wp-json\/wp\/v2\/product_cat?post=51256"},{"taxonomy":"product_tag","embeddable":true,"href":"https:\/\/blankpage.ee\/_ruumist-ruumi\/wp-json\/wp\/v2\/product_tag?post=51256"}],"curies":[{"name":"wp","href":"https:\/\/api.w.org\/{rel}","templated":true}]}}