{"id":51260,"date":"2024-12-18T11:13:52","date_gmt":"2024-12-18T11:13:52","guid":{"rendered":"https:\/\/ruumistruumi.ee\/pood\/soogilaud-eliza-matt-must-puit-ja-metallist-alus-o110-cm\/"},"modified":"2025-08-20T21:49:05","modified_gmt":"2025-08-20T21:49:05","slug":"soogilaud-eliza-matt-must-puit-ja-metallist-alus-o110-cm","status":"publish","type":"product","link":"https:\/\/blankpage.ee\/_ruumist-ruumi\/pood\/soogilaud-eliza-matt-must-puit-ja-metallist-alus-o110-cm\/","title":{"rendered":"S\u00f6\u00f6gilaud Eliza, matt must puit ja metallist alus (\u00d8110 cm)"},"content":{"rendered":"<h2>S\u00f6\u00f6gilaud Eliza, matt must<\/h2>\n<p>S\u00f6\u00f6gilaud Eliza matt musta v\u00e4rvi (\u00d8110 cm) sobib ideaalselt igasse interj\u00f6\u00f6ri. Kaasaegne ja minimalistlik s\u00f6\u00f6gilaud. See laud on ringikujulise disaini t\u00f5ttu ideaalne t\u00e4iendus v\u00e4iksematesse s\u00f6\u00f6gikohtadesse, kuna see s\u00e4\u00e4stab ruumi.<\/p>\n<p>Selle s\u00f6\u00f6gilaua hoolikalt valitud komponendid muudavad selle hooldamise lihtsaks ja lai trompetikujuline metallist jalg tagab suurep\u00e4rase stabiilsuse.<\/p>\n<h4>Ideaalne modernsetesse k\u00f6\u00f6kidesse<\/h4>\n<p>S\u00f6\u00f6gilaud Eliza sobib ideaalselt modernsetesse k\u00f6\u00f6kidesse. Selle minimalistlik disain ja stiilne matt must viimistlus pakuvad stiilses k\u00f6\u00f6gis pilkup\u00fc\u00fcdva fookuspunkti, samas kui \u00fcmmargune kuju tagab, et see sobitub mugavalt v\u00e4iksematesse s\u00f6\u00f6gialadesse, maksimeerides ruumi.<\/p>\n<h4>Lihtne hooldada<\/h4>\n<p>Hoolikalt valitud materjalidest valmistatud s\u00f6\u00f6gilaud Eliza on lihtne hooldada. Vastupidav puust lauaplaat ja tugev metallist raam muudavad puhastamise lihtsaks, tagades, et teie laud n\u00e4eb v\u00e4lja laitmatu aastaid.<\/p>\n<h4>Omadused<\/h4>\n<ul>\n<li>Kaasaegne, minimalistlik disain<\/li>\n<li>Lihtsasti hooldatavad hoolikalt valitud materjalid<\/li>\n<li>Tugev trompetikujuline p\u00f5hi<\/li>\n<li>Ideaalne k\u00f6\u00f6gipiirkonda<\/li>\n<li>Mugav istumispaik kuni 4 inimesele<\/li>\n<\/ul>\n","protected":false},"excerpt":{"rendered":"<p>S\u00f6\u00f6gilaud Eliza, matt must S\u00f6\u00f6gilaud Eliza matt musta v\u00e4rvi (\u00d8110 cm) sobib ideaalselt igasse interj\u00f6\u00f6ri. Kaasaegne ja minimalistlik s\u00f6\u00f6gilaud. See laud on ringikujulise disaini t\u00f5ttu ideaalne t\u00e4iendus v\u00e4iksematesse s\u00f6\u00f6gikohtadesse, kuna see s\u00e4\u00e4stab ruumi. Selle s\u00f6\u00f6gilaua hoolikalt valitud komponendid muudavad selle hooldamise lihtsaks ja lai trompetikujuline metallist jalg tagab suurep\u00e4rase stabiilsuse. Ideaalne modernsetesse k\u00f6\u00f6kidesse S\u00f6\u00f6gilaud Eliza [&hellip;]<\/p>\n","protected":false},"featured_media":51261,"comment_status":"closed","ping_status":"open","template":"","meta":[],"product_brand":[],"product_cat":[93],"product_tag":[],"class_list":{"0":"post-51260","1":"product","2":"type-product","3":"status-publish","4":"has-post-thumbnail","6":"product_cat-soogilauad","7":"product_shipping_class-furnicher","8":"pa_istekohtade-arv-kuni-4","9":"pa_kollektsioon-eliza","10":"pa_laua-korgus-1193","11":"pa_laua-pikkus-1189","12":"pa_materjal-puit","13":"pa_varv-must","15":"first","16":"outofstock","17":"sale","18":"taxable","19":"shipping-taxable","20":"purchasable","21":"product-type-simple"},"_links":{"self":[{"href":"https:\/\/blankpage.ee\/_ruumist-ruumi\/wp-json\/wp\/v2\/product\/51260","targetHints":{"allow":["GET"]}}],"collection":[{"href":"https:\/\/blankpage.ee\/_ruumist-ruumi\/wp-json\/wp\/v2\/product"}],"about":[{"href":"https:\/\/blankpage.ee\/_ruumist-ruumi\/wp-json\/wp\/v2\/types\/product"}],"replies":[{"embeddable":true,"href":"https:\/\/blankpage.ee\/_ruumist-ruumi\/wp-json\/wp\/v2\/comments?post=51260"}],"wp:featuredmedia":[{"embeddable":true,"href":"https:\/\/blankpage.ee\/_ruumist-ruumi\/wp-json\/wp\/v2\/media\/51261"}],"wp:attachment":[{"href":"https:\/\/blankpage.ee\/_ruumist-ruumi\/wp-json\/wp\/v2\/media?parent=51260"}],"wp:term":[{"taxonomy":"product_brand","embeddable":true,"href":"https:\/\/blankpage.ee\/_ruumist-ruumi\/wp-json\/wp\/v2\/product_brand?post=51260"},{"taxonomy":"product_cat","embeddable":true,"href":"https:\/\/blankpage.ee\/_ruumist-ruumi\/wp-json\/wp\/v2\/product_cat?post=51260"},{"taxonomy":"product_tag","embeddable":true,"href":"https:\/\/blankpage.ee\/_ruumist-ruumi\/wp-json\/wp\/v2\/product_tag?post=51260"}],"curies":[{"name":"wp","href":"https:\/\/api.w.org\/{rel}","templated":true}]}}