{"id":51263,"date":"2024-12-18T11:13:52","date_gmt":"2024-12-18T11:13:52","guid":{"rendered":"https:\/\/ruumistruumi.ee\/pood\/soogilaud-eliza-valge-puit-ja-metallist-alus-o110-cm\/"},"modified":"2025-08-20T21:49:06","modified_gmt":"2025-08-20T21:49:06","slug":"soogilaud-eliza-valge-puit-ja-metallist-alus-o110-cm","status":"publish","type":"product","link":"https:\/\/blankpage.ee\/_ruumist-ruumi\/pood\/soogilaud-eliza-valge-puit-ja-metallist-alus-o110-cm\/","title":{"rendered":"S\u00f6\u00f6gilaud Eliza, valge puit ja metallist alus (\u00d8110 cm)"},"content":{"rendered":"<h2>S\u00f6\u00f6gilaud Eliza, valge puit (\u00d8110 cm)<\/h2>\n<p>S\u00f6\u00f6gilaud Eliza, valge puit (\u00d8110 cm) on \u00fcmara ja stiilse disainiga, sobides igasse koju. See s\u00f6\u00f6gilaud paistab silma kaasaegse ja sujuva disaini poolest, mis sobib ideaalselt modernsesse interj\u00f6\u00f6ri. Selle \u00fcmar kuju muudab laua ideaalseks kasutamiseks k\u00f6\u00f6gis, pakkudes hubast ja intiimset s\u00f6\u00f6gielamust.<\/p>\n<h4>Kaasaegne disain<\/h4>\n<p>S\u00f6\u00f6gilaud Eliza uhkeldab minimalistliku ja kaasaegse disainiga, olles mitmek\u00fclgne m\u00f6\u00f6bliese erinevate sisustusstiilide jaoks. Puhas joontem\u00e4ng ja valge viimistlus t\u00f5stavad \u00fcldist esteetikat, muutes selle igas ruumis pilkup\u00fc\u00fcdvaks keskpunktiks.<\/p>\n<h4>Vastupidav ja stabiilne<\/h4>\n<p>Laua valmistamisel on kasutatud hoolikalt valitud materjale, mist\u00f5ttu on seda lihtne hooldada ja see on pikaealine. Valge metallist alus tagab k\u00f5rgetasemelise stabiilsuse, pakkudes vastupidavat s\u00f6\u00f6gilahendust.<\/p>\n<h4>Omadused<\/h4>\n<ul>\n<li>Kaasaegne, minimalistlik disain<\/li>\n<li>Lihtne hooldada<\/li>\n<li>Stabiilne alus<\/li>\n<li>Ideaalne k\u00f6\u00f6ki<\/li>\n<li>Mugavalt mahutab 4 inimest<\/li>\n<\/ul>\n","protected":false},"excerpt":{"rendered":"<p>S\u00f6\u00f6gilaud Eliza, valge puit (\u00d8110 cm) S\u00f6\u00f6gilaud Eliza, valge puit (\u00d8110 cm) on \u00fcmara ja stiilse disainiga, sobides igasse koju. See s\u00f6\u00f6gilaud paistab silma kaasaegse ja sujuva disaini poolest, mis sobib ideaalselt modernsesse interj\u00f6\u00f6ri. Selle \u00fcmar kuju muudab laua ideaalseks kasutamiseks k\u00f6\u00f6gis, pakkudes hubast ja intiimset s\u00f6\u00f6gielamust. Kaasaegne disain S\u00f6\u00f6gilaud Eliza uhkeldab minimalistliku ja kaasaegse [&hellip;]<\/p>\n","protected":false},"featured_media":51264,"comment_status":"closed","ping_status":"open","template":"","meta":[],"product_brand":[],"product_cat":[93],"product_tag":[],"class_list":{"0":"post-51263","1":"product","2":"type-product","3":"status-publish","4":"has-post-thumbnail","6":"product_cat-soogilauad","7":"product_shipping_class-furnicher","8":"pa_istekohtade-arv-kuni-4","9":"pa_kollektsioon-eliza","10":"pa_laua-korgus-1193","11":"pa_laua-pikkus-1189","12":"pa_materjal-puit","13":"pa_varv-valge","15":"first","16":"instock","17":"sale","18":"taxable","19":"shipping-taxable","20":"purchasable","21":"product-type-simple"},"_links":{"self":[{"href":"https:\/\/blankpage.ee\/_ruumist-ruumi\/wp-json\/wp\/v2\/product\/51263","targetHints":{"allow":["GET"]}}],"collection":[{"href":"https:\/\/blankpage.ee\/_ruumist-ruumi\/wp-json\/wp\/v2\/product"}],"about":[{"href":"https:\/\/blankpage.ee\/_ruumist-ruumi\/wp-json\/wp\/v2\/types\/product"}],"replies":[{"embeddable":true,"href":"https:\/\/blankpage.ee\/_ruumist-ruumi\/wp-json\/wp\/v2\/comments?post=51263"}],"wp:featuredmedia":[{"embeddable":true,"href":"https:\/\/blankpage.ee\/_ruumist-ruumi\/wp-json\/wp\/v2\/media\/51264"}],"wp:attachment":[{"href":"https:\/\/blankpage.ee\/_ruumist-ruumi\/wp-json\/wp\/v2\/media?parent=51263"}],"wp:term":[{"taxonomy":"product_brand","embeddable":true,"href":"https:\/\/blankpage.ee\/_ruumist-ruumi\/wp-json\/wp\/v2\/product_brand?post=51263"},{"taxonomy":"product_cat","embeddable":true,"href":"https:\/\/blankpage.ee\/_ruumist-ruumi\/wp-json\/wp\/v2\/product_cat?post=51263"},{"taxonomy":"product_tag","embeddable":true,"href":"https:\/\/blankpage.ee\/_ruumist-ruumi\/wp-json\/wp\/v2\/product_tag?post=51263"}],"curies":[{"name":"wp","href":"https:\/\/api.w.org\/{rel}","templated":true}]}}