{"id":51267,"date":"2024-12-18T11:13:52","date_gmt":"2024-12-18T11:13:52","guid":{"rendered":"https:\/\/ruumistruumi.ee\/pood\/soogilaud-fox-must-keraamika\/"},"modified":"2025-08-20T21:49:08","modified_gmt":"2025-08-20T21:49:08","slug":"soogilaud-fox-must-keraamika","status":"publish","type":"product","link":"https:\/\/blankpage.ee\/_ruumist-ruumi\/pood\/soogilaud-fox-must-keraamika\/","title":{"rendered":"S\u00f6\u00f6gilaud Fox, must keraamika"},"content":{"rendered":"<h2>Elegantne must keraamiline s\u00f6\u00f6gilaud<\/h2>\n<p>Soovid lisada oma s\u00f6\u00f6gituppa veidi isikup\u00e4ra? See stiilne ja kaasaegne s\u00f6\u00f6gilaud pakub vapustavat disaini, mis on valmistatud vastupidavatest materjalidest. Lauaplaat koosneb mati mustast keraamikaplaadist, millel on kaunis marmori disain.<\/p>\n<h4>Stiilne ja vastupidav<\/h4>\n<p>Lisaks stiilsele v\u00e4limusele on see s\u00f6\u00f6gilaud praktiline ja lihtne hooldada. Keraamiline lauaplaat on kuumu- ja kriimustuskindel, tagades pikaealisuse ja lihtsa hoolduse. Mustad metallist jalad t\u00e4iendavad ideaalselt kaunist lauaplaati, lisades sellele kaasaegset sarmi.<\/p>\n<h4>Ideaalne iga s\u00f6\u00f6giruumi jaoks<\/h4>\n<p>Puhas ja kaasaegne disain v\u00f5imaldab sellel s\u00f6\u00f6gilaual sujuvalt sobituda erinevatesse s\u00f6\u00f6gitoa stiilidesse. See mahutab mugavalt kuni kuus inimest, muutes selle ideaalseks pere s\u00f6\u00f6gikordade ja kogunemiste jaoks. Laua ristk\u00fclikukujuline vorm ja must v\u00e4rv lisavad teie s\u00f6\u00f6gialale rafineeritud puudet.<\/p>\n<h4>Omadused<\/h4>\n<ul>\n<li>Puhas ja kaasaegne disain<\/li>\n<li>Valmistatud mustast keraamilisest plaadist ilusa marmori v\u00e4limusega<\/li>\n<li>Kuumus- ja kriimustuskindel lauaplaat<\/li>\n<li>Mahutab mugavalt kuni 6 inimest<\/li>\n<\/ul>\n","protected":false},"excerpt":{"rendered":"<p>Elegantne must keraamiline s\u00f6\u00f6gilaud Soovid lisada oma s\u00f6\u00f6gituppa veidi isikup\u00e4ra? See stiilne ja kaasaegne s\u00f6\u00f6gilaud pakub vapustavat disaini, mis on valmistatud vastupidavatest materjalidest. Lauaplaat koosneb mati mustast keraamikaplaadist, millel on kaunis marmori disain. Stiilne ja vastupidav Lisaks stiilsele v\u00e4limusele on see s\u00f6\u00f6gilaud praktiline ja lihtne hooldada. Keraamiline lauaplaat on kuumu- ja kriimustuskindel, tagades pikaealisuse ja [&hellip;]<\/p>\n","protected":false},"featured_media":51268,"comment_status":"closed","ping_status":"open","template":"","meta":[],"product_brand":[],"product_cat":[93],"product_tag":[],"class_list":{"0":"post-51267","1":"product","2":"type-product","3":"status-publish","4":"has-post-thumbnail","6":"product_cat-soogilauad","7":"product_shipping_class-furnicher","8":"pa_istekohtade-arv-kuni-6","9":"pa_kollektsioon-fox","10":"pa_laua-korgus-1190","11":"pa_laua-pikkus-1197","12":"pa_materjal-keraamika","13":"pa_varv-must","15":"first","16":"outofstock","17":"sale","18":"taxable","19":"shipping-taxable","20":"purchasable","21":"product-type-simple"},"_links":{"self":[{"href":"https:\/\/blankpage.ee\/_ruumist-ruumi\/wp-json\/wp\/v2\/product\/51267","targetHints":{"allow":["GET"]}}],"collection":[{"href":"https:\/\/blankpage.ee\/_ruumist-ruumi\/wp-json\/wp\/v2\/product"}],"about":[{"href":"https:\/\/blankpage.ee\/_ruumist-ruumi\/wp-json\/wp\/v2\/types\/product"}],"replies":[{"embeddable":true,"href":"https:\/\/blankpage.ee\/_ruumist-ruumi\/wp-json\/wp\/v2\/comments?post=51267"}],"wp:featuredmedia":[{"embeddable":true,"href":"https:\/\/blankpage.ee\/_ruumist-ruumi\/wp-json\/wp\/v2\/media\/51268"}],"wp:attachment":[{"href":"https:\/\/blankpage.ee\/_ruumist-ruumi\/wp-json\/wp\/v2\/media?parent=51267"}],"wp:term":[{"taxonomy":"product_brand","embeddable":true,"href":"https:\/\/blankpage.ee\/_ruumist-ruumi\/wp-json\/wp\/v2\/product_brand?post=51267"},{"taxonomy":"product_cat","embeddable":true,"href":"https:\/\/blankpage.ee\/_ruumist-ruumi\/wp-json\/wp\/v2\/product_cat?post=51267"},{"taxonomy":"product_tag","embeddable":true,"href":"https:\/\/blankpage.ee\/_ruumist-ruumi\/wp-json\/wp\/v2\/product_tag?post=51267"}],"curies":[{"name":"wp","href":"https:\/\/api.w.org\/{rel}","templated":true}]}}