{"id":51271,"date":"2024-12-18T11:14:15","date_gmt":"2024-12-18T11:14:15","guid":{"rendered":"https:\/\/ruumistruumi.ee\/pood\/soogilaud-fox-valge-keraamika\/"},"modified":"2025-08-20T21:48:29","modified_gmt":"2025-08-20T21:48:29","slug":"soogilaud-fox-valge-keraamika","status":"publish","type":"product","link":"https:\/\/blankpage.ee\/_ruumist-ruumi\/pood\/soogilaud-fox-valge-keraamika\/","title":{"rendered":"S\u00f6\u00f6gilaud Fox, valge keraamika"},"content":{"rendered":"<h2>Elegantne marmor-stiilis s\u00f6\u00f6gilaud<\/h2>\n<p>Soovite oma s\u00f6\u00f6gituppa natuke erksust lisada? Selle kaasaegse s\u00f6\u00f6gilauaga saate sujuva, kaasaegse stiili ja vastupidavad materjalid \u00fches. Lauaplaat koosneb matist valgest, 12 mm keraamilisest plaadist, millel on kaunis marmori disain.<\/p>\n<h4>Stiilne ja praktiline disain<\/h4>\n<p>Lauaplaat ei ole mitte ainult moekas, vaid ka kasulik, kuna keraamiline lauaplaat vajab v\u00e4hem hooldust ning on kuuma- ja kriimustuskindel. S\u00f6\u00f6gilaua mustad, \u00fcmarad metallist jalad loovad ilusa, heleda lauaplaadiga kontrasti.<\/p>\n<h4>Ideaalne igasse s\u00f6\u00f6giruumi<\/h4>\n<p>See s\u00f6\u00f6gilaud mahutab mugavalt kuni 6 inimest, muutes selle ideaalseks nii pere\u00f5htus\u00f6\u00f6kideks kui k\u00fclaliste vastuv\u00f5tmiseks. Selle puhas ja modernne disain tagab, et see sobitub sujuvalt iga kaasaegse s\u00f6\u00f6gitoa sisustusega.<\/p>\n<h4>Omadused<\/h4>\n<ul>\n<li>Puhas ja modernne disain<\/li>\n<li>Valmistatud matist valgest 12 mm keraamilisest plaadist &amp; marmori v\u00e4limus<\/li>\n<li>Kuuma- ja kriimustuskindel lauaplaat<\/li>\n<li>Mahutab mugavalt kuni 6 inimest<\/li>\n<\/ul>\n","protected":false},"excerpt":{"rendered":"<p>Elegantne marmor-stiilis s\u00f6\u00f6gilaud Soovite oma s\u00f6\u00f6gituppa natuke erksust lisada? Selle kaasaegse s\u00f6\u00f6gilauaga saate sujuva, kaasaegse stiili ja vastupidavad materjalid \u00fches. Lauaplaat koosneb matist valgest, 12 mm keraamilisest plaadist, millel on kaunis marmori disain. Stiilne ja praktiline disain Lauaplaat ei ole mitte ainult moekas, vaid ka kasulik, kuna keraamiline lauaplaat vajab v\u00e4hem hooldust ning on kuuma- [&hellip;]<\/p>\n","protected":false},"featured_media":51272,"comment_status":"closed","ping_status":"open","template":"","meta":[],"product_brand":[],"product_cat":[93],"product_tag":[],"class_list":{"0":"post-51271","1":"product","2":"type-product","3":"status-publish","4":"has-post-thumbnail","6":"product_cat-soogilauad","7":"product_shipping_class-furnicher","8":"pa_istekohtade-arv-kuni-6","9":"pa_kollektsioon-fox","10":"pa_laua-korgus-1190","11":"pa_laua-pikkus-1197","12":"pa_materjal-keraamika","13":"pa_varv-valge","15":"first","16":"outofstock","17":"sale","18":"taxable","19":"shipping-taxable","20":"purchasable","21":"product-type-simple"},"_links":{"self":[{"href":"https:\/\/blankpage.ee\/_ruumist-ruumi\/wp-json\/wp\/v2\/product\/51271","targetHints":{"allow":["GET"]}}],"collection":[{"href":"https:\/\/blankpage.ee\/_ruumist-ruumi\/wp-json\/wp\/v2\/product"}],"about":[{"href":"https:\/\/blankpage.ee\/_ruumist-ruumi\/wp-json\/wp\/v2\/types\/product"}],"replies":[{"embeddable":true,"href":"https:\/\/blankpage.ee\/_ruumist-ruumi\/wp-json\/wp\/v2\/comments?post=51271"}],"wp:featuredmedia":[{"embeddable":true,"href":"https:\/\/blankpage.ee\/_ruumist-ruumi\/wp-json\/wp\/v2\/media\/51272"}],"wp:attachment":[{"href":"https:\/\/blankpage.ee\/_ruumist-ruumi\/wp-json\/wp\/v2\/media?parent=51271"}],"wp:term":[{"taxonomy":"product_brand","embeddable":true,"href":"https:\/\/blankpage.ee\/_ruumist-ruumi\/wp-json\/wp\/v2\/product_brand?post=51271"},{"taxonomy":"product_cat","embeddable":true,"href":"https:\/\/blankpage.ee\/_ruumist-ruumi\/wp-json\/wp\/v2\/product_cat?post=51271"},{"taxonomy":"product_tag","embeddable":true,"href":"https:\/\/blankpage.ee\/_ruumist-ruumi\/wp-json\/wp\/v2\/product_tag?post=51271"}],"curies":[{"name":"wp","href":"https:\/\/api.w.org\/{rel}","templated":true}]}}