{"id":51275,"date":"2024-12-18T11:14:15","date_gmt":"2024-12-18T11:14:15","guid":{"rendered":"https:\/\/ruumistruumi.ee\/pood\/pikendatav-soogilaud-india-must-puit\/"},"modified":"2025-08-20T21:48:31","modified_gmt":"2025-08-20T21:48:31","slug":"pikendatav-soogilaud-india-must-puit","status":"publish","type":"product","link":"https:\/\/blankpage.ee\/_ruumist-ruumi\/pood\/pikendatav-soogilaud-india-must-puit\/","title":{"rendered":"Pikendatav s\u00f6\u00f6gilaud India, must puit"},"content":{"rendered":"<h2>Ruuts\u00f6\u00f6gilaud mustast tamme puidust, 4 istet, k\u00fclgmine pikendusplaat &#8211; modernne stiil, kompaktne disain ja puhtad jooned<\/h2>\n<p>Muuda oma k\u00f6\u00f6k ja s\u00f6\u00f6giala selle ruudukujulise s\u00f6\u00f6gilauaga, mille must lauaplaat lisab soojuse ja avaruse v\u00e4ikestesse linnaeluruumidesse. Selle ruut disain koos k\u00fclgmise pikendusplaadiga v\u00f5imaldab suurendada istekohtade arvu vastavalt vajadusele, muutes selle ideaalseks valikuks mitmek\u00fclgsete ja ruumis\u00e4\u00e4stlike s\u00f6\u00f6gilahenduste jaoks.<\/p>\n<h4>Must puidust viimistlus mitmek\u00fclgse esteetika jaoks<\/h4>\n<p>Selle laua must puidust viimistlus t\u00e4iendab paljusid sisekujundusstiile, sulandudes sujuvalt nii tumedate kui ka heledate v\u00e4rviskeemidega. Selle neutraalne toon muudab selle mitmek\u00fclgseks lisandiks, t\u00e4iustades teie s\u00f6\u00f6giala \u00f5hkkonda ajatult ja rafineeritult.<\/p>\n<h4>Kompaktne disain koos praktilise istumisalaga<\/h4>\n<p>H\u00e4sti sobib kokku elamiseks v\u00e4ikestes ruumides, see laud mahutab kuni 4 inimest oma standardkujul. K\u00fclgmise pikendusplaadiga saate kiiresti lisada lisa ruumi k\u00fclaliste jaoks. Selle selged jooned ja voolujooneline profiil tagavad, et see ei h\u00e4iri teie ruumi, tehes selle ideaalseks valikuteks hubastesse s\u00f6\u00f6gialadesse, mis vajavad paindlikke istumisv\u00f5imalusi.<\/p>\n<h4>Vastupidav ja kergesti hooldatav<\/h4>\n<p>Kvaliteedile keskendudes ehitatud, pakub see laud tugevat toe, tagades vastupidavuse igap\u00e4evaseks kasutamiseks. Selle pind on kergesti puhastatav, muutes selle praktiliseks ja kauakestvaks valikuks h\u00f5ivatud majapidamistele.<\/p>\n<h4>Omadused<\/h4>\n<ul>\n<li>Ruudukujuline kuju k\u00fclgmise pikendusplaadiga lisatud paindlikkuseks<\/li>\n<li>Neutraalne ja mitmek\u00fclgne must puidust viimistlus<\/li>\n<li>Kompaktne ja funktsionaalne kuni 4 inimesele, kui lauda on pikendatud<\/li>\n<li>Vastupidav ja tugev disain ja jalad<\/li>\n<li>Lihtsalt t\u00e4iustab modernset inspireeritud interj\u00f6\u00f6ri<\/li>\n<\/ul>\n","protected":false},"excerpt":{"rendered":"<p>Ruuts\u00f6\u00f6gilaud mustast tamme puidust, 4 istet, k\u00fclgmine pikendusplaat &#8211; modernne stiil, kompaktne disain ja puhtad jooned Muuda oma k\u00f6\u00f6k ja s\u00f6\u00f6giala selle ruudukujulise s\u00f6\u00f6gilauaga, mille must lauaplaat lisab soojuse ja avaruse v\u00e4ikestesse linnaeluruumidesse. Selle ruut disain koos k\u00fclgmise pikendusplaadiga v\u00f5imaldab suurendada istekohtade arvu vastavalt vajadusele, muutes selle ideaalseks valikuks mitmek\u00fclgsete ja ruumis\u00e4\u00e4stlike s\u00f6\u00f6gilahenduste jaoks. Must [&hellip;]<\/p>\n","protected":false},"featured_media":51276,"comment_status":"closed","ping_status":"open","template":"","meta":[],"product_brand":[],"product_cat":[93],"product_tag":[],"class_list":{"0":"post-51275","1":"product","2":"type-product","3":"status-publish","4":"has-post-thumbnail","6":"product_cat-soogilauad","7":"product_shipping_class-furnicher","8":"pa_istekohtade-arv-kuni-4","9":"pa_kollektsioon-india","10":"pa_laua-korgus-1186","11":"pa_laua-pikkus-1197","12":"pa_materjal-puit","13":"pa_varv-must","15":"first","16":"outofstock","17":"sale","18":"taxable","19":"shipping-taxable","20":"purchasable","21":"product-type-simple"},"_links":{"self":[{"href":"https:\/\/blankpage.ee\/_ruumist-ruumi\/wp-json\/wp\/v2\/product\/51275","targetHints":{"allow":["GET"]}}],"collection":[{"href":"https:\/\/blankpage.ee\/_ruumist-ruumi\/wp-json\/wp\/v2\/product"}],"about":[{"href":"https:\/\/blankpage.ee\/_ruumist-ruumi\/wp-json\/wp\/v2\/types\/product"}],"replies":[{"embeddable":true,"href":"https:\/\/blankpage.ee\/_ruumist-ruumi\/wp-json\/wp\/v2\/comments?post=51275"}],"wp:featuredmedia":[{"embeddable":true,"href":"https:\/\/blankpage.ee\/_ruumist-ruumi\/wp-json\/wp\/v2\/media\/51276"}],"wp:attachment":[{"href":"https:\/\/blankpage.ee\/_ruumist-ruumi\/wp-json\/wp\/v2\/media?parent=51275"}],"wp:term":[{"taxonomy":"product_brand","embeddable":true,"href":"https:\/\/blankpage.ee\/_ruumist-ruumi\/wp-json\/wp\/v2\/product_brand?post=51275"},{"taxonomy":"product_cat","embeddable":true,"href":"https:\/\/blankpage.ee\/_ruumist-ruumi\/wp-json\/wp\/v2\/product_cat?post=51275"},{"taxonomy":"product_tag","embeddable":true,"href":"https:\/\/blankpage.ee\/_ruumist-ruumi\/wp-json\/wp\/v2\/product_tag?post=51275"}],"curies":[{"name":"wp","href":"https:\/\/api.w.org\/{rel}","templated":true}]}}