{"id":51282,"date":"2024-12-18T11:14:15","date_gmt":"2024-12-18T11:14:15","guid":{"rendered":"https:\/\/ruumistruumi.ee\/pood\/pikendatav-soogilaud-india-valge-puit\/"},"modified":"2025-08-20T21:48:34","modified_gmt":"2025-08-20T21:48:34","slug":"pikendatav-soogilaud-india-valge-puit","status":"publish","type":"product","link":"https:\/\/blankpage.ee\/_ruumist-ruumi\/pood\/pikendatav-soogilaud-india-valge-puit\/","title":{"rendered":"Pikendatav s\u00f6\u00f6gilaud India, valge puit"},"content":{"rendered":"<h2>Valge tamme puit, 4-kohaline nelinurkne s\u00f6\u00f6gilaud k\u00fclgmise pikendusplaadiga &#8211; modernne stiil, kompaktne disain ja puhtad jooned<\/h2>\n<p>Muutke oma k\u00f6\u00f6gi- ja s\u00f6\u00f6gituba selle nelinurkse s\u00f6\u00f6gilauaga, millel on valge lauaplaat, mis lisab soojust ja avarust v\u00e4ikestesse linnaruumidesse. Selle nelinurkne disain koos k\u00fclgmise pikendusplaadiga v\u00f5imaldab istumisv\u00f5imalusi suurendada vastavalt vajadusele, tehes sellest ideaalse valiku mitmek\u00fclgsete, ruumis\u00e4\u00e4stlike s\u00f6\u00f6gilahenduste jaoks.<\/p>\n<h4>Valge puidu viimistlus mitmek\u00fclgse esteetika jaoks<\/h4>\n<p>Selle laua valge puidu viimistlus t\u00e4iustab laias valikus sisekujundusstiile, sulandudes sujuvalt nii tumedate kui ka heledate v\u00e4rviskeemidega. Selle neutraalne toon muudab selle mitmek\u00fclgseks lisanduseks, t\u00e4iustades teie s\u00f6\u00f6gitoa atmosf\u00e4\u00e4ri ajatu ja rafineeritud aktsendiga.<\/p>\n<h4>Kompaktne disain praktilise istumisv\u00f5imalusega<\/h4>\n<p>Kompaktseks elamiseks loodud laud mahutab oma standardsel kujul kuni 4 inimest. K\u00fclgmise pikendusplaadi abil saate kiiresti lisaruumi t\u00e4iendavate k\u00fclaliste jaoks. Selle puhta joonega ja voolujooneline profiil tagab, et see ei m\u00f5ju ruumis liiga domineerivalt, muutes selle ideaalseks hubasesse s\u00f6\u00f6gituba, kus on vajalikud paindlikud istumisv\u00f5imalused.<\/p>\n<h4>Vastupidav ja kergesti hooldatav<\/h4>\n<p>Kvaliteeti silmas pidades ehitatud laud pakub tugevat tuge, tagades vastupidavuse igap\u00e4evaseks kasutamiseks. Selle pind on kergesti puhastatav, tehes sellest praktilise ja kauakestva valiku h\u00f5ivatud majapidamistele.<\/p>\n<h4>Omadused<\/h4>\n<ul>\n<li>Nelinurkne kuju k\u00fclgmise pikendusplaadiga lisapaindlikkuseks<\/li>\n<li>Neutraalne ja mitmek\u00fclgne valge puidu viimistlus<\/li>\n<li>Kompaktne ja funktsionaalne kuni 4 inimesele, lisakohtadega laiendatuna<\/li>\n<li>Stabiilne, vastupidav disain ja jalad<\/li>\n<li>Sulandub h\u00f5lpsalt modernse inspiratsiooniga interj\u00f6\u00f6ri<\/li>\n<\/ul>\n","protected":false},"excerpt":{"rendered":"<p>Valge tamme puit, 4-kohaline nelinurkne s\u00f6\u00f6gilaud k\u00fclgmise pikendusplaadiga &#8211; modernne stiil, kompaktne disain ja puhtad jooned Muutke oma k\u00f6\u00f6gi- ja s\u00f6\u00f6gituba selle nelinurkse s\u00f6\u00f6gilauaga, millel on valge lauaplaat, mis lisab soojust ja avarust v\u00e4ikestesse linnaruumidesse. Selle nelinurkne disain koos k\u00fclgmise pikendusplaadiga v\u00f5imaldab istumisv\u00f5imalusi suurendada vastavalt vajadusele, tehes sellest ideaalse valiku mitmek\u00fclgsete, ruumis\u00e4\u00e4stlike s\u00f6\u00f6gilahenduste jaoks. Valge [&hellip;]<\/p>\n","protected":false},"featured_media":51283,"comment_status":"closed","ping_status":"open","template":"","meta":[],"product_brand":[],"product_cat":[93],"product_tag":[],"class_list":{"0":"post-51282","1":"product","2":"type-product","3":"status-publish","4":"has-post-thumbnail","6":"product_cat-soogilauad","7":"product_shipping_class-furnicher","8":"pa_istekohtade-arv-kuni-4","9":"pa_kollektsioon-india","10":"pa_laua-korgus-1186","11":"pa_laua-pikkus-1197","12":"pa_materjal-puit","13":"pa_varv-valge","15":"first","16":"outofstock","17":"sale","18":"taxable","19":"shipping-taxable","20":"purchasable","21":"product-type-simple"},"_links":{"self":[{"href":"https:\/\/blankpage.ee\/_ruumist-ruumi\/wp-json\/wp\/v2\/product\/51282","targetHints":{"allow":["GET"]}}],"collection":[{"href":"https:\/\/blankpage.ee\/_ruumist-ruumi\/wp-json\/wp\/v2\/product"}],"about":[{"href":"https:\/\/blankpage.ee\/_ruumist-ruumi\/wp-json\/wp\/v2\/types\/product"}],"replies":[{"embeddable":true,"href":"https:\/\/blankpage.ee\/_ruumist-ruumi\/wp-json\/wp\/v2\/comments?post=51282"}],"wp:featuredmedia":[{"embeddable":true,"href":"https:\/\/blankpage.ee\/_ruumist-ruumi\/wp-json\/wp\/v2\/media\/51283"}],"wp:attachment":[{"href":"https:\/\/blankpage.ee\/_ruumist-ruumi\/wp-json\/wp\/v2\/media?parent=51282"}],"wp:term":[{"taxonomy":"product_brand","embeddable":true,"href":"https:\/\/blankpage.ee\/_ruumist-ruumi\/wp-json\/wp\/v2\/product_brand?post=51282"},{"taxonomy":"product_cat","embeddable":true,"href":"https:\/\/blankpage.ee\/_ruumist-ruumi\/wp-json\/wp\/v2\/product_cat?post=51282"},{"taxonomy":"product_tag","embeddable":true,"href":"https:\/\/blankpage.ee\/_ruumist-ruumi\/wp-json\/wp\/v2\/product_tag?post=51282"}],"curies":[{"name":"wp","href":"https:\/\/api.w.org\/{rel}","templated":true}]}}