{"id":51289,"date":"2024-12-18T11:14:15","date_gmt":"2024-12-18T11:14:15","guid":{"rendered":"https:\/\/ruumistruumi.ee\/pood\/soogilaud-india-must-puit\/"},"modified":"2025-08-20T21:48:36","modified_gmt":"2025-08-20T21:48:36","slug":"soogilaud-india-must-puit","status":"publish","type":"product","link":"https:\/\/blankpage.ee\/_ruumist-ruumi\/pood\/soogilaud-india-must-puit\/","title":{"rendered":"S\u00f6\u00f6gilaud India, must puit"},"content":{"rendered":"<h2>\u00dcmar s\u00f6\u00f6gilaud musta tammepuidu ja 6 istekohaga &#8211; modernne stiil, kompaktne disain ja puhtad jooned<\/h2>\n<p>Muuda oma k\u00f6\u00f6ki ja s\u00f6\u00f6gituba selle \u00fcmara s\u00f6\u00f6gilauaga, mille must lauaplaat lisab v\u00e4ikestesse linnakorteritesse soojust ja avarust. Selle \u00fcmar disain loob visuaalselt avara efekti, muutes selle ideaalseks valikuks v\u00e4iksemate ruumide t\u00e4iustamiseks.<\/p>\n<h4>Must puidust viimistlus mitmek\u00fclgse esteetika jaoks<\/h4>\n<p>Selle musta puidust viimistlus t\u00e4iendab laia valikut sisekujunduse stiile, harmoneerudes lihtsalt nii tumedate kui ka heledate v\u00e4rviskeemidega. Selle neutraalne toon muudab selle mitmek\u00fclgseks t\u00e4ienduseks, mis t\u00e4iustab s\u00f6\u00f6gitoa atmosf\u00e4\u00e4ri ajatult.<\/p>\n<h4>Kompaktne disain praktilise istumisega<\/h4>\n<p>Kompaktset eluviisi silmas pidades loodud laud mahutab mugavalt kuni 6 inimest, pakkudes puhas ja voolujoonelist profiili, mis ei koorma teie ruumi \u00fcle. Ideaalne hubaste s\u00f6\u00f6ginurkade jaoks, lisab see funktsionaalsust ilma stiili v\u00f5i mugavust ohverdamata.<\/p>\n<h4>Vastupidav ja kerge hooldada<\/h4>\n<p>Kvaliteeti silmas pidades ehitatud laud tagab tugeva toe, tagades igap\u00e4evaseks kasutamiseks vastupidavuse. Selle pinda on lihtne puhastada, muutes selle praktiliseks ja kestvaks valikuks h\u00f5ivatud leibkondades.<\/p>\n<h4>Omadused<\/h4>\n<ul>\n<li>\u00dcmmargune lauaplaat<\/li>\n<li>Neutraalne, mitmek\u00fclgne must puidust viimistlus<\/li>\n<li>Kompaktne ja funktsionaalne kuni 6 inimesele<\/li>\n<li>Vastupidav ja tugev konstruktsioon ja jalad<\/li>\n<li>H\u00f5lpsasti t\u00e4iustab modernse inspiratsiooniga interj\u00f6\u00f6ri<\/li>\n<\/ul>\n","protected":false},"excerpt":{"rendered":"<p>\u00dcmar s\u00f6\u00f6gilaud musta tammepuidu ja 6 istekohaga &#8211; modernne stiil, kompaktne disain ja puhtad jooned Muuda oma k\u00f6\u00f6ki ja s\u00f6\u00f6gituba selle \u00fcmara s\u00f6\u00f6gilauaga, mille must lauaplaat lisab v\u00e4ikestesse linnakorteritesse soojust ja avarust. Selle \u00fcmar disain loob visuaalselt avara efekti, muutes selle ideaalseks valikuks v\u00e4iksemate ruumide t\u00e4iustamiseks. Must puidust viimistlus mitmek\u00fclgse esteetika jaoks Selle musta puidust [&hellip;]<\/p>\n","protected":false},"featured_media":51290,"comment_status":"closed","ping_status":"open","template":"","meta":[],"product_brand":[],"product_cat":[93],"product_tag":[],"class_list":{"0":"post-51289","1":"product","2":"type-product","3":"status-publish","4":"has-post-thumbnail","6":"product_cat-soogilauad","7":"product_shipping_class-furnicher","8":"pa_istekohtade-arv-kuni-6","9":"pa_kollektsioon-india","10":"pa_laua-korgus-1186","11":"pa_materjal-puit","12":"pa_varv-must","14":"first","15":"outofstock","16":"sale","17":"taxable","18":"shipping-taxable","19":"purchasable","20":"product-type-simple"},"_links":{"self":[{"href":"https:\/\/blankpage.ee\/_ruumist-ruumi\/wp-json\/wp\/v2\/product\/51289","targetHints":{"allow":["GET"]}}],"collection":[{"href":"https:\/\/blankpage.ee\/_ruumist-ruumi\/wp-json\/wp\/v2\/product"}],"about":[{"href":"https:\/\/blankpage.ee\/_ruumist-ruumi\/wp-json\/wp\/v2\/types\/product"}],"replies":[{"embeddable":true,"href":"https:\/\/blankpage.ee\/_ruumist-ruumi\/wp-json\/wp\/v2\/comments?post=51289"}],"wp:featuredmedia":[{"embeddable":true,"href":"https:\/\/blankpage.ee\/_ruumist-ruumi\/wp-json\/wp\/v2\/media\/51290"}],"wp:attachment":[{"href":"https:\/\/blankpage.ee\/_ruumist-ruumi\/wp-json\/wp\/v2\/media?parent=51289"}],"wp:term":[{"taxonomy":"product_brand","embeddable":true,"href":"https:\/\/blankpage.ee\/_ruumist-ruumi\/wp-json\/wp\/v2\/product_brand?post=51289"},{"taxonomy":"product_cat","embeddable":true,"href":"https:\/\/blankpage.ee\/_ruumist-ruumi\/wp-json\/wp\/v2\/product_cat?post=51289"},{"taxonomy":"product_tag","embeddable":true,"href":"https:\/\/blankpage.ee\/_ruumist-ruumi\/wp-json\/wp\/v2\/product_tag?post=51289"}],"curies":[{"name":"wp","href":"https:\/\/api.w.org\/{rel}","templated":true}]}}