{"id":51293,"date":"2024-12-18T11:14:15","date_gmt":"2024-12-18T11:14:15","guid":{"rendered":"https:\/\/ruumistruumi.ee\/pood\/ummargune-soogilaud-india-naturaalne-tammepuit\/"},"modified":"2025-08-20T21:48:38","modified_gmt":"2025-08-20T21:48:38","slug":"ummargune-soogilaud-india-naturaalne-tammepuit","status":"publish","type":"product","link":"https:\/\/blankpage.ee\/_ruumist-ruumi\/pood\/ummargune-soogilaud-india-naturaalne-tammepuit\/","title":{"rendered":"\u00dcmmargune s\u00f6\u00f6gilaud India, naturaalne tammepuit"},"content":{"rendered":"<h2>\u00dcmmargune s\u00f6\u00f6gilaud neljale, naturaalne tamm &#8211; Skandinaavia stiil, kompaktne disain ja puhtad jooned<\/h2>\n<p>Muuda oma s\u00f6\u00f6gituba selle \u00fcmmarguse s\u00f6\u00f6gilauaga, mille lauaplaat on valmistatud naturaalsest tammespoonist, mis toob v\u00e4ikestesse linnakodudesse soojust ja avarust. Selle ringikujuline disain loob visuaalse avaruse efekti, muutes selle ideaalseks valikuks v\u00e4iksemate ruumide t\u00e4iustamiseks.<\/p>\n<h4>Naturaalse puidu viimistlus mitmek\u00fclgseks esteetikaks<\/h4>\n<p>Selle laua naturaalne puidu viimistlus t\u00e4iendab laia valikut sisustusstile, harmoneerides vaevata nii tumedate kui ka heledate v\u00e4rvigammadega. Selle neutraalsed, maatoonid teevad sellest mitmek\u00fclgse lisandi, mis t\u00e4iustab teie s\u00f6\u00f6gitoa atmosf\u00e4\u00e4ri ajatute aktsentidega.<\/p>\n<h4>Kompaktne disain praktilise istumisega<\/h4>\n<p>Kompaktseks elamiseks m\u00f5eldud laud mahutab mugavalt kuni neli inimest, pakkudes puhast ja voolujoonelist profiili, mis ei hakka teie ruumi \u00fcle domineerima. Ideaalne hubasteks s\u00f6\u00f6ginurkadeks, lisades funktsionaalsust ilma stiili v\u00f5i mugavust ohverdamata.<\/p>\n<h4>Vastupidav ja lihtsasti hooldatav<\/h4>\n<p>Kvaliteeti silmas pidades loodud laudade tammeplekiga jalad pakuvad tugevat tuge, tagades vastupidavuse igap\u00e4evaseks kasutamiseks. Selle pind on lihtsasti puhastatav, muutes selle praktiliseks ja kauakestvaks valikuks kiire elutempoga kodudes.<\/p>\n<h4>Omadused<\/h4>\n<ul>\n<li>\u00dcmmargune kuju naturaalne tammespooniga lauaplaat<\/li>\n<li>Neutraalne, mitmek\u00fclgne naturaalne puidu viimistlus<\/li>\n<li>Kompaktne ja funktsionaalne, mahutab kuni neli inimest<\/li>\n<li>Tugev ja vastupidav disain tammeplekiga jalgadega<\/li>\n<li>Pingutuseta t\u00e4iustab Skandinaavia-stiilis interj\u00f6\u00f6ri<\/li>\n<\/ul>\n","protected":false},"excerpt":{"rendered":"<p>\u00dcmmargune s\u00f6\u00f6gilaud neljale, naturaalne tamm &#8211; Skandinaavia stiil, kompaktne disain ja puhtad jooned Muuda oma s\u00f6\u00f6gituba selle \u00fcmmarguse s\u00f6\u00f6gilauaga, mille lauaplaat on valmistatud naturaalsest tammespoonist, mis toob v\u00e4ikestesse linnakodudesse soojust ja avarust. Selle ringikujuline disain loob visuaalse avaruse efekti, muutes selle ideaalseks valikuks v\u00e4iksemate ruumide t\u00e4iustamiseks. Naturaalse puidu viimistlus mitmek\u00fclgseks esteetikaks Selle laua naturaalne puidu [&hellip;]<\/p>\n","protected":false},"featured_media":51294,"comment_status":"closed","ping_status":"open","template":"","meta":[],"product_brand":[],"product_cat":[93],"product_tag":[],"class_list":{"0":"post-51293","1":"product","2":"type-product","3":"status-publish","4":"has-post-thumbnail","6":"product_cat-soogilauad","7":"product_shipping_class-furnicher","8":"pa_istekohtade-arv-kuni-4","9":"pa_kollektsioon-india","10":"pa_laua-korgus-1186","11":"pa_materjal-puit","12":"pa_varv-naturaalne","14":"first","15":"outofstock","16":"sale","17":"taxable","18":"shipping-taxable","19":"purchasable","20":"product-type-simple"},"_links":{"self":[{"href":"https:\/\/blankpage.ee\/_ruumist-ruumi\/wp-json\/wp\/v2\/product\/51293","targetHints":{"allow":["GET"]}}],"collection":[{"href":"https:\/\/blankpage.ee\/_ruumist-ruumi\/wp-json\/wp\/v2\/product"}],"about":[{"href":"https:\/\/blankpage.ee\/_ruumist-ruumi\/wp-json\/wp\/v2\/types\/product"}],"replies":[{"embeddable":true,"href":"https:\/\/blankpage.ee\/_ruumist-ruumi\/wp-json\/wp\/v2\/comments?post=51293"}],"wp:featuredmedia":[{"embeddable":true,"href":"https:\/\/blankpage.ee\/_ruumist-ruumi\/wp-json\/wp\/v2\/media\/51294"}],"wp:attachment":[{"href":"https:\/\/blankpage.ee\/_ruumist-ruumi\/wp-json\/wp\/v2\/media?parent=51293"}],"wp:term":[{"taxonomy":"product_brand","embeddable":true,"href":"https:\/\/blankpage.ee\/_ruumist-ruumi\/wp-json\/wp\/v2\/product_brand?post=51293"},{"taxonomy":"product_cat","embeddable":true,"href":"https:\/\/blankpage.ee\/_ruumist-ruumi\/wp-json\/wp\/v2\/product_cat?post=51293"},{"taxonomy":"product_tag","embeddable":true,"href":"https:\/\/blankpage.ee\/_ruumist-ruumi\/wp-json\/wp\/v2\/product_tag?post=51293"}],"curies":[{"name":"wp","href":"https:\/\/api.w.org\/{rel}","templated":true}]}}