{"id":51301,"date":"2024-12-18T11:14:15","date_gmt":"2024-12-18T11:14:15","guid":{"rendered":"https:\/\/ruumistruumi.ee\/pood\/soogilaud-india-umar-naturaalne-tammepuit-ja-must\/"},"modified":"2025-08-20T21:48:41","modified_gmt":"2025-08-20T21:48:41","slug":"soogilaud-india-umar-naturaalne-tammepuit-ja-must","status":"publish","type":"product","link":"https:\/\/blankpage.ee\/_ruumist-ruumi\/pood\/soogilaud-india-umar-naturaalne-tammepuit-ja-must\/","title":{"rendered":"S\u00f6\u00f6gilaud India, \u00fcmar, naturaalne tammepuit ja must"},"content":{"rendered":"<h2>\u00dcmar s\u00f6\u00f6gilaud, naturaalne tammevineer ja mustad jalad, 4 istekohta &#8211; Skandinaavia stiil, kompaktne disain ja puhtad jooned<\/h2>\n<p>Muuda oma s\u00f6\u00f6gituba selle \u00fcmmarguse s\u00f6\u00f6gilauaga, mis on valmistatud naturaalse tammevineeri lauaplaadiga, tuues soojust ja avarust v\u00e4ikestesse linnaruumi. Selle ringikujuline disain loob visuaalselt avarama efekti, muutes selle ideaalseks v\u00e4iksemate ruumide t\u00e4iustamiseks.<\/p>\n<h4>Naturaalse ja musta puidu viimistlus mitmek\u00fclgse esteetika jaoks<\/h4>\n<p>Laua naturaalne puidu viimistlusega lauaplaat ja mustad jalad t\u00e4iendavad erinevaid sisekujundusstiile, harmoneerudes vaevatult nii tumedate kui heledate v\u00e4rviskeemidega. Selle neutraalsed, maal\u00e4hedased toonid muudavad selle mitmek\u00fclgseks lisandiks, mis t\u00f5stab esile teie s\u00f6\u00f6gitoa \u00f5hkkonda ajatute n\u00fcanssidega.<\/p>\n<h4>Kompaktne disain ja praktiline istekohtade arv<\/h4>\n<p>Kompaktseks elamiseks loodud laud mahutab mugavalt kuni 4 inimest, pakkudes selgejoonelist ja voolujoonelist profiili, mis ei l\u00e4mmata teie ruumi. Ideaalne hubasteks s\u00f6\u00f6ginurkadeks, lisades funktsionaalsust ilma stiili v\u00f5i mugavuse kompromissideta.<\/p>\n<h4>Vastupidav ja kergesti hooldatav<\/h4>\n<p>Kvaliteeti silmas pidades ehitatud lauaga on mustaks peitsitud jalad, mis tagavad igap\u00e4evase kasutuse jaoks vastupidava toe. Selle pinda on lihtne puhastada, muutes selle praktiliseks ja kauakestvaks valikuks h\u00f5ivatud peredele.<\/p>\n<h4>Omadused<\/h4>\n<ul>\n<li>\u00dcmar kuju naturaalne tammevineer lauaplaat<\/li>\n<li>Neutraalne, mitmek\u00fclgne naturaalne puidu viimistlus<\/li>\n<li>Kompaktne ja funktsionaalne, mahutab kuni 4 inimest<\/li>\n<li>Tugev, vastupidav disain mustaks peitsitud jalgadega<\/li>\n<li>Lihtsalt t\u00e4iustab Skandinaavia stiilis interj\u00f6\u00f6ri<\/li>\n<\/ul>\n","protected":false},"excerpt":{"rendered":"<p>\u00dcmar s\u00f6\u00f6gilaud, naturaalne tammevineer ja mustad jalad, 4 istekohta &#8211; Skandinaavia stiil, kompaktne disain ja puhtad jooned Muuda oma s\u00f6\u00f6gituba selle \u00fcmmarguse s\u00f6\u00f6gilauaga, mis on valmistatud naturaalse tammevineeri lauaplaadiga, tuues soojust ja avarust v\u00e4ikestesse linnaruumi. Selle ringikujuline disain loob visuaalselt avarama efekti, muutes selle ideaalseks v\u00e4iksemate ruumide t\u00e4iustamiseks. Naturaalse ja musta puidu viimistlus mitmek\u00fclgse esteetika [&hellip;]<\/p>\n","protected":false},"featured_media":51302,"comment_status":"closed","ping_status":"open","template":"","meta":[],"product_brand":[],"product_cat":[93],"product_tag":[],"class_list":{"0":"post-51301","1":"product","2":"type-product","3":"status-publish","4":"has-post-thumbnail","6":"product_cat-soogilauad","7":"product_shipping_class-furnicher","8":"pa_istekohtade-arv-kuni-4","9":"pa_kollektsioon-india","10":"pa_laua-korgus-1186","11":"pa_materjal-puit","12":"pa_varv-naturaalne","14":"first","15":"outofstock","16":"sale","17":"taxable","18":"shipping-taxable","19":"purchasable","20":"product-type-simple"},"_links":{"self":[{"href":"https:\/\/blankpage.ee\/_ruumist-ruumi\/wp-json\/wp\/v2\/product\/51301","targetHints":{"allow":["GET"]}}],"collection":[{"href":"https:\/\/blankpage.ee\/_ruumist-ruumi\/wp-json\/wp\/v2\/product"}],"about":[{"href":"https:\/\/blankpage.ee\/_ruumist-ruumi\/wp-json\/wp\/v2\/types\/product"}],"replies":[{"embeddable":true,"href":"https:\/\/blankpage.ee\/_ruumist-ruumi\/wp-json\/wp\/v2\/comments?post=51301"}],"wp:featuredmedia":[{"embeddable":true,"href":"https:\/\/blankpage.ee\/_ruumist-ruumi\/wp-json\/wp\/v2\/media\/51302"}],"wp:attachment":[{"href":"https:\/\/blankpage.ee\/_ruumist-ruumi\/wp-json\/wp\/v2\/media?parent=51301"}],"wp:term":[{"taxonomy":"product_brand","embeddable":true,"href":"https:\/\/blankpage.ee\/_ruumist-ruumi\/wp-json\/wp\/v2\/product_brand?post=51301"},{"taxonomy":"product_cat","embeddable":true,"href":"https:\/\/blankpage.ee\/_ruumist-ruumi\/wp-json\/wp\/v2\/product_cat?post=51301"},{"taxonomy":"product_tag","embeddable":true,"href":"https:\/\/blankpage.ee\/_ruumist-ruumi\/wp-json\/wp\/v2\/product_tag?post=51301"}],"curies":[{"name":"wp","href":"https:\/\/api.w.org\/{rel}","templated":true}]}}