{"id":51305,"date":"2024-12-18T11:14:15","date_gmt":"2024-12-18T11:14:15","guid":{"rendered":"https:\/\/ruumistruumi.ee\/pood\/ummargune-soogilaud-india-valge-puit\/"},"modified":"2025-08-20T21:48:53","modified_gmt":"2025-08-20T21:48:53","slug":"ummargune-soogilaud-india-valge-puit","status":"publish","type":"product","link":"https:\/\/blankpage.ee\/_ruumist-ruumi\/pood\/ummargune-soogilaud-india-valge-puit\/","title":{"rendered":"\u00dcmmargune s\u00f6\u00f6gilaud India, valge puit"},"content":{"rendered":"<h2>Valge puidust 4-kohaline \u00fcmmargune s\u00f6\u00f6gilaud &#8211; Moodne stiil, kompaktne disain ja puhtad jooned<\/h2>\n<p>Muuda oma s\u00f6\u00f6giala selle \u00fcmmarguse s\u00f6\u00f6gilauaga, mis on valmistatud valgest lauapinnast, mis lisab soojust ja avarust v\u00e4ikestesse linnalistesse ruumidesse. Selle \u00fcmmargune disain loob visuaalselt avara efekti, muutes selle ideaalseks valikuks v\u00e4ikeste ruumide suurendamiseks.<\/p>\n<h4>Valge puidust viimistlus mitmek\u00fclgseks esteetikaks<\/h4>\n<p>Selle laua valge puidust viimistlus t\u00e4iendab laia valikut sisustusstiile, harmoneerudes vaevata nii tumedate kui ka heledate v\u00e4rviskeemidega. Selle neutraalne toon teeb sellest mitmek\u00fclgse lisa, mis t\u00e4iustab teie s\u00f6\u00f6giala milj\u00f6\u00f6d ajatu puudutusega.<\/p>\n<h4>Kompaktne disain praktilise istumisalaga<\/h4>\n<p>Kavandatud kompaktseks elamiseks, see laud mahutab mugavalt kuni 4 inimest, pakkudes puhasjoonelist ja voolujoonelist profiili, mis ei domineeri teie ruumis. Ideaalne hubaste s\u00f6\u00f6ginurkade jaoks, lisab see funktsionaalsust ilma stiili v\u00f5i mugavust ohverdamata.<\/p>\n<h4>Vastupidav ja kergesti hooldatav<\/h4>\n<p>Kvaliteetsetest materjalidest valmistatud laud tagab tugeva toe, pakkudes vastupidavust igap\u00e4evaseks kasutamiseks. Selle pinda on lihtne puhastada, muutes selle praktiliseks ja kauakestvaks valikuks h\u00f5ivatud majapidamistele.<\/p>\n<h4>Omadused<\/h4>\n<ul>\n<li>\u00dcmmargune lauaplaat<\/li>\n<li>Neutraalne, mitmek\u00fclgne valge puidust viimistlus<\/li>\n<li>Kompaktne ja funktsionaalne mahutab kuni 4 inimest<\/li>\n<li>Vastupidav, tugev disain ja jalad<\/li>\n<li>Parendab vaevata kaasaegset sisekujundust<\/li>\n<\/ul>\n","protected":false},"excerpt":{"rendered":"<p>Valge puidust 4-kohaline \u00fcmmargune s\u00f6\u00f6gilaud &#8211; Moodne stiil, kompaktne disain ja puhtad jooned Muuda oma s\u00f6\u00f6giala selle \u00fcmmarguse s\u00f6\u00f6gilauaga, mis on valmistatud valgest lauapinnast, mis lisab soojust ja avarust v\u00e4ikestesse linnalistesse ruumidesse. Selle \u00fcmmargune disain loob visuaalselt avara efekti, muutes selle ideaalseks valikuks v\u00e4ikeste ruumide suurendamiseks. Valge puidust viimistlus mitmek\u00fclgseks esteetikaks Selle laua valge puidust [&hellip;]<\/p>\n","protected":false},"featured_media":51306,"comment_status":"closed","ping_status":"open","template":"","meta":[],"product_brand":[],"product_cat":[93],"product_tag":[],"class_list":{"0":"post-51305","1":"product","2":"type-product","3":"status-publish","4":"has-post-thumbnail","6":"product_cat-soogilauad","7":"product_shipping_class-furnicher","8":"pa_istekohtade-arv-kuni-4","9":"pa_kollektsioon-india","10":"pa_laua-korgus-1186","11":"pa_materjal-puit","12":"pa_varv-valge","14":"first","15":"outofstock","16":"sale","17":"taxable","18":"shipping-taxable","19":"purchasable","20":"product-type-simple"},"_links":{"self":[{"href":"https:\/\/blankpage.ee\/_ruumist-ruumi\/wp-json\/wp\/v2\/product\/51305","targetHints":{"allow":["GET"]}}],"collection":[{"href":"https:\/\/blankpage.ee\/_ruumist-ruumi\/wp-json\/wp\/v2\/product"}],"about":[{"href":"https:\/\/blankpage.ee\/_ruumist-ruumi\/wp-json\/wp\/v2\/types\/product"}],"replies":[{"embeddable":true,"href":"https:\/\/blankpage.ee\/_ruumist-ruumi\/wp-json\/wp\/v2\/comments?post=51305"}],"wp:featuredmedia":[{"embeddable":true,"href":"https:\/\/blankpage.ee\/_ruumist-ruumi\/wp-json\/wp\/v2\/media\/51306"}],"wp:attachment":[{"href":"https:\/\/blankpage.ee\/_ruumist-ruumi\/wp-json\/wp\/v2\/media?parent=51305"}],"wp:term":[{"taxonomy":"product_brand","embeddable":true,"href":"https:\/\/blankpage.ee\/_ruumist-ruumi\/wp-json\/wp\/v2\/product_brand?post=51305"},{"taxonomy":"product_cat","embeddable":true,"href":"https:\/\/blankpage.ee\/_ruumist-ruumi\/wp-json\/wp\/v2\/product_cat?post=51305"},{"taxonomy":"product_tag","embeddable":true,"href":"https:\/\/blankpage.ee\/_ruumist-ruumi\/wp-json\/wp\/v2\/product_tag?post=51305"}],"curies":[{"name":"wp","href":"https:\/\/api.w.org\/{rel}","templated":true}]}}