{"id":51309,"date":"2024-12-18T11:14:38","date_gmt":"2024-12-18T11:14:38","guid":{"rendered":"https:\/\/ruumistruumi.ee\/pood\/soogilaud-india-naturaalne-tamm-must\/"},"modified":"2025-08-20T21:48:15","modified_gmt":"2025-08-20T21:48:15","slug":"soogilaud-india-naturaalne-tamm-must","status":"publish","type":"product","link":"https:\/\/blankpage.ee\/_ruumist-ruumi\/pood\/soogilaud-india-naturaalne-tamm-must\/","title":{"rendered":"S\u00f6\u00f6gilaud India, naturaalne tamm &#038; must"},"content":{"rendered":"<h2>Naturaalne tamme puit &amp; mustad jalad, 4-kohaline ristk\u00fclikukujuline s\u00f6\u00f6gilaud &#8211; moodne stiil, kompaktne disain ja puhtad jooned<\/h2>\n<p>Muuda oma k\u00f6\u00f6gi- ja s\u00f6\u00f6giala selle ristk\u00fclikukujulise s\u00f6\u00f6gilauaga, millel on elegantne tammespooniga lauaplaat, mis toob v\u00e4ikestesse linnaruumi loomuliku soojust ja rafineeritust. Tugevate mustade jalgadega paaritatud, on sellel stiilne ristk\u00fclikukujuline disain, mis teeb sellest ideaalse valiku mitmek\u00fclgsete ja ruumis\u00e4\u00e4stlike s\u00f6\u00f6gilahenduste jaoks.<\/p>\n<h4>Tammespoon ja must viimistlus mitmek\u00fclgse esteetika saavutamiseks<\/h4>\n<p>Tammespooniga lauaplaadi ja mustade jalgade kombinatsioon sobitub laia valiku sisustusstiilidega, harmoniseerudes sujuvalt nii tumedate kui ka heledate v\u00e4rviskeemidega. Selle neutraalne, kuid peen v\u00e4limus muudab selle mitmek\u00fclgseks lisanduseks, mis t\u00e4iustab s\u00f6\u00f6giala atmosf\u00e4\u00e4ri ajatu ja rafineeritud puudutusega.<\/p>\n<h4>Kompaktne disain praktilise istumisv\u00f5imalusega<\/h4>\n<p>Kompaktseks eluks loodud laud mahutab mugavalt kuni 4 inimest. Selle puhtajooneline, voolujooneline profiil tagab, et see ei \u00fclem\u00e4\u00e4ra teie ruumi, muutes selle ideaalseks lahenduseks hubastele s\u00f6\u00f6gikohtadele, mis seavad esikohale stiili ja funktsionaalsuse.<\/p>\n<h4>Vastupidav ja h\u00f5lpsasti hooldatav<\/h4>\n<p>Kvaliteeti silmas pidades ehitatud laual on vastupidav tammespoonist pealisplaat ja tugevad mustad jalad, mis pakuvad igap\u00e4evaseks kasutamiseks kindlat tuge. Pinda on lihtne puhastada, muutes selle praktiliseks ja vastupidavaks valikuks tiheda elutempoga peredele.<\/p>\n<h4>Omadused<\/h4>\n<ul>\n<li>Ristk\u00fclikukujuline kuju voolujoonelise, moodsa ilme jaoks<\/li>\n<li>Naturaalne tammespooniga lauaplaat koos elegantsete mustade jalgadega<\/li>\n<li>Kompaktne ja funktsionaalne, mahutab kuni 4 inimest<\/li>\n<li>Vastupidav ja tugev disain koos jalgadega<\/li>\n<li>Enhaceerib vaevata modernse stiiliga interj\u00f6\u00f6ri<\/li>\n<\/ul>\n","protected":false},"excerpt":{"rendered":"<p>Naturaalne tamme puit &amp; mustad jalad, 4-kohaline ristk\u00fclikukujuline s\u00f6\u00f6gilaud &#8211; moodne stiil, kompaktne disain ja puhtad jooned Muuda oma k\u00f6\u00f6gi- ja s\u00f6\u00f6giala selle ristk\u00fclikukujulise s\u00f6\u00f6gilauaga, millel on elegantne tammespooniga lauaplaat, mis toob v\u00e4ikestesse linnaruumi loomuliku soojust ja rafineeritust. Tugevate mustade jalgadega paaritatud, on sellel stiilne ristk\u00fclikukujuline disain, mis teeb sellest ideaalse valiku mitmek\u00fclgsete ja ruumis\u00e4\u00e4stlike [&hellip;]<\/p>\n","protected":false},"featured_media":51310,"comment_status":"closed","ping_status":"open","template":"","meta":[],"product_brand":[],"product_cat":[93],"product_tag":[],"class_list":{"0":"post-51309","1":"product","2":"type-product","3":"status-publish","4":"has-post-thumbnail","6":"product_cat-soogilauad","7":"product_shipping_class-furnicher","8":"pa_istekohtade-arv-kuni-4","9":"pa_kollektsioon-india","10":"pa_laua-korgus-1186","11":"pa_laua-pikkus-1197","12":"pa_materjal-puit","13":"pa_varv-naturaalne","15":"first","16":"outofstock","17":"sale","18":"taxable","19":"shipping-taxable","20":"purchasable","21":"product-type-simple"},"_links":{"self":[{"href":"https:\/\/blankpage.ee\/_ruumist-ruumi\/wp-json\/wp\/v2\/product\/51309","targetHints":{"allow":["GET"]}}],"collection":[{"href":"https:\/\/blankpage.ee\/_ruumist-ruumi\/wp-json\/wp\/v2\/product"}],"about":[{"href":"https:\/\/blankpage.ee\/_ruumist-ruumi\/wp-json\/wp\/v2\/types\/product"}],"replies":[{"embeddable":true,"href":"https:\/\/blankpage.ee\/_ruumist-ruumi\/wp-json\/wp\/v2\/comments?post=51309"}],"wp:featuredmedia":[{"embeddable":true,"href":"https:\/\/blankpage.ee\/_ruumist-ruumi\/wp-json\/wp\/v2\/media\/51310"}],"wp:attachment":[{"href":"https:\/\/blankpage.ee\/_ruumist-ruumi\/wp-json\/wp\/v2\/media?parent=51309"}],"wp:term":[{"taxonomy":"product_brand","embeddable":true,"href":"https:\/\/blankpage.ee\/_ruumist-ruumi\/wp-json\/wp\/v2\/product_brand?post=51309"},{"taxonomy":"product_cat","embeddable":true,"href":"https:\/\/blankpage.ee\/_ruumist-ruumi\/wp-json\/wp\/v2\/product_cat?post=51309"},{"taxonomy":"product_tag","embeddable":true,"href":"https:\/\/blankpage.ee\/_ruumist-ruumi\/wp-json\/wp\/v2\/product_tag?post=51309"}],"curies":[{"name":"wp","href":"https:\/\/api.w.org\/{rel}","templated":true}]}}