{"id":5131,"date":"2024-11-01T09:45:26","date_gmt":"2024-11-01T09:45:26","guid":{"rendered":"https:\/\/ruumistruumi.ee\/pood\/tumedpruun-tv-alus-ashton-astl01-akatsiapuust\/"},"modified":"2025-06-17T08:56:53","modified_gmt":"2025-06-17T08:56:53","slug":"tumepruun-tv-alus-ashton-astl01-akaatsiapuidust","status":"publish","type":"product","link":"https:\/\/blankpage.ee\/_ruumist-ruumi\/pood\/tumepruun-tv-alus-ashton-astl01-akaatsiapuidust\/","title":{"rendered":"Tumepruun TV-alus Ashton ASTL01, akaatsiapuidust"},"content":{"rendered":"<p>Ashton ASTL01 TV-alus elutuppa. See stiilne TV-alus on valmistatud tugevast harjatud akaatsiapuidust, mille disainis on \u00fchendatud retro, vintage ja boho stiilid. Kaunis tumepruun toon koos messingitoonides k\u00e4epidemetega annab sellele m\u00f6\u00f6bliesemele elegantse ja ajatu v\u00e4limuse. TV-alus on t\u00e4ielikult puidust ning sisaldab kahte sahtlit ja kahte riiulit, millel on l\u00fckanduksed kalasabamustriga intarsia. <\/p>\n<p>Ashton ASTL01 TV-alus on ideaalne valik neile, kes hindavad kvaliteetset ja stiilset m\u00f6\u00f6blit. TV-alusel on \u00fcks uks ja \u00fcks riiul, mis pakuvad praktilist hoiuruumi. Metallist k\u00e4epidemed lisavad vastupidavust ja annavad m\u00f6\u00f6bliesemele kaasaegse ilme. Kokkupandud, ei vaja paigaldust, mis s\u00e4\u00e4stab aega ja vaeva.<\/p>\n<p>Omadused:<br \/>\n<strong>Materjal:<\/strong> Akaatsiapuit<br \/>\n<strong>V\u00e4rv:<\/strong> Tumepruun<br \/>\n<strong>M\u00f5\u00f5tmed:<\/strong> Laius 165 cm, s\u00fcgavus 45 cm, k\u00f5rgus 55 cm<br \/>\n<strong>T\u00e4iendavad detailid:<\/strong> Intarsia esipaneelid, metallist k\u00e4epidemed<br \/>\n<strong>Kokkupanek:<\/strong> Kokkupandud, ei vaja paigaldust. S\u00e4\u00e4stab aega ja vaeva.<\/p>\n<p>&nbsp;<\/p>\n","protected":false},"excerpt":{"rendered":"<p>Ashton ASTL01 TV-alus elutuppa. See stiilne TV-alus on valmistatud tugevast harjatud akaatsiapuidust, mille disainis on \u00fchendatud retro, vintage ja boho stiilid. Kaunis tumepruun toon koos messingitoonides k\u00e4epidemetega annab sellele m\u00f6\u00f6bliesemele elegantse ja ajatu v\u00e4limuse. TV-alus on t\u00e4ielikult puidust ning sisaldab kahte sahtlit ja kahte riiulit, millel on l\u00fckanduksed kalasabamustriga intarsia. Ashton ASTL01 TV-alus on ideaalne [&hellip;]<\/p>\n","protected":false},"featured_media":5132,"comment_status":"open","ping_status":"closed","template":"","meta":[],"product_brand":[],"product_cat":[85],"product_tag":[],"class_list":{"0":"post-5131","1":"product","2":"type-product","3":"status-publish","4":"has-post-thumbnail","6":"product_cat-tv-alused","7":"product_shipping_class-livin-hill","8":"pa_kaepidemed-metall","9":"pa_kollektsioon-ashton","10":"pa_materjal-akaatsiapuit","11":"pa_riiulite-arv-99","12":"pa_sahtlite-arv-74","13":"pa_uste-arv-88","14":"pa_varv-tumepruun","16":"first","17":"instock","18":"sale","19":"taxable","20":"shipping-taxable","21":"purchasable","22":"product-type-simple"},"_links":{"self":[{"href":"https:\/\/blankpage.ee\/_ruumist-ruumi\/wp-json\/wp\/v2\/product\/5131","targetHints":{"allow":["GET"]}}],"collection":[{"href":"https:\/\/blankpage.ee\/_ruumist-ruumi\/wp-json\/wp\/v2\/product"}],"about":[{"href":"https:\/\/blankpage.ee\/_ruumist-ruumi\/wp-json\/wp\/v2\/types\/product"}],"replies":[{"embeddable":true,"href":"https:\/\/blankpage.ee\/_ruumist-ruumi\/wp-json\/wp\/v2\/comments?post=5131"}],"wp:featuredmedia":[{"embeddable":true,"href":"https:\/\/blankpage.ee\/_ruumist-ruumi\/wp-json\/wp\/v2\/media\/5132"}],"wp:attachment":[{"href":"https:\/\/blankpage.ee\/_ruumist-ruumi\/wp-json\/wp\/v2\/media?parent=5131"}],"wp:term":[{"taxonomy":"product_brand","embeddable":true,"href":"https:\/\/blankpage.ee\/_ruumist-ruumi\/wp-json\/wp\/v2\/product_brand?post=5131"},{"taxonomy":"product_cat","embeddable":true,"href":"https:\/\/blankpage.ee\/_ruumist-ruumi\/wp-json\/wp\/v2\/product_cat?post=5131"},{"taxonomy":"product_tag","embeddable":true,"href":"https:\/\/blankpage.ee\/_ruumist-ruumi\/wp-json\/wp\/v2\/product_tag?post=5131"}],"curies":[{"name":"wp","href":"https:\/\/api.w.org\/{rel}","templated":true}]}}