{"id":51313,"date":"2024-12-18T11:14:38","date_gmt":"2024-12-18T11:14:38","guid":{"rendered":"https:\/\/ruumistruumi.ee\/pood\/soogilaud-jero-kalasaba-muster-naturaalne-puit-180-cm\/"},"modified":"2025-08-20T21:48:17","modified_gmt":"2025-08-20T21:48:17","slug":"soogilaud-jero-kalasaba-muster-naturaalne-puit-180-cm","status":"publish","type":"product","link":"https:\/\/blankpage.ee\/_ruumist-ruumi\/pood\/soogilaud-jero-kalasaba-muster-naturaalne-puit-180-cm\/","title":{"rendered":"S\u00f6\u00f6gilaud Jero, kalasaba muster, naturaalne puit, 180 cm"},"content":{"rendered":"<h2>S\u00f6\u00f6gilaud Jero Herringbone: elegantne Taani meistrit\u00f6\u00f6<\/h2>\n<p>Tutvustame s\u00f6\u00f6gilauda Jero Herringbone, mis on k\u00f5rgetasemeline n\u00e4ide elegantsist ja disainist. Naturaalne puidu viimistlus ning eksklusiivne Taani disain, mis on kaitstud Actona jaoks, muudavad selle s\u00f6\u00f6gilaua funktsionaalsuse ja silmapaistva esteetika kombinatsiooniks.<\/p>\n<h4>Imeline kalasabamuster ja tammespoon<\/h4>\n<p>S\u00f6\u00f6gilaud Jero sisaldab \u00f5litatud tammespooni lauaplaati, mis on paigutatud kaunisse kalasabamustrisse, t\u00f5stes koheselt esile iga s\u00f6\u00f6giruumi. See naturaalne viimistlus lisab sooja, kutsuva ilme ja toob esile meisterlikkuse kvaliteedi, muutes selle teie s\u00f6\u00f6gitoa keskpunktiks.<\/p>\n<h4>Robustne ja stiilne tugi<\/h4>\n<p>Laua toetuseks on kandilised, mustaks v\u00e4rvitud jalad, pakkudes kaasaegset p\u00f6\u00f6rangut klassikalisele disainile. Need tugevad jalad mitte ainult ei paku kindlat alust, vaid loovad ka kauni kontrasti heleda tammespooniga, lisades modernse h\u00f5ngu selle ajatule v\u00f5lule.<\/p>\n<h4>Omadused<\/h4>\n<ul>\n<li>Sofistikeeritud kalasabamustriga lauaplaat<\/li>\n<li>\u00d5litatud tammespoon vastupidavuse ja elegantsi tagamiseks<\/li>\n<li>Robustsed kandilised jalad, v\u00e4rvitud stiilselt mustaks<\/li>\n<li>Mahutab mugavalt kuni 6 inimest<\/li>\n<li>Disain sobib laiendamiseks, et mahutada rohkem k\u00fclalisi<\/li>\n<\/ul>\n<p>S\u00f6\u00f6gilaud Jero Herringbone ei ole mitte ainult kaunis m\u00f6\u00f6bliese, vaid ka praktiline, mahutades mugavalt kuni kuus inimest ja sobides laiendamiseks. See sobib ideaalselt nii igap\u00e4evaste peres\u00f6\u00f6kide kui ka pidulikumate \u00f5htus\u00f6\u00f6kide jaoks, pakkudes mitmek\u00fclgset ja stiilset keskkonda.<\/p>\n","protected":false},"excerpt":{"rendered":"<p>S\u00f6\u00f6gilaud Jero Herringbone: elegantne Taani meistrit\u00f6\u00f6 Tutvustame s\u00f6\u00f6gilauda Jero Herringbone, mis on k\u00f5rgetasemeline n\u00e4ide elegantsist ja disainist. Naturaalne puidu viimistlus ning eksklusiivne Taani disain, mis on kaitstud Actona jaoks, muudavad selle s\u00f6\u00f6gilaua funktsionaalsuse ja silmapaistva esteetika kombinatsiooniks. Imeline kalasabamuster ja tammespoon S\u00f6\u00f6gilaud Jero sisaldab \u00f5litatud tammespooni lauaplaati, mis on paigutatud kaunisse kalasabamustrisse, t\u00f5stes koheselt esile [&hellip;]<\/p>\n","protected":false},"featured_media":51314,"comment_status":"closed","ping_status":"open","template":"","meta":[],"product_brand":[],"product_cat":[93],"product_tag":[],"class_list":{"0":"post-51313","1":"product","2":"type-product","3":"status-publish","4":"has-post-thumbnail","6":"product_cat-soogilauad","7":"product_shipping_class-furnicher","8":"pa_istekohtade-arv-kuni-6","9":"pa_kollektsioon-jero","10":"pa_laua-korgus-1190","11":"pa_laua-pikkus-1198","12":"pa_materjal-puit","13":"pa_varv-naturaalne","15":"first","16":"outofstock","17":"sale","18":"taxable","19":"shipping-taxable","20":"purchasable","21":"product-type-simple"},"_links":{"self":[{"href":"https:\/\/blankpage.ee\/_ruumist-ruumi\/wp-json\/wp\/v2\/product\/51313","targetHints":{"allow":["GET"]}}],"collection":[{"href":"https:\/\/blankpage.ee\/_ruumist-ruumi\/wp-json\/wp\/v2\/product"}],"about":[{"href":"https:\/\/blankpage.ee\/_ruumist-ruumi\/wp-json\/wp\/v2\/types\/product"}],"replies":[{"embeddable":true,"href":"https:\/\/blankpage.ee\/_ruumist-ruumi\/wp-json\/wp\/v2\/comments?post=51313"}],"wp:featuredmedia":[{"embeddable":true,"href":"https:\/\/blankpage.ee\/_ruumist-ruumi\/wp-json\/wp\/v2\/media\/51314"}],"wp:attachment":[{"href":"https:\/\/blankpage.ee\/_ruumist-ruumi\/wp-json\/wp\/v2\/media?parent=51313"}],"wp:term":[{"taxonomy":"product_brand","embeddable":true,"href":"https:\/\/blankpage.ee\/_ruumist-ruumi\/wp-json\/wp\/v2\/product_brand?post=51313"},{"taxonomy":"product_cat","embeddable":true,"href":"https:\/\/blankpage.ee\/_ruumist-ruumi\/wp-json\/wp\/v2\/product_cat?post=51313"},{"taxonomy":"product_tag","embeddable":true,"href":"https:\/\/blankpage.ee\/_ruumist-ruumi\/wp-json\/wp\/v2\/product_tag?post=51313"}],"curies":[{"name":"wp","href":"https:\/\/api.w.org\/{rel}","templated":true}]}}