{"id":51321,"date":"2024-12-18T11:14:38","date_gmt":"2024-12-18T11:14:38","guid":{"rendered":"https:\/\/ruumistruumi.ee\/pood\/soogilaud-jero-kalasaba-muster-naturaalne-puit-220-cm\/"},"modified":"2025-08-20T21:48:18","modified_gmt":"2025-08-20T21:48:18","slug":"soogilaud-jero-kalasaba-muster-naturaalne-puit-220-cm","status":"publish","type":"product","link":"https:\/\/blankpage.ee\/_ruumist-ruumi\/pood\/soogilaud-jero-kalasaba-muster-naturaalne-puit-220-cm\/","title":{"rendered":"S\u00f6\u00f6gilaud Jero, kalasaba muster, naturaalne puit, 220 cm"},"content":{"rendered":"<h2>S\u00f6\u00f6gilaud Jero Herringbone: Luksuslik Taani Disain<\/h2>\n<p>Tervitage oma kodus s\u00f6\u00f6gilauda Jero Herringbone, mis seisab elegantsi ja funktsionaalse disaini ristteel. Valmistatud naturaalsest puidust ja pikendatav kuni 220 cm, on see laud kaitstud eksklusiivsete Taani disaini\u00f5igustega Actonale, pakkudes nii stiili kui ka eksklusiivsust.<\/p>\n<h4>Elegantne Herringbone ja Tammepuu Viimistlus<\/h4>\n<p>Jero s\u00f6\u00f6gilaua lauaplaat on kaetud \u00f5litatud tammepuidust spooniga, millel on peen herringbone muster, mis pakub kaunist visuaalset tekstuuri ja t\u00e4iustab selle looduslikku sarmi. Selle disaini meisterlikkus tagab mitte ainult vastupidavuse, vaid toob ka ajatu esteetika igasugusesse s\u00f6\u00f6gituba.<\/p>\n<h4>J\u00f5uline Tugi Kaasaegse V\u00f5luga<\/h4>\n<p>Ruudukujulistel, mustaks v\u00e4rvitud jalgadel seisev laud pakub tugevat alust kaasaegse ilmega. Tumedad jalad loovad valguse tammepuidust spooniga tugeva kontrasti, luues meeldiva tasakaalu, mis sulandub sujuvalt kaasaegsesse kodusesse sisustusse.<\/p>\n<h4>Omadused<\/h4>\n<ul>\n<li>Peen herringbone muster lauaplaadil<\/li>\n<li>K\u00f5rgekvaliteediline \u00f5litatud tammepuidust spoon, mis tagab suurema vastupidavuse<\/li>\n<li>J\u00f5ulised ruudukujulised jalad sujuva musta v\u00e4rvitud viimistlusega<\/li>\n<li>Mugavalt mahutab kuni 8 inimest, ideaalne koosviibimisteks<\/li>\n<li>Laua disain v\u00f5imaldab pikendamist suurema paindlikkuse saavutamiseks<\/li>\n<\/ul>\n","protected":false},"excerpt":{"rendered":"<p>S\u00f6\u00f6gilaud Jero Herringbone: Luksuslik Taani Disain Tervitage oma kodus s\u00f6\u00f6gilauda Jero Herringbone, mis seisab elegantsi ja funktsionaalse disaini ristteel. Valmistatud naturaalsest puidust ja pikendatav kuni 220 cm, on see laud kaitstud eksklusiivsete Taani disaini\u00f5igustega Actonale, pakkudes nii stiili kui ka eksklusiivsust. Elegantne Herringbone ja Tammepuu Viimistlus Jero s\u00f6\u00f6gilaua lauaplaat on kaetud \u00f5litatud tammepuidust spooniga, millel [&hellip;]<\/p>\n","protected":false},"featured_media":51322,"comment_status":"closed","ping_status":"open","template":"","meta":[],"product_brand":[],"product_cat":[93],"product_tag":[],"class_list":{"0":"post-51321","1":"product","2":"type-product","3":"status-publish","4":"has-post-thumbnail","6":"product_cat-soogilauad","7":"product_shipping_class-furnicher","8":"pa_istekohtade-arv-kuni-6","9":"pa_kollektsioon-jero","10":"pa_laua-korgus-1190","11":"pa_laua-pikkus-1198","12":"pa_materjal-puit","13":"pa_varv-naturaalne","15":"first","16":"outofstock","17":"sale","18":"taxable","19":"shipping-taxable","20":"purchasable","21":"product-type-simple"},"_links":{"self":[{"href":"https:\/\/blankpage.ee\/_ruumist-ruumi\/wp-json\/wp\/v2\/product\/51321","targetHints":{"allow":["GET"]}}],"collection":[{"href":"https:\/\/blankpage.ee\/_ruumist-ruumi\/wp-json\/wp\/v2\/product"}],"about":[{"href":"https:\/\/blankpage.ee\/_ruumist-ruumi\/wp-json\/wp\/v2\/types\/product"}],"replies":[{"embeddable":true,"href":"https:\/\/blankpage.ee\/_ruumist-ruumi\/wp-json\/wp\/v2\/comments?post=51321"}],"wp:featuredmedia":[{"embeddable":true,"href":"https:\/\/blankpage.ee\/_ruumist-ruumi\/wp-json\/wp\/v2\/media\/51322"}],"wp:attachment":[{"href":"https:\/\/blankpage.ee\/_ruumist-ruumi\/wp-json\/wp\/v2\/media?parent=51321"}],"wp:term":[{"taxonomy":"product_brand","embeddable":true,"href":"https:\/\/blankpage.ee\/_ruumist-ruumi\/wp-json\/wp\/v2\/product_brand?post=51321"},{"taxonomy":"product_cat","embeddable":true,"href":"https:\/\/blankpage.ee\/_ruumist-ruumi\/wp-json\/wp\/v2\/product_cat?post=51321"},{"taxonomy":"product_tag","embeddable":true,"href":"https:\/\/blankpage.ee\/_ruumist-ruumi\/wp-json\/wp\/v2\/product_tag?post=51321"}],"curies":[{"name":"wp","href":"https:\/\/api.w.org\/{rel}","templated":true}]}}