{"id":51329,"date":"2024-12-18T11:14:38","date_gmt":"2024-12-18T11:14:38","guid":{"rendered":"https:\/\/ruumistruumi.ee\/pood\/ummargune-soogilaud-kody-must-keraamika\/"},"modified":"2025-08-20T21:48:19","modified_gmt":"2025-08-20T21:48:19","slug":"ummargune-soogilaud-kody-must-keraamika","status":"publish","type":"product","link":"https:\/\/blankpage.ee\/_ruumist-ruumi\/pood\/ummargune-soogilaud-kody-must-keraamika\/","title":{"rendered":"\u00dcmmargune s\u00f6\u00f6gilaud Kody, must keraamika"},"content":{"rendered":"<h2>\u00dcmmargune s\u00f6\u00f6gilaud Kody, must keraamika, 90 cm, trompetistiilis metallist jalg \u2013 kaasaegne ja vastupidav disain<\/h2>\n<p>\u00dcmmargusel s\u00f6\u00f6gilaual Kody on mustast keraamikast lauaplaat, mis \u00fchendab elegantsi ja praktilisuse. Keraamiline pind on kuuma- ja kriimustuskindel, muutes selle ideaalseks valikuks suure kasutuskoormusega aladele nagu k\u00f6\u00f6gid, s\u00f6\u00f6gitoad, baarid ja restoranid, kus vastupidavus kohtub stiiliga.<\/p>\n<h4>Trompetistiilis vastupidav metallist jalg kaasaegse ilme jaoks<\/h4>\n<p>Trompetistiilis vastupidava metallist jalaga toetatud laud toob teie ruumi elegantse ja stabiilse disaini. Jala ainulaadne kuju annab sellele kaasaegse tunde ning loob kerge ja h\u00f5ljuva v\u00e4limuse, mis sobib h\u00e4sti nii kaasaegse kui ka minimalistliku interj\u00f6\u00f6riga.<\/p>\n<h4>Lihtne hooldus igap\u00e4evaseks kasutamiseks<\/h4>\n<p>Kavandatud h\u00f5ivatud keskkondade jaoks, pakub mustast keraamikast lauaplaat lihtsat hooldust ja pikaajalist kvaliteeti. Selle vastupidav, kergesti puhastatav pind talub igap\u00e4evast kulumist, muutes selle mugavaks valikuks nii kodudes kui ka \u00e4riruumides, s\u00e4ilitades oma viimistletud v\u00e4ljan\u00e4gemise minimaalse vaevaga.<\/p>\n<h4>Omadused<\/h4>\n<ul>\n<li>Kaasaegne \u00fcmmargune s\u00f6\u00f6gilaud musta keraamikast lauaplaadiga<\/li>\n<li>Kuuma- ja kriimustuskindel pind k\u00f5rge vastupidavuse tagamiseks<\/li>\n<li>Trompetistiilis vastupidav metallist jalg lisastabiilsuse tagamiseks<\/li>\n<li>Madal hooldusvajadus, ideaalne igap\u00e4evaseks kasutamiseks<\/li>\n<li>Mahutab mugavalt kuni 4 inimest<\/li>\n<\/ul>\n","protected":false},"excerpt":{"rendered":"<p>\u00dcmmargune s\u00f6\u00f6gilaud Kody, must keraamika, 90 cm, trompetistiilis metallist jalg \u2013 kaasaegne ja vastupidav disain \u00dcmmargusel s\u00f6\u00f6gilaual Kody on mustast keraamikast lauaplaat, mis \u00fchendab elegantsi ja praktilisuse. Keraamiline pind on kuuma- ja kriimustuskindel, muutes selle ideaalseks valikuks suure kasutuskoormusega aladele nagu k\u00f6\u00f6gid, s\u00f6\u00f6gitoad, baarid ja restoranid, kus vastupidavus kohtub stiiliga. Trompetistiilis vastupidav metallist jalg kaasaegse [&hellip;]<\/p>\n","protected":false},"featured_media":51330,"comment_status":"closed","ping_status":"open","template":"","meta":[],"product_brand":[],"product_cat":[93],"product_tag":[],"class_list":{"0":"post-51329","1":"product","2":"type-product","3":"status-publish","4":"has-post-thumbnail","6":"product_cat-soogilauad","7":"product_shipping_class-furnicher","8":"pa_istekohtade-arv-kuni-4","9":"pa_kollektsioon-kody","10":"pa_laua-korgus-1204","11":"pa_laua-pikkus-1192","12":"pa_materjal-keraamika","13":"pa_varv-must","15":"first","16":"outofstock","17":"sale","18":"taxable","19":"shipping-taxable","20":"purchasable","21":"product-type-simple"},"_links":{"self":[{"href":"https:\/\/blankpage.ee\/_ruumist-ruumi\/wp-json\/wp\/v2\/product\/51329","targetHints":{"allow":["GET"]}}],"collection":[{"href":"https:\/\/blankpage.ee\/_ruumist-ruumi\/wp-json\/wp\/v2\/product"}],"about":[{"href":"https:\/\/blankpage.ee\/_ruumist-ruumi\/wp-json\/wp\/v2\/types\/product"}],"replies":[{"embeddable":true,"href":"https:\/\/blankpage.ee\/_ruumist-ruumi\/wp-json\/wp\/v2\/comments?post=51329"}],"wp:featuredmedia":[{"embeddable":true,"href":"https:\/\/blankpage.ee\/_ruumist-ruumi\/wp-json\/wp\/v2\/media\/51330"}],"wp:attachment":[{"href":"https:\/\/blankpage.ee\/_ruumist-ruumi\/wp-json\/wp\/v2\/media?parent=51329"}],"wp:term":[{"taxonomy":"product_brand","embeddable":true,"href":"https:\/\/blankpage.ee\/_ruumist-ruumi\/wp-json\/wp\/v2\/product_brand?post=51329"},{"taxonomy":"product_cat","embeddable":true,"href":"https:\/\/blankpage.ee\/_ruumist-ruumi\/wp-json\/wp\/v2\/product_cat?post=51329"},{"taxonomy":"product_tag","embeddable":true,"href":"https:\/\/blankpage.ee\/_ruumist-ruumi\/wp-json\/wp\/v2\/product_tag?post=51329"}],"curies":[{"name":"wp","href":"https:\/\/api.w.org\/{rel}","templated":true}]}}