{"id":51336,"date":"2024-12-18T11:14:38","date_gmt":"2024-12-18T11:14:38","guid":{"rendered":"https:\/\/ruumistruumi.ee\/pood\/soogilaud-kody-square-must-keraamika\/"},"modified":"2025-08-20T21:48:21","modified_gmt":"2025-08-20T21:48:21","slug":"soogilaud-kody-square-must-keraamika","status":"publish","type":"product","link":"https:\/\/blankpage.ee\/_ruumist-ruumi\/pood\/soogilaud-kody-square-must-keraamika\/","title":{"rendered":"S\u00f6\u00f6gilaud Kody Square, must keraamika"},"content":{"rendered":"<h2>Ruudukujuline s\u00f6\u00f6gilaud Kody, must keraamika, metallist trompet-stiilis jalg, 90 cm \u2013 kaasaegne ja vastupidav disain<\/h2>\n<p>S\u00f6\u00f6gilaual Kody on must keraamiline lauaplaat, mis \u00fchendab elegantsi ja praktilisuse. Keraamiline pind on kuuma- ja kriimustuskindel, muutes selle ideaalseks valikuks k\u00f5rge kasutussagedusega aladel nagu k\u00f6\u00f6gid, s\u00f6\u00f6gitoad, baarid ja restoranid, kus vastupidavus ja stiil on olulised.<\/p>\n<h4>Trumpet-stiilis tugev metallist jalg kaasaegse ilme saavutamiseks<\/h4>\n<p>Tugev metallist trompet-stiilis jalg toetab lauda, tuues ruumile stiilse ja samas stabiilse disaini. Unikaalne jalakujundus annab sellele kaasaegse ilme, luues kergema, h\u00f5ljuva mulje, mis sobib h\u00e4sti nii modernsete kui minimalistlike interj\u00f6\u00f6ridega.<\/p>\n<h4>Kerge hooldus igap\u00e4evaseks kasutamiseks<\/h4>\n<p>Must keraamiline lauaplaat on m\u00f5eldud h\u00f5ivatud keskkondade jaoks, pakkudes lihtsat hooldust ja pikaajalist kvaliteeti. Selle vastupidav ja kergesti puhastatav pind peab vastu igap\u00e4evasele kulumisele, muutes selle nii kodude kui ka \u00e4riruumide jaoks mugavaks valikuks, s\u00e4ilitades oma viimistletud v\u00e4ljan\u00e4gemise v\u00e4hese vaevaga.<\/p>\n<h4>Omadused<\/h4>\n<ul>\n<li>Kaasaegne ruudukujuline s\u00f6\u00f6gilaud musta keraamilise lauaplaadiga<\/li>\n<li>Kuumuse- ja kriimustuskindel pind k\u00f5rge vastupidavuse jaoks<\/li>\n<li>Trompet-stiilis tugev metallist jalg suurendab stabiilsust<\/li>\n<li>Madal hooldusvajadus, ideaalne igap\u00e4evaseks kasutamiseks<\/li>\n<li>Mahutab mugavalt kuni 4 inimest<\/li>\n<\/ul>\n","protected":false},"excerpt":{"rendered":"<p>Ruudukujuline s\u00f6\u00f6gilaud Kody, must keraamika, metallist trompet-stiilis jalg, 90 cm \u2013 kaasaegne ja vastupidav disain S\u00f6\u00f6gilaual Kody on must keraamiline lauaplaat, mis \u00fchendab elegantsi ja praktilisuse. Keraamiline pind on kuuma- ja kriimustuskindel, muutes selle ideaalseks valikuks k\u00f5rge kasutussagedusega aladel nagu k\u00f6\u00f6gid, s\u00f6\u00f6gitoad, baarid ja restoranid, kus vastupidavus ja stiil on olulised. Trumpet-stiilis tugev metallist jalg [&hellip;]<\/p>\n","protected":false},"featured_media":51337,"comment_status":"closed","ping_status":"open","template":"","meta":[],"product_brand":[],"product_cat":[93],"product_tag":[],"class_list":{"0":"post-51336","1":"product","2":"type-product","3":"status-publish","4":"has-post-thumbnail","6":"product_cat-soogilauad","7":"product_shipping_class-furnicher","8":"pa_istekohtade-arv-kuni-4","9":"pa_kollektsioon-kody","10":"pa_laua-korgus-1190","11":"pa_laua-pikkus-1192","12":"pa_materjal-keraamika","13":"pa_varv-must","15":"first","16":"outofstock","17":"sale","18":"taxable","19":"shipping-taxable","20":"purchasable","21":"product-type-simple"},"_links":{"self":[{"href":"https:\/\/blankpage.ee\/_ruumist-ruumi\/wp-json\/wp\/v2\/product\/51336","targetHints":{"allow":["GET"]}}],"collection":[{"href":"https:\/\/blankpage.ee\/_ruumist-ruumi\/wp-json\/wp\/v2\/product"}],"about":[{"href":"https:\/\/blankpage.ee\/_ruumist-ruumi\/wp-json\/wp\/v2\/types\/product"}],"replies":[{"embeddable":true,"href":"https:\/\/blankpage.ee\/_ruumist-ruumi\/wp-json\/wp\/v2\/comments?post=51336"}],"wp:featuredmedia":[{"embeddable":true,"href":"https:\/\/blankpage.ee\/_ruumist-ruumi\/wp-json\/wp\/v2\/media\/51337"}],"wp:attachment":[{"href":"https:\/\/blankpage.ee\/_ruumist-ruumi\/wp-json\/wp\/v2\/media?parent=51336"}],"wp:term":[{"taxonomy":"product_brand","embeddable":true,"href":"https:\/\/blankpage.ee\/_ruumist-ruumi\/wp-json\/wp\/v2\/product_brand?post=51336"},{"taxonomy":"product_cat","embeddable":true,"href":"https:\/\/blankpage.ee\/_ruumist-ruumi\/wp-json\/wp\/v2\/product_cat?post=51336"},{"taxonomy":"product_tag","embeddable":true,"href":"https:\/\/blankpage.ee\/_ruumist-ruumi\/wp-json\/wp\/v2\/product_tag?post=51336"}],"curies":[{"name":"wp","href":"https:\/\/api.w.org\/{rel}","templated":true}]}}