{"id":51366,"date":"2024-12-18T11:14:38","date_gmt":"2024-12-18T11:14:38","guid":{"rendered":"https:\/\/ruumistruumi.ee\/pood\/ovaalne-soogilaud-libre-must-puit-240-cm\/"},"modified":"2025-08-20T21:48:28","modified_gmt":"2025-08-20T21:48:28","slug":"ovaalne-soogilaud-libre-must-puit-240-cm","status":"publish","type":"product","link":"https:\/\/blankpage.ee\/_ruumist-ruumi\/pood\/ovaalne-soogilaud-libre-must-puit-240-cm\/","title":{"rendered":"Ovaalne s\u00f6\u00f6gilaud Libre, must puit, 240 cm"},"content":{"rendered":"<h2>Libre ovaalne s\u00f6\u00f6gilaud, must mango puit messingist detailidega \u2013 modernne disain geomeetrilise kompositsiooniga<\/h2>\n<p>Ovaalne s\u00f6\u00f6gilaud Libre lisab igale interj\u00f6\u00f6rile peene ilme oma s\u00e4\u00e4stliku mango puidu konstruktsiooni ja lopsaka musta viimistlusega. See modernne disain \u00fchendab looduss\u00f5bralikud materjalid kaasaegse esteetikaga, tehes sellest ideaalse pilgup\u00fc\u00fcdja s\u00f6\u00f6gitubades, kus hinnatakse nii stiili kui ka j\u00e4tkusuutlikkust.<\/p>\n<h4>Eristuv modernne disain geomeetriliste jalgadega<\/h4>\n<p>Libre laua ainulaadne geomeetriline jalgade kompositsioon, millel on elegantsed ja puhtad jooned, loob teie ruumi kunstip\u00e4rase ilme. Iga jalg on viimistletud peene messingist aktsendiga, mis t\u00f5stab selle visuaalset k\u00fclget\u00f5mmet ja sulandub sujuvalt nii klassikalise kui ka kaasaegse sisustusega.<\/p>\n<h4>Soe ja lopsakas must viimistlus messingist detailidega<\/h4>\n<p>Laua rikkalik must viimistlus toob esile s\u00e4\u00e4stliku mango puidu naturaalse ilu, luues kutsuva soojuse. Iga jala messingist ots annab luksusliku lisatooni, andes Libre lauale peene elegantsi, mis sobib s\u00f6\u00f6gialadele, kus hinnatakse nii rafineeritust kui ka mugavust. T\u00e4iuslikult sobiv nii elamu- kui ka \u00e4ripindadele, Libre ovaalne s\u00f6\u00f6gilaud sobitub suurep\u00e4raselt erinevate sisekujundusstiilidega, luues \u00fchtse ja kutsuva s\u00f6\u00f6gikeskkonna, mis on nii funktsionaalne kui stiilne.<\/p>\n<h4>Omadused<\/h4>\n<ul>\n<li>Valmistatud s\u00e4\u00e4stlikust mango puidust lopsaka musta viimistlusega<\/li>\n<li>Modernne disain geomeetrilise jalgade kompositsiooniga<\/li>\n<li>Messingist jalaotsad lisavad elegantsi<\/li>\n<li>Ovaalne kuju sobib ideaalselt nii kaasaegsete kui ka rustikaalsete interj\u00f6\u00f6ride jaoks<\/li>\n<li>Sobib kuni 8 inimesele istumiseks<\/li>\n<\/ul>\n","protected":false},"excerpt":{"rendered":"<p>Libre ovaalne s\u00f6\u00f6gilaud, must mango puit messingist detailidega \u2013 modernne disain geomeetrilise kompositsiooniga Ovaalne s\u00f6\u00f6gilaud Libre lisab igale interj\u00f6\u00f6rile peene ilme oma s\u00e4\u00e4stliku mango puidu konstruktsiooni ja lopsaka musta viimistlusega. See modernne disain \u00fchendab looduss\u00f5bralikud materjalid kaasaegse esteetikaga, tehes sellest ideaalse pilgup\u00fc\u00fcdja s\u00f6\u00f6gitubades, kus hinnatakse nii stiili kui ka j\u00e4tkusuutlikkust. Eristuv modernne disain geomeetriliste jalgadega [&hellip;]<\/p>\n","protected":false},"featured_media":51367,"comment_status":"closed","ping_status":"open","template":"","meta":[],"product_brand":[],"product_cat":[93],"product_tag":[],"class_list":{"0":"post-51366","1":"product","2":"type-product","3":"status-publish","4":"has-post-thumbnail","6":"product_cat-soogilauad","7":"product_shipping_class-furnicher","8":"pa_istekohtade-arv-kuni-8","9":"pa_kollektsioon-libre","10":"pa_laua-korgus-1188","11":"pa_laua-pikkus-1187","12":"pa_materjal-mango-puit","13":"pa_varv-must","15":"first","16":"outofstock","17":"sale","18":"taxable","19":"shipping-taxable","20":"purchasable","21":"product-type-simple"},"_links":{"self":[{"href":"https:\/\/blankpage.ee\/_ruumist-ruumi\/wp-json\/wp\/v2\/product\/51366","targetHints":{"allow":["GET"]}}],"collection":[{"href":"https:\/\/blankpage.ee\/_ruumist-ruumi\/wp-json\/wp\/v2\/product"}],"about":[{"href":"https:\/\/blankpage.ee\/_ruumist-ruumi\/wp-json\/wp\/v2\/types\/product"}],"replies":[{"embeddable":true,"href":"https:\/\/blankpage.ee\/_ruumist-ruumi\/wp-json\/wp\/v2\/comments?post=51366"}],"wp:featuredmedia":[{"embeddable":true,"href":"https:\/\/blankpage.ee\/_ruumist-ruumi\/wp-json\/wp\/v2\/media\/51367"}],"wp:attachment":[{"href":"https:\/\/blankpage.ee\/_ruumist-ruumi\/wp-json\/wp\/v2\/media?parent=51366"}],"wp:term":[{"taxonomy":"product_brand","embeddable":true,"href":"https:\/\/blankpage.ee\/_ruumist-ruumi\/wp-json\/wp\/v2\/product_brand?post=51366"},{"taxonomy":"product_cat","embeddable":true,"href":"https:\/\/blankpage.ee\/_ruumist-ruumi\/wp-json\/wp\/v2\/product_cat?post=51366"},{"taxonomy":"product_tag","embeddable":true,"href":"https:\/\/blankpage.ee\/_ruumist-ruumi\/wp-json\/wp\/v2\/product_tag?post=51366"}],"curies":[{"name":"wp","href":"https:\/\/api.w.org\/{rel}","templated":true}]}}