{"id":51370,"date":"2024-12-18T11:15:16","date_gmt":"2024-12-18T11:15:16","guid":{"rendered":"https:\/\/ruumistruumi.ee\/pood\/ovaalne-soogilaud-libre-must-puit-280-cm\/"},"modified":"2025-08-20T21:48:01","modified_gmt":"2025-08-20T21:48:01","slug":"ovaalne-soogilaud-libre-must-puit-280-cm","status":"publish","type":"product","link":"https:\/\/blankpage.ee\/_ruumist-ruumi\/pood\/ovaalne-soogilaud-libre-must-puit-280-cm\/","title":{"rendered":"Ovaalne s\u00f6\u00f6gilaud Libre, must puit, 280 cm"},"content":{"rendered":"<h2>Libre musta mangopuu ovaalne s\u00f6\u00f6gilaud koos messingist aktsentidega \u2013 Moodne disain geomeetrilise kompositsiooniga<\/h2>\n<p>Libre ovaalne s\u00f6\u00f6gilaud toob igasse interj\u00f6\u00f6ri rafineeritud kohaloleku t\u00e4nu oma j\u00e4tkusuutlikule mangopuu konstruktsioonile ja rikkalikule mustale viimistlusele. See moodne disain \u00fchendab keskkonnas\u00f5bralikud materjalid kaasaegsete esteetikatega, muutes selle ideaalseks keskpunktiks s\u00f6\u00f6gitubadele, mis hindavad nii stiili kui ka j\u00e4tkusuutlikkust.<\/p>\n<h4>Eristuv moodne disain geomeetriliste jalgadega<\/h4>\n<p>Libre laua unikaalne geomeetriliste jalgade kompositsioon on loodud avaldama muljet, sisaldades elegantseid ja puhtaid jooni, mis lisavad teie ruumile kunstip\u00e4rasust. Iga jalg on viimistletud tagasihoidliku messingist aktsendiga, suurendades visuaalset atraktiivsust ja sulandudes h\u00f5lpsalt nii klassikalisse kui ka kaasaegsesse sisekujundusse.<\/p>\n<h4>Soe, lopsakas must viimistlus messingist aktsentidega<\/h4>\n<p>Laua rikkalik must viimistlus toob esile j\u00e4tkusuutliku mangopuu loomuliku ilu, luues kutsuva soojuse. Messingist otsad igal jalal annavad luksusliku puute, pakkudes Libre lauale peenet elegantsi, mis sobib s\u00f6\u00f6gilehtkondadele, kus hinnatakse nii rafineeritust kui ka mugavust. Ideaalne nii elamu- kui ka \u00e4riruumide jaoks, Libre ovaalne s\u00f6\u00f6gilaud sobitub kaunilt erinevate sisustusstiilidega, luues \u00fchtse ja kutsuva s\u00f6\u00f6giala, mis on \u00fchtaegu funktsionaalne ja stiilne.<\/p>\n<h4>Omadused<\/h4>\n<ul>\n<li>Valmistatud j\u00e4tkusuutlikust mangopuust lopsaka musta viimistlusega<\/li>\n<li>Moodne disain geomeetriliste jalakonstruktsioonidega<\/li>\n<li>Messingist jalad suurendavad elegantsi<\/li>\n<li>Ovaalne kuju sobib nii kaasaegsetesse kui ka rustikaalsetesse interj\u00f6\u00f6ridesse<\/li>\n<li>Sobib kuni 10 inimesele mahutamiseks<\/li>\n<\/ul>\n","protected":false},"excerpt":{"rendered":"<p>Libre musta mangopuu ovaalne s\u00f6\u00f6gilaud koos messingist aktsentidega \u2013 Moodne disain geomeetrilise kompositsiooniga Libre ovaalne s\u00f6\u00f6gilaud toob igasse interj\u00f6\u00f6ri rafineeritud kohaloleku t\u00e4nu oma j\u00e4tkusuutlikule mangopuu konstruktsioonile ja rikkalikule mustale viimistlusele. See moodne disain \u00fchendab keskkonnas\u00f5bralikud materjalid kaasaegsete esteetikatega, muutes selle ideaalseks keskpunktiks s\u00f6\u00f6gitubadele, mis hindavad nii stiili kui ka j\u00e4tkusuutlikkust. Eristuv moodne disain geomeetriliste jalgadega [&hellip;]<\/p>\n","protected":false},"featured_media":51371,"comment_status":"closed","ping_status":"open","template":"","meta":[],"product_brand":[],"product_cat":[93],"product_tag":[],"class_list":{"0":"post-51370","1":"product","2":"type-product","3":"status-publish","4":"has-post-thumbnail","6":"product_cat-soogilauad","7":"product_shipping_class-furnicher","8":"pa_istekohtade-arv-kuni-10","9":"pa_kollektsioon-libre","10":"pa_laua-korgus-1188","11":"pa_laua-pikkus-1189","12":"pa_materjal-mango-puit","13":"pa_varv-must","15":"first","16":"outofstock","17":"sale","18":"taxable","19":"shipping-taxable","20":"purchasable","21":"product-type-simple"},"_links":{"self":[{"href":"https:\/\/blankpage.ee\/_ruumist-ruumi\/wp-json\/wp\/v2\/product\/51370","targetHints":{"allow":["GET"]}}],"collection":[{"href":"https:\/\/blankpage.ee\/_ruumist-ruumi\/wp-json\/wp\/v2\/product"}],"about":[{"href":"https:\/\/blankpage.ee\/_ruumist-ruumi\/wp-json\/wp\/v2\/types\/product"}],"replies":[{"embeddable":true,"href":"https:\/\/blankpage.ee\/_ruumist-ruumi\/wp-json\/wp\/v2\/comments?post=51370"}],"wp:featuredmedia":[{"embeddable":true,"href":"https:\/\/blankpage.ee\/_ruumist-ruumi\/wp-json\/wp\/v2\/media\/51371"}],"wp:attachment":[{"href":"https:\/\/blankpage.ee\/_ruumist-ruumi\/wp-json\/wp\/v2\/media?parent=51370"}],"wp:term":[{"taxonomy":"product_brand","embeddable":true,"href":"https:\/\/blankpage.ee\/_ruumist-ruumi\/wp-json\/wp\/v2\/product_brand?post=51370"},{"taxonomy":"product_cat","embeddable":true,"href":"https:\/\/blankpage.ee\/_ruumist-ruumi\/wp-json\/wp\/v2\/product_cat?post=51370"},{"taxonomy":"product_tag","embeddable":true,"href":"https:\/\/blankpage.ee\/_ruumist-ruumi\/wp-json\/wp\/v2\/product_tag?post=51370"}],"curies":[{"name":"wp","href":"https:\/\/api.w.org\/{rel}","templated":true}]}}