{"id":51375,"date":"2024-12-18T11:15:16","date_gmt":"2024-12-18T11:15:16","guid":{"rendered":"https:\/\/ruumistruumi.ee\/pood\/pikendatav-ovaalne-soogilaud-medora-must-tammepuit\/"},"modified":"2025-08-20T21:48:04","modified_gmt":"2025-08-20T21:48:04","slug":"pikendatav-ovaalne-soogilaud-medora-must-tammepuit","status":"publish","type":"product","link":"https:\/\/blankpage.ee\/_ruumist-ruumi\/pood\/pikendatav-ovaalne-soogilaud-medora-must-tammepuit\/","title":{"rendered":"Pikendatav ovaalne s\u00f6\u00f6gilaud Medora, must tammepuit"},"content":{"rendered":"<h2>Medora ovaalne pikendatav s\u00f6\u00f6gilaud kaheksale, suitsuse musta tammega ja soonikkoonusejalgadega: mitmek\u00fclgne Japandi meistriteos<\/h2>\n<p>Medora ovaalne pikendatav s\u00f6\u00f6gilaud \u00fchendab kaasaegse stiili Japandi m\u00f5jutustega, millel on elegantne suitsune musta tammeviimistlus ja ainulaadne soonikkoonusejalgade disain. See laud sobib ideaalselt igaks s\u00f6\u00f6gikorraks.<\/p>\n<h4>Kohanemisv\u00f5imeline elegants kaasaegsetele interj\u00f6\u00f6ridele<\/h4>\n<p>Medora s\u00f6\u00f6gilaud kehastab kaasaegse stiili olemust oma pikendatava funktsionaalsusega, mis sobib ideaalselt d\u00fcnaamilistele s\u00f6\u00f6givajadustele. Ovaalne disain on nii elegantne kui kutsuv, pakkudes peenelt keskpuntksiks muutuvat elementi, mis kohandub suuruse j\u00e4rgi igale koosviibimisele, olgu see intiimne v\u00f5i suurejooneline. Selle suitsune musta tamme viimistlus lisab teie s\u00f6\u00f6giruumile soojust ja s\u00fcgavust, tagades iga s\u00f6\u00f6gikorra visuaalse ilu.<\/p>\n<h4>Pingutuseta funktsionaalsus koos Jaapani stiiliga<\/h4>\n<p>Loodud sujuvaks ilu ja funktsionaalsuse \u00fchenduseks, on Medora laud lihtsasti pikendatav 120 cm-lt 200 cm-ni, et mahutada lisak\u00fclalisi. Kaasaegse vormi ja Jaapani m\u00f5jutuste kombinatsioon loob elegantse, kuid praktilise s\u00f6\u00f6gilahenduse, kus reguleeritav pikkus tagab laua lihtsa kohandamise iga s\u00fcndmuse jaoks, samal ajal kui soonikkoonusejalad pakuvad tugevat toestust ja skulpturaalset esteetikat.<\/p>\n<h4>Kvaliteetne meistrit\u00f6\u00f6 tammes<\/h4>\n<p>Kvaliteetsetest tammepuidust valmistatud Medora ovaalne s\u00f6\u00f6gilaud esitleb oma suitsune musta viimistluse loomulikku ilu. Soonikkoonusejalad annavad lauale erilise disainielemendi, mis t\u00e4iendab peenemat esteetikat. See laud on loodud kestma, pakkudes vastupidavust ja rafineeritust aastateks stiilseteks s\u00f6\u00f6gikogemusteks.<\/p>\n<h4>Omadused<\/h4>\n<ul>\n<li>Pikendatav disain<\/li>\n<li>Valmistatud kvaliteetsest tammepuidust suitsuse musta viimistlusega<\/li>\n<li>Ainulaadsed soonikkoonusejalad kaasaegse v\u00e4ljan\u00e4gemisega, millel on Japandi aktsent<\/li>\n<li>Mahutab mugavalt kuni 8 inimest<\/li>\n<li>Ideaalne nii juhuslikuks kui ametlikuks einestamiseks<\/li>\n<li>\u00dchendab looduse ilu rafineeritud disainiga<\/li>\n<li>Vastupidav ja elegantne keskpunkt<\/li>\n<\/ul>\n","protected":false},"excerpt":{"rendered":"<p>Medora ovaalne pikendatav s\u00f6\u00f6gilaud kaheksale, suitsuse musta tammega ja soonikkoonusejalgadega: mitmek\u00fclgne Japandi meistriteos Medora ovaalne pikendatav s\u00f6\u00f6gilaud \u00fchendab kaasaegse stiili Japandi m\u00f5jutustega, millel on elegantne suitsune musta tammeviimistlus ja ainulaadne soonikkoonusejalgade disain. See laud sobib ideaalselt igaks s\u00f6\u00f6gikorraks. Kohanemisv\u00f5imeline elegants kaasaegsetele interj\u00f6\u00f6ridele Medora s\u00f6\u00f6gilaud kehastab kaasaegse stiili olemust oma pikendatava funktsionaalsusega, mis sobib ideaalselt d\u00fcnaamilistele [&hellip;]<\/p>\n","protected":false},"featured_media":51376,"comment_status":"closed","ping_status":"closed","template":"","meta":[],"product_brand":[],"product_cat":[93],"product_tag":[],"class_list":{"0":"post-51375","1":"product","2":"type-product","3":"status-publish","4":"has-post-thumbnail","6":"product_cat-soogilauad","7":"product_shipping_class-furnicher","8":"pa_istekohtade-arv-kuni-8","9":"pa_kollektsioon-medora","10":"pa_laua-korgus-1190","11":"pa_laua-pikkus-1195","12":"pa_materjal-puit","14":"first","15":"instock","16":"sale","17":"taxable","18":"shipping-taxable","19":"purchasable","20":"product-type-simple"},"_links":{"self":[{"href":"https:\/\/blankpage.ee\/_ruumist-ruumi\/wp-json\/wp\/v2\/product\/51375","targetHints":{"allow":["GET"]}}],"collection":[{"href":"https:\/\/blankpage.ee\/_ruumist-ruumi\/wp-json\/wp\/v2\/product"}],"about":[{"href":"https:\/\/blankpage.ee\/_ruumist-ruumi\/wp-json\/wp\/v2\/types\/product"}],"replies":[{"embeddable":true,"href":"https:\/\/blankpage.ee\/_ruumist-ruumi\/wp-json\/wp\/v2\/comments?post=51375"}],"wp:featuredmedia":[{"embeddable":true,"href":"https:\/\/blankpage.ee\/_ruumist-ruumi\/wp-json\/wp\/v2\/media\/51376"}],"wp:attachment":[{"href":"https:\/\/blankpage.ee\/_ruumist-ruumi\/wp-json\/wp\/v2\/media?parent=51375"}],"wp:term":[{"taxonomy":"product_brand","embeddable":true,"href":"https:\/\/blankpage.ee\/_ruumist-ruumi\/wp-json\/wp\/v2\/product_brand?post=51375"},{"taxonomy":"product_cat","embeddable":true,"href":"https:\/\/blankpage.ee\/_ruumist-ruumi\/wp-json\/wp\/v2\/product_cat?post=51375"},{"taxonomy":"product_tag","embeddable":true,"href":"https:\/\/blankpage.ee\/_ruumist-ruumi\/wp-json\/wp\/v2\/product_tag?post=51375"}],"curies":[{"name":"wp","href":"https:\/\/api.w.org\/{rel}","templated":true}]}}