{"id":5138,"date":"2024-11-01T09:45:59","date_gmt":"2024-11-01T09:45:59","guid":{"rendered":"https:\/\/ruumistruumi.ee\/pood\/tumepruun-raamatukapp-ashton-astl02-akatsiapuust\/"},"modified":"2025-06-17T08:56:54","modified_gmt":"2025-06-17T08:56:54","slug":"tumepruun-raamaturiiul-ashton-astl02-akaatsiapuidust","status":"publish","type":"product","link":"https:\/\/blankpage.ee\/_ruumist-ruumi\/pood\/tumepruun-raamaturiiul-ashton-astl02-akaatsiapuidust\/","title":{"rendered":"Tumepruun raamaturiiul Ashton ASTL02, akaatsiapuidust"},"content":{"rendered":"<p>Ashton ASTL02 raamaturiiul kodukontorisse. See stiilne raamaturiiul on valmistatud tugevast harjatud akaatsiapuidust, mille disainis on \u00fchendatud retro, vintage ja boho stiilid. Kaunis tumepruun toon koos messingitoonides k\u00e4epidemetega lisab ruumile soojust ja isikup\u00e4ra. T\u00e4ielikult puidust raamaturiiulil on kolm reguleeritavat riiulit, kaks sahtlit ja kalasabamustriga inkrusteering. Lisaks on olemas \u00fcks uks, mis pakub t\u00e4iendavat hoiuruumi.<\/p>\n<p>Ashton ASTL02 raamaturiiul on ideaalne valik neile, kes hindavad ajatut disaini ja praktilisust. Reguleeritavad riiulid v\u00f5imaldavad kohandada riiuli vastavalt oma vajadustele, olgu selleks raamatud, dokumendid v\u00f5i dekoratiivesemed. Sahtlid ja uksed pakuvad diskreetset hoiustamisv\u00f5imalust, hoides ruumi korras ja organiseerituna.<\/p>\n<p>Omadused:<br \/>\n<strong>Materjal:<\/strong> Akaatsiapuit<br \/>\n<strong>V\u00e4rv:<\/strong> Tumepruun<br \/>\n<strong>M\u00f5\u00f5tmed:<\/strong> Laius 90 cm, s\u00fcgavus 35 cm, k\u00f5rgus 195 cm<br \/>\n<strong>T\u00e4iendavad detailid:<\/strong> Messingitoonides metallist k\u00e4epidemed, kalasabamustriga inkrusteering<br \/>\n<strong>Kokkupanek:<\/strong> Kokkupandud, ei vaja paigaldust. S\u00e4\u00e4stab aega ja vaeva.<\/p>\n<p>&nbsp;<\/p>\n","protected":false},"excerpt":{"rendered":"<p>Ashton ASTL02 raamaturiiul kodukontorisse. See stiilne raamaturiiul on valmistatud tugevast harjatud akaatsiapuidust, mille disainis on \u00fchendatud retro, vintage ja boho stiilid. Kaunis tumepruun toon koos messingitoonides k\u00e4epidemetega lisab ruumile soojust ja isikup\u00e4ra. T\u00e4ielikult puidust raamaturiiulil on kolm reguleeritavat riiulit, kaks sahtlit ja kalasabamustriga inkrusteering. Lisaks on olemas \u00fcks uks, mis pakub t\u00e4iendavat hoiuruumi. Ashton ASTL02 [&hellip;]<\/p>\n","protected":false},"featured_media":5139,"comment_status":"open","ping_status":"closed","template":"","meta":[],"product_brand":[],"product_cat":[97],"product_tag":[],"class_list":{"0":"post-5138","1":"product","2":"type-product","3":"status-publish","4":"has-post-thumbnail","6":"product_cat-raamaturiiulid","7":"product_shipping_class-livin-hill","8":"pa_kaepidemed-metall","9":"pa_kollektsioon-ashton","10":"pa_materjal-akaatsiapuit","11":"pa_riiulite-arv-89","12":"pa_sahtlite-arv-74","13":"pa_uste-arv-88","14":"pa_varv-tumepruun","16":"first","17":"instock","18":"sale","19":"taxable","20":"shipping-taxable","21":"purchasable","22":"product-type-simple"},"_links":{"self":[{"href":"https:\/\/blankpage.ee\/_ruumist-ruumi\/wp-json\/wp\/v2\/product\/5138","targetHints":{"allow":["GET"]}}],"collection":[{"href":"https:\/\/blankpage.ee\/_ruumist-ruumi\/wp-json\/wp\/v2\/product"}],"about":[{"href":"https:\/\/blankpage.ee\/_ruumist-ruumi\/wp-json\/wp\/v2\/types\/product"}],"replies":[{"embeddable":true,"href":"https:\/\/blankpage.ee\/_ruumist-ruumi\/wp-json\/wp\/v2\/comments?post=5138"}],"wp:featuredmedia":[{"embeddable":true,"href":"https:\/\/blankpage.ee\/_ruumist-ruumi\/wp-json\/wp\/v2\/media\/5139"}],"wp:attachment":[{"href":"https:\/\/blankpage.ee\/_ruumist-ruumi\/wp-json\/wp\/v2\/media?parent=5138"}],"wp:term":[{"taxonomy":"product_brand","embeddable":true,"href":"https:\/\/blankpage.ee\/_ruumist-ruumi\/wp-json\/wp\/v2\/product_brand?post=5138"},{"taxonomy":"product_cat","embeddable":true,"href":"https:\/\/blankpage.ee\/_ruumist-ruumi\/wp-json\/wp\/v2\/product_cat?post=5138"},{"taxonomy":"product_tag","embeddable":true,"href":"https:\/\/blankpage.ee\/_ruumist-ruumi\/wp-json\/wp\/v2\/product_tag?post=5138"}],"curies":[{"name":"wp","href":"https:\/\/api.w.org\/{rel}","templated":true}]}}