{"id":51387,"date":"2024-12-18T11:15:16","date_gmt":"2024-12-18T11:15:16","guid":{"rendered":"https:\/\/ruumistruumi.ee\/pood\/soogilaud-mymarble-marmorimitatsioon-ja-must-alus-o110x75cm\/"},"modified":"2025-08-20T21:48:09","modified_gmt":"2025-08-20T21:48:09","slug":"soogilaud-mymarble-marmorimitatsioon-ja-must-alus-o110x75cm","status":"publish","type":"product","link":"https:\/\/blankpage.ee\/_ruumist-ruumi\/pood\/soogilaud-mymarble-marmorimitatsioon-ja-must-alus-o110x75cm\/","title":{"rendered":"S\u00f6\u00f6gilaud MyMarble, marmorimitatsioon ja must alus \u00f8110x75cm"},"content":{"rendered":"<h2>Stiilne MyMarble s\u00f6\u00f6gilaud, marmorv\u00e4limusega<\/h2>\n<p>MyMarble s\u00f6\u00f6gilaud messingil\u00e4ikelise aluse ja marmorv\u00e4limusega lauaplaadiga (\u00f8110x75cm) on ideaalne valik teie \u0161ikile kodule v\u00f5i restoranile.<\/p>\n<h4>Silmip\u00fc\u00fcdev disain<\/h4>\n<p>MyMarble on elegantne ja stiilne s\u00f6\u00f6gilaud, millel on messingil\u00e4ikeline alus ja marmorv\u00e4limusega lauaplaat. See s\u00f6\u00f6gilaud on valmistatud kvaliteetsest mustast metallist ja MDF-plaadist. See on silmapaistev ja kvaliteetne m\u00f6\u00f6bliese, mis sobib suurep\u00e4raselt pidulike s\u00fcndmuste jaoks.<\/p>\n<h4>Ideaalne kaasaegsetesse ruumidesse<\/h4>\n<p>Oma kaasaegse disaini ja luksusliku marmorv\u00e4limusega sobib MyMarble s\u00f6\u00f6gilaud ideaalselt moodsa interj\u00f6\u00f6riga s\u00f6\u00f6gitubadesse v\u00f5i stiilsetesse restoranidesse. Selle elegantne esteetika ja vastupidav konstruktsioon teevad sellest suurep\u00e4rase valiku erinevatesse interj\u00f6\u00f6ridesse.<\/p>\n<h4>Omadused<\/h4>\n<ul>\n<li>Elegantne marmorv\u00e4limusega lauaplaat<\/li>\n<li>Vastupidav must metallraam<\/li>\n<li>Diameeter: 110 cm<\/li>\n<li>Mahutab kuni 4 inimest<\/li>\n<li>Ideaalne moodsatesse ja \u0161ikkidesse keskkondadesse<\/li>\n<li>2 aastat garantiid<\/li>\n<\/ul>\n","protected":false},"excerpt":{"rendered":"<p>Stiilne MyMarble s\u00f6\u00f6gilaud, marmorv\u00e4limusega MyMarble s\u00f6\u00f6gilaud messingil\u00e4ikelise aluse ja marmorv\u00e4limusega lauaplaadiga (\u00f8110x75cm) on ideaalne valik teie \u0161ikile kodule v\u00f5i restoranile. Silmip\u00fc\u00fcdev disain MyMarble on elegantne ja stiilne s\u00f6\u00f6gilaud, millel on messingil\u00e4ikeline alus ja marmorv\u00e4limusega lauaplaat. See s\u00f6\u00f6gilaud on valmistatud kvaliteetsest mustast metallist ja MDF-plaadist. See on silmapaistev ja kvaliteetne m\u00f6\u00f6bliese, mis sobib suurep\u00e4raselt pidulike s\u00fcndmuste [&hellip;]<\/p>\n","protected":false},"featured_media":51388,"comment_status":"closed","ping_status":"open","template":"","meta":[],"product_brand":[],"product_cat":[93],"product_tag":[],"class_list":{"0":"post-51387","1":"product","2":"type-product","3":"status-publish","4":"has-post-thumbnail","6":"product_cat-soogilauad","7":"product_shipping_class-furnicher","8":"pa_istekohtade-arv-kuni-4","9":"pa_kollektsioon-mymarble","10":"pa_laua-korgus-1190","11":"pa_laua-pikkus-1189","12":"pa_materjal-marmor","13":"pa_varv-valge","15":"first","16":"instock","17":"sale","18":"taxable","19":"shipping-taxable","20":"purchasable","21":"product-type-simple"},"_links":{"self":[{"href":"https:\/\/blankpage.ee\/_ruumist-ruumi\/wp-json\/wp\/v2\/product\/51387","targetHints":{"allow":["GET"]}}],"collection":[{"href":"https:\/\/blankpage.ee\/_ruumist-ruumi\/wp-json\/wp\/v2\/product"}],"about":[{"href":"https:\/\/blankpage.ee\/_ruumist-ruumi\/wp-json\/wp\/v2\/types\/product"}],"replies":[{"embeddable":true,"href":"https:\/\/blankpage.ee\/_ruumist-ruumi\/wp-json\/wp\/v2\/comments?post=51387"}],"wp:featuredmedia":[{"embeddable":true,"href":"https:\/\/blankpage.ee\/_ruumist-ruumi\/wp-json\/wp\/v2\/media\/51388"}],"wp:attachment":[{"href":"https:\/\/blankpage.ee\/_ruumist-ruumi\/wp-json\/wp\/v2\/media?parent=51387"}],"wp:term":[{"taxonomy":"product_brand","embeddable":true,"href":"https:\/\/blankpage.ee\/_ruumist-ruumi\/wp-json\/wp\/v2\/product_brand?post=51387"},{"taxonomy":"product_cat","embeddable":true,"href":"https:\/\/blankpage.ee\/_ruumist-ruumi\/wp-json\/wp\/v2\/product_cat?post=51387"},{"taxonomy":"product_tag","embeddable":true,"href":"https:\/\/blankpage.ee\/_ruumist-ruumi\/wp-json\/wp\/v2\/product_tag?post=51387"}],"curies":[{"name":"wp","href":"https:\/\/api.w.org\/{rel}","templated":true}]}}