{"id":51391,"date":"2024-12-18T11:15:16","date_gmt":"2024-12-18T11:15:16","guid":{"rendered":"https:\/\/ruumistruumi.ee\/pood\/soogilaud-mymarble-marmori-valimus-messingist-valimusega-jalg-o70x75cm\/"},"modified":"2025-08-20T21:48:10","modified_gmt":"2025-08-20T21:48:10","slug":"soogilaud-mymarble-marmorimitatsioon-ja-messingi-varvi-alus-o70x75cm","status":"publish","type":"product","link":"https:\/\/blankpage.ee\/_ruumist-ruumi\/pood\/soogilaud-mymarble-marmorimitatsioon-ja-messingi-varvi-alus-o70x75cm\/","title":{"rendered":"S\u00f6\u00f6gilaud MyMarble, marmorimitatsioon ja messingi v\u00e4rvi alus \u00f870x75cm"},"content":{"rendered":"<h2>S\u00f6\u00f6gilaud MyMarble, marmorimitatsioon ja messingi v\u00e4rvi alus \u00f870x75cm<\/h2>\n<p>S\u00f6\u00f6gilaud MyMarble, millel on metallist messingitooni jalg ja marmorilaadne pealispind (\u00f870x75cm), on ideaalne sobivus teie \u0161ikki koju v\u00f5i restorani.<\/p>\n<h4>Pilkup\u00fc\u00fcdev Disain<\/h4>\n<p>MyMarble on elegantne ja stiilne s\u00f6\u00f6gilaud, millel on metallist messingitooni jalg ja marmorilaadne pealispind. See s\u00f6\u00f6gilaud on valmistatud kvaliteetsest mustast metallist ja MDF-ist. See on pilkup\u00fc\u00fcdev ja k\u00f5rgekvaliteediline m\u00f6\u00f6bliese, mis sobib ideaalselt pidulikele s\u00fcndmustele.<\/p>\n<h4>Ideaalne Suurus Igas Ruumi<\/h4>\n<p>K\u00f5rgusega 75 cm ja l\u00e4bim\u00f5\u00f5duga 70 cm sobib s\u00f6\u00f6gilaud MyMarble ideaalselt erinevatesse s\u00f6\u00f6gialadesse, pakkudes nii stiili kui ka funktsionaalsust. Tema kompaktne suurus teeb selle suurep\u00e4raseks valikuks intiimsete \u00f5htus\u00f6\u00f6kide v\u00f5i stiilsete hommikus\u00f6\u00f6ginurkade jaoks.<\/p>\n<h4>Omadused<\/h4>\n<ul>\n<li>Elegantne disain metallist messingitooni jalaga<\/li>\n<li>Marmorilaadne pealispind luksuslikuks tundeks<\/li>\n<li>Kvaliteetsed materjalid: must metall ja MDF<\/li>\n<li>Mahutab kuni 4 inimest<\/li>\n<li>Kompaktsed m\u00f5\u00f5tmed: 75 cm k\u00f5rgus, 70 cm l\u00e4bim\u00f5\u00f5t<\/li>\n<li>Ideaalne kasutamiseks kodus v\u00f5i k\u00f5rgklassi restoranides<\/li>\n<li>2-aastane garantii<\/li>\n<\/ul>\n","protected":false},"excerpt":{"rendered":"<p>S\u00f6\u00f6gilaud MyMarble, marmorimitatsioon ja messingi v\u00e4rvi alus \u00f870x75cm S\u00f6\u00f6gilaud MyMarble, millel on metallist messingitooni jalg ja marmorilaadne pealispind (\u00f870x75cm), on ideaalne sobivus teie \u0161ikki koju v\u00f5i restorani. Pilkup\u00fc\u00fcdev Disain MyMarble on elegantne ja stiilne s\u00f6\u00f6gilaud, millel on metallist messingitooni jalg ja marmorilaadne pealispind. See s\u00f6\u00f6gilaud on valmistatud kvaliteetsest mustast metallist ja MDF-ist. See on pilkup\u00fc\u00fcdev [&hellip;]<\/p>\n","protected":false},"featured_media":51392,"comment_status":"closed","ping_status":"closed","template":"","meta":[],"product_brand":[],"product_cat":[93],"product_tag":[],"class_list":{"0":"post-51391","1":"product","2":"type-product","3":"status-publish","4":"has-post-thumbnail","6":"product_cat-soogilauad","7":"product_shipping_class-furnicher","8":"pa_istekohtade-arv-kuni-4","9":"pa_kollektsioon-mymarble","10":"pa_laua-korgus-1190","11":"pa_laua-pikkus-1194","12":"pa_materjal-marmor","13":"pa_varv-kuldne","15":"first","16":"onbackorder","17":"sale","18":"taxable","19":"shipping-taxable","20":"purchasable","21":"product-type-simple"},"_links":{"self":[{"href":"https:\/\/blankpage.ee\/_ruumist-ruumi\/wp-json\/wp\/v2\/product\/51391","targetHints":{"allow":["GET"]}}],"collection":[{"href":"https:\/\/blankpage.ee\/_ruumist-ruumi\/wp-json\/wp\/v2\/product"}],"about":[{"href":"https:\/\/blankpage.ee\/_ruumist-ruumi\/wp-json\/wp\/v2\/types\/product"}],"replies":[{"embeddable":true,"href":"https:\/\/blankpage.ee\/_ruumist-ruumi\/wp-json\/wp\/v2\/comments?post=51391"}],"wp:featuredmedia":[{"embeddable":true,"href":"https:\/\/blankpage.ee\/_ruumist-ruumi\/wp-json\/wp\/v2\/media\/51392"}],"wp:attachment":[{"href":"https:\/\/blankpage.ee\/_ruumist-ruumi\/wp-json\/wp\/v2\/media?parent=51391"}],"wp:term":[{"taxonomy":"product_brand","embeddable":true,"href":"https:\/\/blankpage.ee\/_ruumist-ruumi\/wp-json\/wp\/v2\/product_brand?post=51391"},{"taxonomy":"product_cat","embeddable":true,"href":"https:\/\/blankpage.ee\/_ruumist-ruumi\/wp-json\/wp\/v2\/product_cat?post=51391"},{"taxonomy":"product_tag","embeddable":true,"href":"https:\/\/blankpage.ee\/_ruumist-ruumi\/wp-json\/wp\/v2\/product_tag?post=51391"}],"curies":[{"name":"wp","href":"https:\/\/api.w.org\/{rel}","templated":true}]}}