{"id":51399,"date":"2024-12-18T11:15:16","date_gmt":"2024-12-18T11:15:16","guid":{"rendered":"https:\/\/ruumistruumi.ee\/pood\/soogilaud-nani-valge-marmor-ja-valge-alus\/"},"modified":"2025-08-20T21:48:13","modified_gmt":"2025-08-20T21:48:13","slug":"soogilaud-nani-valge-marmor-ja-valge-alus","status":"publish","type":"product","link":"https:\/\/blankpage.ee\/_ruumist-ruumi\/pood\/soogilaud-nani-valge-marmor-ja-valge-alus\/","title":{"rendered":"S\u00f6\u00f6gilaud Nani, valge marmor ja valge alus"},"content":{"rendered":"<h2>Elegantne s\u00f6\u00f6gilaud Nani valgest marmorist<\/h2>\n<p>Valge alusega Nani s\u00f6\u00f6gilaud sobib nii teie restorani kui ka s\u00f6\u00f6gituppa.<\/p>\n<h4>Stiilne disain igasse ruumi<\/h4>\n<p>\u00dcmar kuju ja valge marmor harmoneeruvad suurep\u00e4raselt iga olukorraga. See kaunis laud on \u0161ikk ja kaasaegne s\u00f6\u00f6gilaud, mis lisab teie kodule luksuslikkust. Trumpetikujulise jala pulberv\u00e4rvitud viimistlus t\u00e4iendab disaini ja lisab tugevust.<\/p>\n<h4>Ideaalne intiimseks einestamiseks<\/h4>\n<p>Nani s\u00f6\u00f6gilaud pakub mugavalt istet kuni neljale inimesele, olles ideaalne intiimseks kogunemiseks teie kodus v\u00f5i stiilseks lisandiks teie restoranis. Selle eksklusiivne v\u00e4limus ja vastupidav konstruktsioon tagavad, et see on silmapaistev element igas keskkonnas.<\/p>\n<h4>Omadused<\/h4>\n<ul>\n<li>Elegantne moodne s\u00f6\u00f6gilaud<\/li>\n<li>Eksklusiivne v\u00e4limus<\/li>\n<li>Stabiilsust tagav pulberv\u00e4rvitud trumpetikujuline jalg<\/li>\n<li>Valge marmor<\/li>\n<li>Pakkub mugavalt istekohti kuni neljale inimesele<\/li>\n<\/ul>\n","protected":false},"excerpt":{"rendered":"<p>Elegantne s\u00f6\u00f6gilaud Nani valgest marmorist Valge alusega Nani s\u00f6\u00f6gilaud sobib nii teie restorani kui ka s\u00f6\u00f6gituppa. Stiilne disain igasse ruumi \u00dcmar kuju ja valge marmor harmoneeruvad suurep\u00e4raselt iga olukorraga. See kaunis laud on \u0161ikk ja kaasaegne s\u00f6\u00f6gilaud, mis lisab teie kodule luksuslikkust. Trumpetikujulise jala pulberv\u00e4rvitud viimistlus t\u00e4iendab disaini ja lisab tugevust. Ideaalne intiimseks einestamiseks Nani [&hellip;]<\/p>\n","protected":false},"featured_media":51400,"comment_status":"closed","ping_status":"closed","template":"","meta":[],"product_brand":[],"product_cat":[93],"product_tag":[],"class_list":{"0":"post-51399","1":"product","2":"type-product","3":"status-publish","4":"has-post-thumbnail","6":"product_cat-soogilauad","7":"product_shipping_class-furnicher","8":"pa_istekohtade-arv-kuni-4","9":"pa_laua-korgus-1190","10":"pa_laua-pikkus-1189","11":"pa_materjal-marmor","12":"pa_varv-valge","14":"first","15":"instock","16":"sale","17":"taxable","18":"shipping-taxable","19":"purchasable","20":"product-type-simple"},"_links":{"self":[{"href":"https:\/\/blankpage.ee\/_ruumist-ruumi\/wp-json\/wp\/v2\/product\/51399","targetHints":{"allow":["GET"]}}],"collection":[{"href":"https:\/\/blankpage.ee\/_ruumist-ruumi\/wp-json\/wp\/v2\/product"}],"about":[{"href":"https:\/\/blankpage.ee\/_ruumist-ruumi\/wp-json\/wp\/v2\/types\/product"}],"replies":[{"embeddable":true,"href":"https:\/\/blankpage.ee\/_ruumist-ruumi\/wp-json\/wp\/v2\/comments?post=51399"}],"wp:featuredmedia":[{"embeddable":true,"href":"https:\/\/blankpage.ee\/_ruumist-ruumi\/wp-json\/wp\/v2\/media\/51400"}],"wp:attachment":[{"href":"https:\/\/blankpage.ee\/_ruumist-ruumi\/wp-json\/wp\/v2\/media?parent=51399"}],"wp:term":[{"taxonomy":"product_brand","embeddable":true,"href":"https:\/\/blankpage.ee\/_ruumist-ruumi\/wp-json\/wp\/v2\/product_brand?post=51399"},{"taxonomy":"product_cat","embeddable":true,"href":"https:\/\/blankpage.ee\/_ruumist-ruumi\/wp-json\/wp\/v2\/product_cat?post=51399"},{"taxonomy":"product_tag","embeddable":true,"href":"https:\/\/blankpage.ee\/_ruumist-ruumi\/wp-json\/wp\/v2\/product_tag?post=51399"}],"curies":[{"name":"wp","href":"https:\/\/api.w.org\/{rel}","templated":true}]}}