{"id":51403,"date":"2024-12-18T11:15:16","date_gmt":"2024-12-18T11:15:16","guid":{"rendered":"https:\/\/ruumistruumi.ee\/pood\/soogilaud-nate-naturaalne-puit-ja-must-metallist\/"},"modified":"2025-08-20T21:48:14","modified_gmt":"2025-08-20T21:48:14","slug":"soogilaud-nate-naturaalne-puit-ja-must-metallist","status":"publish","type":"product","link":"https:\/\/blankpage.ee\/_ruumist-ruumi\/pood\/soogilaud-nate-naturaalne-puit-ja-must-metallist\/","title":{"rendered":"S\u00f6\u00f6gilaud Nate, naturaalne puit ja must metallist."},"content":{"rendered":"<h2>S\u00f6\u00f6gilaud Nate, naturaalne puit<\/h2>\n<p>Naturaalse puidu s\u00f6\u00f6gilaud Nate \u00fchendab endas t\u00f6\u00f6stusliku v\u00e4limuse ning toore ja loomuliku tunde. See pakub kaasaegset v\u00e4limust, mis t\u00f5stab esile imelise kontrasti metsalise tamme ja pulberv\u00e4rvitud metallist jalgade vahel. Teie s\u00f6\u00f6giala saab melamiini ja puidust lauaplaadi abil traditsioonilise ja ajatu ilme. T\u00e4nu materjalide lihtsale hooldamisele vajab s\u00f6\u00f6gilaud v\u00e4hem hooldust.<\/p>\n<h4>T\u00f6\u00f6stuslik elegants<\/h4>\n<p>S\u00f6\u00f6gilaud Nate on t\u00f6\u00f6stusliku v\u00f5lu t\u00f5ttu ideaalne modernsetesse kodudesse, lisades teie s\u00f6\u00f6gialale karmikas elegantsi. Metsalise tamme ja mustade metallist jalgade kooslus loob pilkup\u00fc\u00fcdva kontrasti, mis eristub igas ruumis.<\/p>\n<h4>Praktiline ja stiilne<\/h4>\n<p>See s\u00f6\u00f6gilaud n\u00e4eb mitte ainult suurep\u00e4rane v\u00e4lja, vaid on loodud ka igap\u00e4evaseks kasutamiseks. Melamiini ja puidu lauaplaat on lihtsasti puhastatav, tehes sellest ideaalse valiku tegusatele kodudele. Selle vastupidav konstruktsioon tagab, et see j\u00e4\u00e4b teie s\u00f6\u00f6giala keskpunktiks aastateks.<\/p>\n<h4>Omadused<\/h4>\n<ul>\n<li>Klassikaline ja ajatu disain<\/li>\n<li>V\u00e4ike hooldusvajadus<\/li>\n<li>Suur kontrast metsalise tamme ja musta metallist aluse vahel<\/li>\n<li>Mahutab kuni 6 inimest<\/li>\n<\/ul>\n","protected":false},"excerpt":{"rendered":"<p>S\u00f6\u00f6gilaud Nate, naturaalne puit Naturaalse puidu s\u00f6\u00f6gilaud Nate \u00fchendab endas t\u00f6\u00f6stusliku v\u00e4limuse ning toore ja loomuliku tunde. See pakub kaasaegset v\u00e4limust, mis t\u00f5stab esile imelise kontrasti metsalise tamme ja pulberv\u00e4rvitud metallist jalgade vahel. Teie s\u00f6\u00f6giala saab melamiini ja puidust lauaplaadi abil traditsioonilise ja ajatu ilme. T\u00e4nu materjalide lihtsale hooldamisele vajab s\u00f6\u00f6gilaud v\u00e4hem hooldust. T\u00f6\u00f6stuslik elegants [&hellip;]<\/p>\n","protected":false},"featured_media":51404,"comment_status":"closed","ping_status":"open","template":"","meta":[],"product_brand":[],"product_cat":[93],"product_tag":[],"class_list":{"0":"post-51403","1":"product","2":"type-product","3":"status-publish","4":"has-post-thumbnail","6":"product_cat-soogilauad","7":"product_shipping_class-furnicher","8":"pa_istekohtade-arv-kuni-6","9":"pa_laua-korgus-1190","10":"pa_laua-pikkus-1192","11":"pa_materjal-puit","12":"pa_varv-naturaalne","14":"first","15":"outofstock","16":"sale","17":"taxable","18":"shipping-taxable","19":"purchasable","20":"product-type-simple"},"_links":{"self":[{"href":"https:\/\/blankpage.ee\/_ruumist-ruumi\/wp-json\/wp\/v2\/product\/51403","targetHints":{"allow":["GET"]}}],"collection":[{"href":"https:\/\/blankpage.ee\/_ruumist-ruumi\/wp-json\/wp\/v2\/product"}],"about":[{"href":"https:\/\/blankpage.ee\/_ruumist-ruumi\/wp-json\/wp\/v2\/types\/product"}],"replies":[{"embeddable":true,"href":"https:\/\/blankpage.ee\/_ruumist-ruumi\/wp-json\/wp\/v2\/comments?post=51403"}],"wp:featuredmedia":[{"embeddable":true,"href":"https:\/\/blankpage.ee\/_ruumist-ruumi\/wp-json\/wp\/v2\/media\/51404"}],"wp:attachment":[{"href":"https:\/\/blankpage.ee\/_ruumist-ruumi\/wp-json\/wp\/v2\/media?parent=51403"}],"wp:term":[{"taxonomy":"product_brand","embeddable":true,"href":"https:\/\/blankpage.ee\/_ruumist-ruumi\/wp-json\/wp\/v2\/product_brand?post=51403"},{"taxonomy":"product_cat","embeddable":true,"href":"https:\/\/blankpage.ee\/_ruumist-ruumi\/wp-json\/wp\/v2\/product_cat?post=51403"},{"taxonomy":"product_tag","embeddable":true,"href":"https:\/\/blankpage.ee\/_ruumist-ruumi\/wp-json\/wp\/v2\/product_tag?post=51403"}],"curies":[{"name":"wp","href":"https:\/\/api.w.org\/{rel}","templated":true}]}}