{"id":51407,"date":"2024-12-18T11:15:38","date_gmt":"2024-12-18T11:15:38","guid":{"rendered":"https:\/\/ruumistruumi.ee\/pood\/soogilaud-noia-olitatud-tamm-ja-metallist-o140-cm\/"},"modified":"2025-08-20T21:47:47","modified_gmt":"2025-08-20T21:47:47","slug":"soogilaud-noia-olitatud-tamm-ja-metallist-o140-cm","status":"publish","type":"product","link":"https:\/\/blankpage.ee\/_ruumist-ruumi\/pood\/soogilaud-noia-olitatud-tamm-ja-metallist-o140-cm\/","title":{"rendered":"S\u00f6\u00f6gilaud Noia, \u00f5litatud tamm ja metallist (\u00d8140 cm)"},"content":{"rendered":"<h2>S\u00f6\u00f6gilaud Noia, \u00f5litatud tamm<\/h2>\n<p>S\u00f6\u00f6gilaud Noia, \u00f5litatud tamm, on ideaalne t\u00e4iendus teie koju meeldivateks \u00f5htuteks pere ja s\u00f5pradega. Kombineerides kvaliteedi ja stiilse disaini, pakub see laud nii funktsionaalsust kui ka esteetilist veetlust.<\/p>\n<h4>Ideaalne v\u00e4iksematele ruumidele<\/h4>\n<p>See s\u00f6\u00f6gilaud on ideaalne neile, kes hindavad kvaliteeti ja vastupidavust. \u00d5litatud tamme viimistlus ja metallist alus annavad lauale kaasaegse ilme, tehes sellest t\u00e4iusliku valiku v\u00e4iksematesse ruumidesse. Selle kompaktne disain tagab, et see ei h\u00f5iva liiga palju ruumi, pakkudes samal ajal piisavalt ruumi kuni neljale inimesele.<\/p>\n<h4>Esmaklassiline v\u00e4limus ja disain<\/h4>\n<p>Elegantsete ja \u00fcmarate jalgadega s\u00f6\u00f6gilaud Noia pakub kaasaegset ja viimistletud v\u00e4limust. Kvaliteetsed materjalid tagavad, et tegu on vastupidava ja ajatu m\u00f6\u00f6bliesemega, luues suurep\u00e4rase koha pere ja s\u00f5pradega aja veetmiseks.<\/p>\n<h4>Omadused<\/h4>\n<ul>\n<li>\u00d5litatud tamme viimistlus loomuliku v\u00e4ljan\u00e4gemise jaoks<\/li>\n<li>Stabiilne metallist alus mustade jalgadega<\/li>\n<li>Mahutab kuni neli inimest<\/li>\n<li>Kompaktne, \u00fcmar kuju ideaalne v\u00e4iksematele ruumidele<\/li>\n<li>Vastupidav ja stiilne disain<\/li>\n<li>Lihtne kokku panna (pakkide kujul)<\/li>\n<\/ul>\n","protected":false},"excerpt":{"rendered":"<p>S\u00f6\u00f6gilaud Noia, \u00f5litatud tamm S\u00f6\u00f6gilaud Noia, \u00f5litatud tamm, on ideaalne t\u00e4iendus teie koju meeldivateks \u00f5htuteks pere ja s\u00f5pradega. Kombineerides kvaliteedi ja stiilse disaini, pakub see laud nii funktsionaalsust kui ka esteetilist veetlust. Ideaalne v\u00e4iksematele ruumidele See s\u00f6\u00f6gilaud on ideaalne neile, kes hindavad kvaliteeti ja vastupidavust. \u00d5litatud tamme viimistlus ja metallist alus annavad lauale kaasaegse ilme, [&hellip;]<\/p>\n","protected":false},"featured_media":51408,"comment_status":"closed","ping_status":"open","template":"","meta":[],"product_brand":[],"product_cat":[93],"product_tag":[],"class_list":{"0":"post-51407","1":"product","2":"type-product","3":"status-publish","4":"has-post-thumbnail","6":"product_cat-soogilauad","7":"product_shipping_class-furnicher","8":"pa_istekohtade-arv-kuni-6","9":"pa_kollektsioon-noia","10":"pa_laua-korgus-1190","11":"pa_laua-pikkus-1206","12":"pa_materjal-puit","13":"pa_varv-naturaalne","15":"first","16":"outofstock","17":"sale","18":"taxable","19":"shipping-taxable","20":"purchasable","21":"product-type-simple"},"_links":{"self":[{"href":"https:\/\/blankpage.ee\/_ruumist-ruumi\/wp-json\/wp\/v2\/product\/51407","targetHints":{"allow":["GET"]}}],"collection":[{"href":"https:\/\/blankpage.ee\/_ruumist-ruumi\/wp-json\/wp\/v2\/product"}],"about":[{"href":"https:\/\/blankpage.ee\/_ruumist-ruumi\/wp-json\/wp\/v2\/types\/product"}],"replies":[{"embeddable":true,"href":"https:\/\/blankpage.ee\/_ruumist-ruumi\/wp-json\/wp\/v2\/comments?post=51407"}],"wp:featuredmedia":[{"embeddable":true,"href":"https:\/\/blankpage.ee\/_ruumist-ruumi\/wp-json\/wp\/v2\/media\/51408"}],"wp:attachment":[{"href":"https:\/\/blankpage.ee\/_ruumist-ruumi\/wp-json\/wp\/v2\/media?parent=51407"}],"wp:term":[{"taxonomy":"product_brand","embeddable":true,"href":"https:\/\/blankpage.ee\/_ruumist-ruumi\/wp-json\/wp\/v2\/product_brand?post=51407"},{"taxonomy":"product_cat","embeddable":true,"href":"https:\/\/blankpage.ee\/_ruumist-ruumi\/wp-json\/wp\/v2\/product_cat?post=51407"},{"taxonomy":"product_tag","embeddable":true,"href":"https:\/\/blankpage.ee\/_ruumist-ruumi\/wp-json\/wp\/v2\/product_tag?post=51407"}],"curies":[{"name":"wp","href":"https:\/\/api.w.org\/{rel}","templated":true}]}}